{"id":779,"date":"2020-08-06T12:02:48","date_gmt":"2020-08-06T12:02:48","guid":{"rendered":"http:\/\/schuleammorungenweg.de\/?page_id=779"},"modified":"2020-12-17T09:12:58","modified_gmt":"2020-12-17T09:12:58","slug":"impressum","status":"publish","type":"page","link":"https:\/\/schuleammorungenweg.de\/?page_id=779","title":{"rendered":"Impressum"},"content":{"rendered":"<p style=\"font-weight: 400;\"><span style=\"font-family: arial, helvetica, sans-serif;\"><strong>Impressum<\/strong><\/span><\/p>\n<p style=\"font-weight: 400;\"><span style=\"font-family: arial, helvetica, sans-serif;\"><strong>Angaben gem\u00e4\u00df \u00a7 5 Telemediengesetz (TMG)<\/strong><\/span><\/p>\n<p style=\"font-weight: 400;\"><span style=\"font-family: arial, helvetica, sans-serif;\"><strong>Diensteanbieter<\/strong><\/span><\/p>\n<p style=\"font-weight: 400;\"><span style=\"font-family: arial, helvetica, sans-serif;\">Schule am Morungenweg<br \/>\n<\/span><span style=\"font-family: arial, helvetica, sans-serif;\">vertreten durch<br \/>\n<\/span><span style=\"font-family: arial, helvetica, sans-serif;\">Bianca Zeyen<\/span><\/p>\n<p>&nbsp;<\/p>\n<p style=\"font-weight: 400;\"><span style=\"font-family: arial, helvetica, sans-serif;\">Schule am Morungenweg<br \/>\n<\/span><span style=\"font-family: arial, helvetica, sans-serif;\">Morungenweg<br \/>\n<\/span><span style=\"font-family: arial, helvetica, sans-serif;\">45279 Essen<\/span><\/p>\n<p style=\"font-weight: 400;\"><span style=\"font-family: arial, helvetica, sans-serif;\">Telefon: 0201\/532358<br \/>\n<\/span><span style=\"font-family: arial, helvetica, sans-serif;\">E-Mail: schule-am-morungenweg.info@schule.essen.de<\/span><\/p>\n<p>&nbsp;<\/p>\n<p style=\"font-weight: 400;\"><span style=\"font-family: arial, helvetica, sans-serif;\"><strong>Datenschutzbeauftragter<\/strong><\/span><\/p>\n<p style=\"font-weight: 400;\"><span style=\"font-family: arial, helvetica, sans-serif;\">Die zust\u00e4ndigen beh\u00f6rdlichen Datenschutzbeauftragten erreichen Sie per E-Mail unter der folgenden E-Mail-Adresse:<\/span><\/p>\n<p style=\"font-weight: 400;\"><span style=\"font-family: arial, helvetica, sans-serif;\"><a href=\"mailto:martin.schulz@schule.essen.de\">thomas.free@schule.essen.de<\/a> &gt;&gt; Thomas Free in Essen<\/span><\/p>\n<p>&nbsp;<\/p>\n<p style=\"font-weight: 400;\"><span style=\"font-family: arial, helvetica, sans-serif;\"><strong>Zust\u00e4ndige Aufsichtsbeh\u00f6rde<\/strong><\/span><\/p>\n<p style=\"font-weight: 400;\"><span style=\"font-family: arial, helvetica, sans-serif;\">Sollten Betroffene annehmen, dass ihre Daten unrechtm\u00e4\u00dfig verarbeitet wurden, k\u00f6nnen sie sich auch an die Landesbeauftragte f\u00fcr Datenschutz und Informationsfreiheit NRW, Kavalleriestr. 2-4, 40213 D\u00fcsseldorf, Tel.: 0211\/38424-0, E-Mail: poststelle@ldi.nrw.de wenden.<\/span><\/p>\n<p>&nbsp;<\/p>\n<p style=\"font-weight: 400;\"><span style=\"font-family: arial, helvetica, sans-serif;\"><strong>Haftungsausschluss<\/strong><\/span><\/p>\n<p style=\"font-weight: 400;\"><span style=\"font-family: arial, helvetica, sans-serif;\">Der Diensteanbieter erstellt Informationen mit gro\u00dfer Sorgfalt. Er \u00fcbernimmt keine Gew\u00e4hr und haftet nicht f\u00fcr etwaige Sch\u00e4den materieller oder ideeller Art, soweit sie nicht nachweislich durch Vorsatz oder grobe Fahrl\u00e4ssigkeit verschuldet sind.<\/span><\/p>\n","protected":false},"excerpt":{"rendered":"<p>Impressum Angaben gem\u00e4\u00df \u00a7 5 Telemediengesetz (TMG) Diensteanbieter Schule am Morungenweg vertreten durch Bianca Zeyen &nbsp; Schule am Morungenweg Morungenweg &hellip; <\/p>\n","protected":false},"author":1,"featured_media":0,"parent":0,"menu_order":0,"comment_status":"closed","ping_status":"closed","template":"","meta":{"_mc_calendar":[]},"aioseo_notices":[],"_links":{"self":[{"href":"https:\/\/schuleammorungenweg.de\/index.php?rest_route=\/wp\/v2\/pages\/779"}],"collection":[{"href":"https:\/\/schuleammorungenweg.de\/index.php?rest_route=\/wp\/v2\/pages"}],"about":[{"href":"https:\/\/schuleammorungenweg.de\/index.php?rest_route=\/wp\/v2\/types\/page"}],"author":[{"embeddable":true,"href":"https:\/\/schuleammorungenweg.de\/index.php?rest_route=\/wp\/v2\/users\/1"}],"replies":[{"embeddable":true,"href":"https:\/\/schuleammorungenweg.de\/index.php?rest_route=%2Fwp%2Fv2%2Fcomments&post=779"}],"version-history":[{"count":5,"href":"https:\/\/schuleammorungenweg.de\/index.php?rest_route=\/wp\/v2\/pages\/779\/revisions"}],"predecessor-version":[{"id":1135,"href":"https:\/\/schuleammorungenweg.de\/index.php?rest_route=\/wp\/v2\/pages\/779\/revisions\/1135"}],"wp:attachment":[{"href":"https:\/\/schuleammorungenweg.de\/index.php?rest_route=%2Fwp%2Fv2%2Fmedia&parent=779"}],"curies":[{"name":"wp","href":"https:\/\/api.w.org\/{rel}","templated":true}]}}