{"id":61,"date":"2020-05-20T20:30:02","date_gmt":"2020-05-20T20:30:02","guid":{"rendered":"http:\/\/schuleammorungenweg.de\/?page_id=61"},"modified":"2025-07-17T12:30:30","modified_gmt":"2025-07-17T12:30:30","slug":"hausmeister","status":"publish","type":"page","link":"https:\/\/schuleammorungenweg.de\/?page_id=61","title":{"rendered":"Hausmeister"},"content":{"rendered":"<p data-start=\"171\" data-end=\"226\"><strong data-start=\"171\" data-end=\"226\">Unser Hausmeister Herr Schraps \u2013 der Alltagsheld der Grundschule<\/strong><\/p>\n<p data-start=\"228\" data-end=\"405\">An unserer Grundschule am Morungenweg gibt es jemanden, der zwar oft im Hintergrund wirkt, aber f\u00fcr den reibungslosen Ablauf im Schulalltag unverzichtbar ist: unser Hausmeister Herr Schraps!<\/p>\n<p data-start=\"407\" data-end=\"748\">Ob tropfender Wasserhahn, klemmende T\u00fcr, defektes Licht oder ein Fu\u00dfball, der mal wieder auf dem Schuldach gelandet ist \u2013 unser Hausmeister ist zur Stelle, bevor man \u00fcberhaupt merkt, dass etwas nicht funktioniert. Mit Werkzeug, Geduld und einem freundlichen Wort sorgt er daf\u00fcr, dass unsere Schule sauber, sicher und funktionst\u00fcchtig bleibt.<\/p>\n<p data-start=\"750\" data-end=\"1060\">Doch er repariert nicht nur \u2013 er begr\u00fc\u00dft morgens freundlich die Kinder, achtet auf Ordnung auf dem Schulhof und kennt jede Ecke des Schulgeb\u00e4udes wie seine Westentasche. Bei Schulveranstaltungen, Projekttagen und Festen ist er immer eine gro\u00dfe Hilfe.<\/p>\n<p data-start=\"1234\" data-end=\"1366\">\n","protected":false},"excerpt":{"rendered":"<p>Unser Hausmeister Herr Schraps \u2013 der Alltagsheld der Grundschule An unserer Grundschule am Morungenweg gibt es jemanden, der zwar oft &hellip; <\/p>\n","protected":false},"author":1,"featured_media":0,"parent":0,"menu_order":0,"comment_status":"closed","ping_status":"closed","template":"","meta":{"_mc_calendar":[]},"aioseo_notices":[],"_links":{"self":[{"href":"https:\/\/schuleammorungenweg.de\/index.php?rest_route=\/wp\/v2\/pages\/61"}],"collection":[{"href":"https:\/\/schuleammorungenweg.de\/index.php?rest_route=\/wp\/v2\/pages"}],"about":[{"href":"https:\/\/schuleammorungenweg.de\/index.php?rest_route=\/wp\/v2\/types\/page"}],"author":[{"embeddable":true,"href":"https:\/\/schuleammorungenweg.de\/index.php?rest_route=\/wp\/v2\/users\/1"}],"replies":[{"embeddable":true,"href":"https:\/\/schuleammorungenweg.de\/index.php?rest_route=%2Fwp%2Fv2%2Fcomments&post=61"}],"version-history":[{"count":11,"href":"https:\/\/schuleammorungenweg.de\/index.php?rest_route=\/wp\/v2\/pages\/61\/revisions"}],"predecessor-version":[{"id":2104,"href":"https:\/\/schuleammorungenweg.de\/index.php?rest_route=\/wp\/v2\/pages\/61\/revisions\/2104"}],"wp:attachment":[{"href":"https:\/\/schuleammorungenweg.de\/index.php?rest_route=%2Fwp%2Fv2%2Fmedia&parent=61"}],"curies":[{"name":"wp","href":"https:\/\/api.w.org\/{rel}","templated":true}]}}