{"id":573,"date":"2020-06-18T13:29:58","date_gmt":"2020-06-18T13:29:58","guid":{"rendered":"http:\/\/schuleammorungenweg.de\/?page_id=573"},"modified":"2026-01-28T20:12:31","modified_gmt":"2026-01-28T20:12:31","slug":"elternmithilfe","status":"publish","type":"page","link":"https:\/\/schuleammorungenweg.de\/?page_id=573","title":{"rendered":"Elternmithilfe"},"content":{"rendered":"<p><strong>Aktuelle Schulpflegschaftsvorsitzende (Sj. 2025\/26):<\/strong><\/p>\n<p><strong>Schulpflegschaftsvorsitzender: Herr Omar (2d)\u00a0\u00a0\u00a0\u00a0 stellv. Schulpflegschaftsvorsitzende: Frau Garbe (4d)<\/strong><\/p>\n<p><span style=\"color: #008000; font-size: 18pt;\"><strong><span style=\"font-family: arial,helvetica,sans-serif;\">Hand in Hand<\/span><\/strong><\/span><\/p>\n<p style=\"text-align: justify;\"><span style=\"font-family: arial,helvetica,sans-serif;\">Die Mitarbeit der Eltern ist in verschiedenen Gremien m\u00f6glich. Zum einen bilden die Klassenpflegschaftsvorsitzenden und ihre Stellvertreter die Schulpflegschaft. In regelm\u00e4\u00dfigen Abst\u00e4nden kommen ihre Mitglieder zusammen, um gemeinsam organisatorische Angelegenheiten zu besprechen, wie z. B. Ausrichten eines Schulfestes, Martinszug etc.<\/span><\/p>\n<p style=\"text-align: justify;\"><span style=\"font-family: arial,helvetica,sans-serif;\">Aber nicht nur die Organisation anstehender Projekte, sondern auch Diskussion und Austausch \u00fcber p\u00e4dagogische Themen sind Punkte, die behandelt werden, wie z. B. das Erziehungskonzept der Schule, F\u00f6rderunterricht, Lernzeiten, etc. Die Schulpflegschaft steht in enger Zusammenarbeit mit der Schulleitung, die auch an den Schulpflegschaftssitzungen teilnimmt.<\/span><\/p>\n<p style=\"text-align: justify;\"><span style=\"font-family: arial,helvetica,sans-serif;\">Als wichtigstes Organ im Rahmen der Schulmitwirkung ist die Schulkonferenz zu nennen, die sich zu gleichen Teilen aus Eltern und Lehrern zusammensetzt. Sie findet in der Regel zweimal im Schuljahr statt und genehmigt verschiedene Vorg\u00e4nge, wie Festlegung der beweglichen Ferientage, Anschaffung ben\u00f6tigter Lehr- und Lernmittel oder neuer Lekt\u00fcre f\u00fcr den Sprachunterricht.<\/span><\/p>\n<p style=\"text-align: justify;\"><span style=\"font-family: arial,helvetica,sans-serif;\">Abgesehen von diesen beiden M\u00f6glichkeiten f\u00fcr die Eltern sich einzubringen, seien nun Aktivit\u00e4ten genannt, bei denen nicht nur der relativ kleine Kreis der Schulpflegschaftsmitglieder angesprochen ist, sondern alle interessierten Eltern unserer Schule.<\/span><\/p>\n<ul style=\"text-align: justify; list-style-type: square;\">\n<li><span style=\"font-family: arial,helvetica,sans-serif;\">Pflege des Schulgartens<\/span><\/li>\n<li><span style=\"font-family: arial,helvetica,sans-serif;\">Betreuung der B\u00fccherei<\/span><\/li>\n<li><span style=\"font-family: arial,helvetica,sans-serif;\">Begleitung auf Klassenausfl\u00fcgen<\/span><\/li>\n<li><span style=\"font-family: arial,helvetica,sans-serif;\">Mithilfe bei der Versch\u00f6nerung unserer Schule (Renovierung von Klassenr\u00e4umen, Schulhofgestaltung etc.)<\/span><\/li>\n<li><span style=\"font-family: arial,helvetica,sans-serif;\">Mithilfe bei Weihnachtsfeiern, Abschlussfeiern<\/span><\/li>\n<li><span style=\"font-family: arial,helvetica,sans-serif;\">Organisation des Martinszuges (Gestaltung des Gottesdienstes, Ordnert\u00e4tigkeit w\u00e4hrend des Zuges, Brandwache etc.)<\/span><\/li>\n<li><span style=\"font-family: arial,helvetica,sans-serif;\">Mitarbeit bei Sportfesten<\/span><\/li>\n<li><span style=\"font-family: arial,helvetica,sans-serif;\">Mitarbeit beim Mobilit\u00e4tstraining und der Rahfahr\u00fcberpr\u00fcfung<\/span><\/li>\n<li><span style=\"font-family: arial,helvetica,sans-serif;\">Gezielte Hilfe bei Bastelarbeiten, Backvorhaben in einer einzelnen Klasse<\/span><\/li>\n<li><span style=\"font-family: arial,helvetica,sans-serif;\">Betreuung von kleinen Lesegruppen <\/span><\/li>\n<\/ul>\n<p><span style=\"font-family: arial,helvetica,sans-serif;\">Die intensive und konstruktive Zusammenarbeit zwischen Eltern, Schulleitung und Kollegium ist mit Sicherheit ein wesentlicher Beitrag zur Entwicklung eines intakten Schullebens, von dem alle Beteiligten, besonders aber die Kinder profitieren.<\/span><\/p>\n<p><img loading=\"lazy\" class=\"alignnone wp-image-2202 size-full\" src=\"https:\/\/schuleammorungenweg.de\/wp-content\/uploads\/2026\/01\/1-scaled.jpg\" alt=\"\" width=\"1811\" height=\"2560\" srcset=\"https:\/\/schuleammorungenweg.de\/wp-content\/uploads\/2026\/01\/1-scaled.jpg 1811w, https:\/\/schuleammorungenweg.de\/wp-content\/uploads\/2026\/01\/1-212x300.jpg 212w, https:\/\/schuleammorungenweg.de\/wp-content\/uploads\/2026\/01\/1-724x1024.jpg 724w, https:\/\/schuleammorungenweg.de\/wp-content\/uploads\/2026\/01\/1-768x1086.jpg 768w, https:\/\/schuleammorungenweg.de\/wp-content\/uploads\/2026\/01\/1-1086x1536.jpg 1086w, https:\/\/schuleammorungenweg.de\/wp-content\/uploads\/2026\/01\/1-1448x2048.jpg 1448w\" sizes=\"(max-width: 1811px) 100vw, 1811px\" \/><\/p>\n","protected":false},"excerpt":{"rendered":"<p>Aktuelle Schulpflegschaftsvorsitzende (Sj. 2025\/26): Schulpflegschaftsvorsitzender: Herr Omar (2d)\u00a0\u00a0\u00a0\u00a0 stellv. Schulpflegschaftsvorsitzende: Frau Garbe (4d) Hand in Hand Die Mitarbeit der Eltern &hellip; <\/p>\n","protected":false},"author":1,"featured_media":0,"parent":0,"menu_order":0,"comment_status":"closed","ping_status":"closed","template":"","meta":{"_mc_calendar":[]},"aioseo_notices":[],"_links":{"self":[{"href":"https:\/\/schuleammorungenweg.de\/index.php?rest_route=\/wp\/v2\/pages\/573"}],"collection":[{"href":"https:\/\/schuleammorungenweg.de\/index.php?rest_route=\/wp\/v2\/pages"}],"about":[{"href":"https:\/\/schuleammorungenweg.de\/index.php?rest_route=\/wp\/v2\/types\/page"}],"author":[{"embeddable":true,"href":"https:\/\/schuleammorungenweg.de\/index.php?rest_route=\/wp\/v2\/users\/1"}],"replies":[{"embeddable":true,"href":"https:\/\/schuleammorungenweg.de\/index.php?rest_route=%2Fwp%2Fv2%2Fcomments&post=573"}],"version-history":[{"count":8,"href":"https:\/\/schuleammorungenweg.de\/index.php?rest_route=\/wp\/v2\/pages\/573\/revisions"}],"predecessor-version":[{"id":2204,"href":"https:\/\/schuleammorungenweg.de\/index.php?rest_route=\/wp\/v2\/pages\/573\/revisions\/2204"}],"wp:attachment":[{"href":"https:\/\/schuleammorungenweg.de\/index.php?rest_route=%2Fwp%2Fv2%2Fmedia&parent=573"}],"curies":[{"name":"wp","href":"https:\/\/api.w.org\/{rel}","templated":true}]}}