{"id":56,"date":"2020-05-20T20:30:02","date_gmt":"2020-05-20T20:30:02","guid":{"rendered":"http:\/\/schuleammorungenweg.de\/?page_id=56"},"modified":"2026-01-09T12:49:44","modified_gmt":"2026-01-09T12:49:44","slug":"foerderverein","status":"publish","type":"page","link":"https:\/\/schuleammorungenweg.de\/?page_id=56","title":{"rendered":"F\u00f6rderverein"},"content":{"rendered":"<p style=\"text-align: justify;\"><span style=\"font-family: arial,helvetica,sans-serif;\">Der F\u00f6rderverein der Grundschule am Morungenweg wurde im Jahr 2000 gegr\u00fcndet, um die Schule und deren Sch\u00fcler und Sch\u00fclerinnen zu unterst\u00fctzen und damit einen Beitrag zu leisten, die Chancen der Kinder an unserer Schule zu verbessern.<\/span><\/p>\n<p style=\"text-align: justify;\"><span style=\"font-family: arial,helvetica,sans-serif;\">Der Verein m\u00f6chte insbesondere dazu beitragen, \u00fcber die eingeschr\u00e4nkten \u00f6ffentlichen Mittel hinaus, die Ausstattung der Schule sowohl f\u00fcr den Unterricht als auch f\u00fcr eine verbesserte Pausengestaltung zu f\u00f6rdern.<\/span><\/p>\n<p style=\"text-align: justify;\"><strong><span style=\"color: #008000; font-family: arial,helvetica,sans-serif;\">Was macht der Verein konkret?<\/span><\/strong><\/p>\n<ul style=\"text-align: justify; list-style-type: square;\">\n<li><span style=\"font-family: arial,helvetica,sans-serif;\">Mitgestaltung schulischer Veranstaltungen<\/span><\/li>\n<li><span style=\"font-family: arial,helvetica,sans-serif;\">Finanzierung kultureller und bildungsf\u00f6rdernder Veranstaltungen<\/span><\/li>\n<li><span style=\"font-family: arial,helvetica,sans-serif;\">Materialien f\u00fcr Projektwochen beschaffen<\/span><\/li>\n<li><span style=\"font-family: arial,helvetica,sans-serif;\">Anschaffung von B\u00fcchern f\u00fcr die Schulb\u00fccherei<\/span><\/li>\n<li><span style=\"font-family: arial,helvetica,sans-serif;\">Anschaffung von Klassens\u00e4tzen Leseb\u00fcchern<\/span><\/li>\n<li><span style=\"font-family: arial,helvetica,sans-serif;\">Anschaffung von Pausenspielzeug f\u00fcr alle Klassen<\/span><\/li>\n<li><span style=\"font-family: arial,helvetica,sans-serif;\">Finanzierung von Spielger\u00e4ten<\/span><\/li>\n<li><span style=\"font-family: arial,helvetica,sans-serif;\">Materialien f\u00fcr den Schulgarten<\/span><\/li>\n<li><span style=\"font-family: arial,helvetica,sans-serif;\">Nikolaus-Euro pro Kind (pro Klasse einen Stutenmann zum Nikolaustag)<\/span><\/li>\n<li>\u2026 <span style=\"font-family: arial,helvetica,sans-serif;\"><b>und vieles mehr<\/b><\/span><\/li>\n<\/ul>\n<p style=\"text-align: justify;\"><span style=\"font-family: arial,helvetica,sans-serif;\">Jeder kann dem F\u00f6rderverein beitreten. Es finden pro Jahr 1 &#8211; 2 Mitghliederversammlungen statt.<\/span><\/p>\n<p style=\"text-align: justify;\"><span style=\"font-family: arial,helvetica,sans-serif;\">Der monatliche Mindestbeitrag betr\u00e4gt 1,00 \u20ac. Es k\u00f6nnen auch Einzelspenden abgegeben werden.<br \/>\n<\/span><\/p>\n<p style=\"text-align: justify;\"><span style=\"font-family: arial,helvetica,sans-serif;\">Anmeldeformulare k\u00f6nnen im Sekretariat<\/span><span style=\"font-family: arial,helvetica,sans-serif;\"> auch bei den KlassenlehrerInnen erfragt und dort auch zur\u00fcckgegeben werden.<br \/>\n<\/span><\/p>\n<p><strong>Vorsitzende:\u00a0 Frau Tamara Assenheimer\u00a0\u00a0\u00a0\u00a0\u00a0\u00a0\u00a0\u00a0\u00a0\u00a0\u00a0\u00a0\u00a0\u00a0\u00a0<\/strong><\/p>\n<p><strong> stellv. Voritzende:\u00a0 Frau Bianca Zeyen \u00a0 \u00a0 \u00a0 \u00a0\u00a0 \u00a0 \u00a0 <\/strong><\/p>\n<p><strong>Kassenwartin: Frau Marlene Semmerling\u00a0<\/strong><\/p>\n<p style=\"text-align: justify;\">\n","protected":false},"excerpt":{"rendered":"<p>Der F\u00f6rderverein der Grundschule am Morungenweg wurde im Jahr 2000 gegr\u00fcndet, um die Schule und deren Sch\u00fcler und Sch\u00fclerinnen zu &hellip; <\/p>\n","protected":false},"author":1,"featured_media":0,"parent":0,"menu_order":0,"comment_status":"closed","ping_status":"closed","template":"","meta":{"_mc_calendar":[]},"aioseo_notices":[],"_links":{"self":[{"href":"https:\/\/schuleammorungenweg.de\/index.php?rest_route=\/wp\/v2\/pages\/56"}],"collection":[{"href":"https:\/\/schuleammorungenweg.de\/index.php?rest_route=\/wp\/v2\/pages"}],"about":[{"href":"https:\/\/schuleammorungenweg.de\/index.php?rest_route=\/wp\/v2\/types\/page"}],"author":[{"embeddable":true,"href":"https:\/\/schuleammorungenweg.de\/index.php?rest_route=\/wp\/v2\/users\/1"}],"replies":[{"embeddable":true,"href":"https:\/\/schuleammorungenweg.de\/index.php?rest_route=%2Fwp%2Fv2%2Fcomments&post=56"}],"version-history":[{"count":7,"href":"https:\/\/schuleammorungenweg.de\/index.php?rest_route=\/wp\/v2\/pages\/56\/revisions"}],"predecessor-version":[{"id":2188,"href":"https:\/\/schuleammorungenweg.de\/index.php?rest_route=\/wp\/v2\/pages\/56\/revisions\/2188"}],"wp:attachment":[{"href":"https:\/\/schuleammorungenweg.de\/index.php?rest_route=%2Fwp%2Fv2%2Fmedia&parent=56"}],"curies":[{"name":"wp","href":"https:\/\/api.w.org\/{rel}","templated":true}]}}