{"id":460,"date":"2020-06-16T11:05:54","date_gmt":"2020-06-16T11:05:54","guid":{"rendered":"http:\/\/schuleammorungenweg.de\/?page_id=460"},"modified":"2023-11-23T11:57:39","modified_gmt":"2023-11-23T11:57:39","slug":"unser-standort","status":"publish","type":"page","link":"https:\/\/schuleammorungenweg.de\/?page_id=460","title":{"rendered":"Unser Standort"},"content":{"rendered":"<p style=\"text-align: justify;\"><span style=\"font-family: arial,helvetica,sans-serif;\">Die Grundschule am Morungenweg ist eine Gemeinschaftsgrundschule im Stadtteil Essen-Steele-Freisenbruch. <\/span><span style=\"font-family: arial,helvetica,sans-serif;\">Freisenbruch liegt im Osten der Stadt Essen, im Gr\u00fcng\u00fcrtel nahe der Ruhr. <\/span><span style=\"font-family: arial,helvetica,sans-serif;\">In unserem Stadtteil sind viele Stra\u00dfen nach bedeutenden deutschen Minnes\u00e4ngern benannt: von-der-Vogelweide-Str., Minnes\u00e4ngerstr., Spervogelweg, &#8230;<\/span><br \/>\n<span style=\"font-family: arial,helvetica,sans-serif;\">Unsere Schule liegt am Morungenweg.<\/span><\/p>\n<p style=\"text-align: justify;\"><span style=\"font-family: arial,helvetica,sans-serif;\">Die Schule ist benannt nach dem Minnes\u00e4nger <strong>Heinrich von Morungen<\/strong>, der ein mittelhochdeutscher Dichter vom Ende des 12. Jahrhunderts bis Anfang des 13. Jahrhunderts war. <\/span><span style=\"font-family: arial,helvetica,sans-serif;\">Er war einer der bedeutendsten Lyriker des Mittelalters und gilt als der eigentliche Repr\u00e4sentant des Minnegesangs.<\/span><\/p>\n<p><img loading=\"lazy\" class=\"alignnone wp-image-608 size-full\" src=\"https:\/\/schuleammorungenweg.de\/wp-content\/uploads\/2020\/06\/standortkarte.png\" alt=\"\" width=\"500\" height=\"500\" srcset=\"https:\/\/schuleammorungenweg.de\/wp-content\/uploads\/2020\/06\/standortkarte.png 500w, https:\/\/schuleammorungenweg.de\/wp-content\/uploads\/2020\/06\/standortkarte-300x300.png 300w, https:\/\/schuleammorungenweg.de\/wp-content\/uploads\/2020\/06\/standortkarte-150x150.png 150w, https:\/\/schuleammorungenweg.de\/wp-content\/uploads\/2020\/06\/standortkarte-70x70.png 70w, https:\/\/schuleammorungenweg.de\/wp-content\/uploads\/2020\/06\/standortkarte-246x246.png 246w, https:\/\/schuleammorungenweg.de\/wp-content\/uploads\/2020\/06\/standortkarte-276x276.png 276w, https:\/\/schuleammorungenweg.de\/wp-content\/uploads\/2020\/06\/standortkarte-125x125.png 125w\" sizes=\"(max-width: 500px) 100vw, 500px\" \/><\/p>\n","protected":false},"excerpt":{"rendered":"<p>Die Grundschule am Morungenweg ist eine Gemeinschaftsgrundschule im Stadtteil Essen-Steele-Freisenbruch. Freisenbruch liegt im Osten der Stadt Essen, im Gr\u00fcng\u00fcrtel nahe &hellip; <\/p>\n","protected":false},"author":1,"featured_media":0,"parent":0,"menu_order":0,"comment_status":"closed","ping_status":"closed","template":"","meta":{"_mc_calendar":[]},"aioseo_notices":[],"_links":{"self":[{"href":"https:\/\/schuleammorungenweg.de\/index.php?rest_route=\/wp\/v2\/pages\/460"}],"collection":[{"href":"https:\/\/schuleammorungenweg.de\/index.php?rest_route=\/wp\/v2\/pages"}],"about":[{"href":"https:\/\/schuleammorungenweg.de\/index.php?rest_route=\/wp\/v2\/types\/page"}],"author":[{"embeddable":true,"href":"https:\/\/schuleammorungenweg.de\/index.php?rest_route=\/wp\/v2\/users\/1"}],"replies":[{"embeddable":true,"href":"https:\/\/schuleammorungenweg.de\/index.php?rest_route=%2Fwp%2Fv2%2Fcomments&post=460"}],"version-history":[{"count":10,"href":"https:\/\/schuleammorungenweg.de\/index.php?rest_route=\/wp\/v2\/pages\/460\/revisions"}],"predecessor-version":[{"id":1805,"href":"https:\/\/schuleammorungenweg.de\/index.php?rest_route=\/wp\/v2\/pages\/460\/revisions\/1805"}],"wp:attachment":[{"href":"https:\/\/schuleammorungenweg.de\/index.php?rest_route=%2Fwp%2Fv2%2Fmedia&parent=460"}],"curies":[{"name":"wp","href":"https:\/\/api.w.org\/{rel}","templated":true}]}}