{"id":342,"date":"2020-05-26T10:45:10","date_gmt":"2020-05-26T10:45:10","guid":{"rendered":"http:\/\/schuleammorungenweg.de\/?page_id=342"},"modified":"2023-11-21T14:48:10","modified_gmt":"2023-11-21T14:48:10","slug":"patenklasse","status":"publish","type":"page","link":"https:\/\/schuleammorungenweg.de\/?page_id=342","title":{"rendered":"Patenklassen"},"content":{"rendered":"<table style=\"border-collapse: collapse; width: 74.6935%; height: 380px;\">\n<tbody>\n<tr>\n<td style=\"width: 100%; text-align: left;\"><span style=\"font-family: arial, helvetica, sans-serif;\"><strong>Gro\u00dfe helfen Kleinen<\/strong><\/span><\/td>\n<\/tr>\n<tr>\n<td style=\"width: 100%;\">\n<p style=\"text-align: left;\"><span style=\"font-family: arial, helvetica, sans-serif;\">Jedes Schuljahr \u00fcbernehmen alle Kinder aus den 3. Schuljahren eine Patenschaft f\u00fcr die neuen Erstkl\u00e4ssler.<\/span><\/p>\n<p style=\"text-align: left;\"><span style=\"font-family: arial, helvetica, sans-serif;\">Die Paten stellen sich noch vor der Einschulung mit einem selbstgestalteten Patenbrief ihren &#8222;Sch\u00fctzlingen&#8220; vor.<\/span><\/p>\n<p style=\"text-align: left;\"><span style=\"font-family: arial, helvetica, sans-serif;\">Am Tag der Einschulung lernen sie sich dann pers\u00f6nlich kennen und die &#8222;Gro\u00dfen&#8220; bringen die &#8222;Kleinen&#8220; in ihren neuen Klassenraum.<\/span><\/p>\n<p style=\"text-align: left;\"><span style=\"font-family: arial, helvetica, sans-serif;\">In den darauf folgenden Schulwochen helfen die Paten das Schulgeb\u00e4ude und vor allem das Schulleben besser kennenzulernen.<\/span><\/p>\n<p style=\"text-align: left;\"><span style=\"font-family: arial, helvetica, sans-serif;\">So begleiten die Drittkl\u00e4ssler ihre Patenkinder in den ersten Wochen in die Pause, spielen zusammen, zeigen ihnen die verschiedenen Schulhofbereiche, die Toiletten und bringen sie auch sicher zur\u00fcck zum Klassenraum.<\/span><\/p>\n<\/td>\n<\/tr>\n<\/tbody>\n<\/table>\n<p>&nbsp;<\/p>\n<p style=\"text-align: left;\"><span style=\"font-family: arial, helvetica, sans-serif;\"><strong>Unsere Patenklassen in der \u00dcbersicht<\/strong><\/span><\/p>\n<table style=\"border-collapse: collapse; width: 74.4129%; height: 216px;\">\n<tbody>\n<tr>\n<td style=\"width: 50%;\"><span style=\"font-family: arial, helvetica, sans-serif;\">Klasse 1a<\/span><\/td>\n<td style=\"width: 73.9812%;\"><span style=\"font-family: arial, helvetica, sans-serif;\">Klasse 3a<\/span><\/td>\n<\/tr>\n<tr>\n<td style=\"width: 50%;\"><span style=\"font-family: arial, helvetica, sans-serif;\">Klasse 1b<\/span><\/td>\n<td style=\"width: 73.9812%;\"><span style=\"font-family: arial, helvetica, sans-serif;\">Klasse 3b<\/span><\/td>\n<\/tr>\n<tr>\n<td style=\"width: 50%;\"><span style=\"font-family: arial, helvetica, sans-serif;\">Klasse 1c <\/span><\/td>\n<td style=\"width: 73.9812%;\"><span style=\"font-family: arial, helvetica, sans-serif;\">Klasse 3c<\/span><\/td>\n<\/tr>\n<tr>\n<td style=\"width: 50%;\"><span style=\"font-family: arial, helvetica, sans-serif;\">Klasse 1d<\/span><\/td>\n<td style=\"width: 73.9812%;\"><span style=\"font-family: arial, helvetica, sans-serif;\"> Klasse 3d<br \/>\n<\/span><\/td>\n<\/tr>\n<tr>\n<td style=\"width: 50%;\"><span style=\"font-family: arial, helvetica, sans-serif;\">Klasse 2a<\/span><\/td>\n<td style=\"width: 73.9812%;\"><span style=\"font-family: arial, helvetica, sans-serif;\"> Klasse 4a<\/span><\/td>\n<\/tr>\n<tr>\n<td style=\"width: 50%;\"><span style=\"font-family: arial, helvetica, sans-serif;\">Klasse 2b<\/span><\/td>\n<td style=\"width: 73.9812%;\"><span style=\"font-family: arial, helvetica, sans-serif;\">Klasse 4b<\/span><\/td>\n<\/tr>\n<tr>\n<td style=\"width: 50%;\"><span style=\"font-family: arial, helvetica, sans-serif;\">Klasse 2c<\/span><\/td>\n<td style=\"width: 73.9812%;\"><span style=\"font-family: arial, helvetica, sans-serif;\">Klasse 4c<\/span><\/td>\n<\/tr>\n<tr>\n<td style=\"width: 50%;\"><span style=\"font-family: arial, helvetica, sans-serif;\">Klasse 2d<\/span><\/td>\n<td style=\"width: 73.9812%;\"><span style=\"font-family: arial, helvetica, sans-serif;\">Klasse 4d<br \/>\n<\/span><\/td>\n<\/tr>\n<\/tbody>\n<\/table>\n<p>&nbsp;<\/p>\n<p>&nbsp;<\/p>\n<p>&nbsp;<\/p>\n","protected":false},"excerpt":{"rendered":"<p>Gro\u00dfe helfen Kleinen Jedes Schuljahr \u00fcbernehmen alle Kinder aus den 3. Schuljahren eine Patenschaft f\u00fcr die neuen Erstkl\u00e4ssler. Die Paten &hellip; <\/p>\n","protected":false},"author":1,"featured_media":0,"parent":0,"menu_order":0,"comment_status":"closed","ping_status":"closed","template":"","meta":{"_mc_calendar":[]},"aioseo_notices":[],"_links":{"self":[{"href":"https:\/\/schuleammorungenweg.de\/index.php?rest_route=\/wp\/v2\/pages\/342"}],"collection":[{"href":"https:\/\/schuleammorungenweg.de\/index.php?rest_route=\/wp\/v2\/pages"}],"about":[{"href":"https:\/\/schuleammorungenweg.de\/index.php?rest_route=\/wp\/v2\/types\/page"}],"author":[{"embeddable":true,"href":"https:\/\/schuleammorungenweg.de\/index.php?rest_route=\/wp\/v2\/users\/1"}],"replies":[{"embeddable":true,"href":"https:\/\/schuleammorungenweg.de\/index.php?rest_route=%2Fwp%2Fv2%2Fcomments&post=342"}],"version-history":[{"count":8,"href":"https:\/\/schuleammorungenweg.de\/index.php?rest_route=\/wp\/v2\/pages\/342\/revisions"}],"predecessor-version":[{"id":1776,"href":"https:\/\/schuleammorungenweg.de\/index.php?rest_route=\/wp\/v2\/pages\/342\/revisions\/1776"}],"wp:attachment":[{"href":"https:\/\/schuleammorungenweg.de\/index.php?rest_route=%2Fwp%2Fv2%2Fmedia&parent=342"}],"curies":[{"name":"wp","href":"https:\/\/api.w.org\/{rel}","templated":true}]}}