{"id":315,"date":"2020-05-26T10:40:55","date_gmt":"2020-05-26T10:40:55","guid":{"rendered":"http:\/\/schuleammorungenweg.de\/?page_id=315"},"modified":"2021-02-09T08:55:57","modified_gmt":"2021-02-09T08:55:57","slug":"regel-des-monats","status":"publish","type":"page","link":"https:\/\/schuleammorungenweg.de\/?page_id=315","title":{"rendered":"Schulregeln"},"content":{"rendered":"<p><span style=\"font-size: 16px;\">Unsere Schule ist ein Ort, an dem Kinder und Erwachsene t\u00e4glich viele Stunden gemeinsam verbringen. Damit ein friedliches Zusammenleben m\u00f6glich ist und sich alle wohlf\u00fchlen k\u00f6nnen, gibt es an unserer Schule verbindliche Regeln, die von allen einzuhalten sind:<\/span><\/p>\n<p><img loading=\"lazy\" class=\"wp-image-1144 aligncenter\" src=\"https:\/\/schuleammorungenweg.de\/wp-content\/uploads\/2020\/12\/Schulregeln_Bild-300x225.jpg\" alt=\"\" width=\"647\" height=\"486\" srcset=\"https:\/\/schuleammorungenweg.de\/wp-content\/uploads\/2020\/12\/Schulregeln_Bild-300x225.jpg 300w, https:\/\/schuleammorungenweg.de\/wp-content\/uploads\/2020\/12\/Schulregeln_Bild.jpg 1280w\" sizes=\"(max-width: 647px) 100vw, 647px\" \/><\/p>\n<p><span style=\"font-size: 16px;\">Die als Gebote formulierten Regeln unserer Schule sind allen Kindern bekannt und beschreiben anschaulich, welches das erwartete Verhalten ist. In Form von Plakaten sind sie im Schulgeb\u00e4ude sowie in jedem Klassenraum sichtbar und damit stets pr\u00e4sent.<\/span><\/p>\n<p><span style=\"font-size: 16px;\">Damit die Kinder regelm\u00e4\u00dfig an diese Regeln erinnert werden, h\u00e4ngen diese abwechselnd in jedem Monat als &#8222;Regel des Monats&#8220; \u00fcberall im Geb\u00e4ude aus. Im Klassenrat haben die Kinder dann die M\u00f6glichkeit sich \u00fcber das Einhalten bzw. den Versto\u00df auszutauschen.<\/span><\/p>\n<p><span style=\"font-size: 16px;\">Ebenfalls h\u00e4ngt in jedem Klassenraum die sogenannte \u201ePausenampel\u201c, die die Benutzung des Schulhofes bei Regen, N\u00e4sse und Trockenheit regelt:<\/span><\/p>\n<p><img loading=\"lazy\" class=\"size-medium wp-image-1143 aligncenter\" src=\"https:\/\/schuleammorungenweg.de\/wp-content\/uploads\/2020\/12\/Ampel-182x300.jpg\" alt=\"\" width=\"182\" height=\"300\" srcset=\"https:\/\/schuleammorungenweg.de\/wp-content\/uploads\/2020\/12\/Ampel-182x300.jpg 182w, https:\/\/schuleammorungenweg.de\/wp-content\/uploads\/2020\/12\/Ampel.jpg 391w\" sizes=\"(max-width: 182px) 100vw, 182px\" \/><\/p>\n<p>&nbsp;<\/p>\n<p><span style=\"font-size: 16px;\">Klassenregeln werden von jeder Klasse individuell erarbeitet und &#8211; der jeweiligen Jahrgangsstufe entsprechend konkret und verst\u00e4ndlich formuliert &#8211; ausgeh\u00e4ngt.<\/span><\/p>\n<p>&nbsp;<\/p>\n<p>&nbsp;<\/p>\n","protected":false},"excerpt":{"rendered":"<p>Unsere Schule ist ein Ort, an dem Kinder und Erwachsene t\u00e4glich viele Stunden gemeinsam verbringen. Damit ein friedliches Zusammenleben m\u00f6glich &hellip; <\/p>\n","protected":false},"author":1,"featured_media":0,"parent":0,"menu_order":0,"comment_status":"closed","ping_status":"closed","template":"","meta":{"_mc_calendar":[]},"aioseo_notices":[],"_links":{"self":[{"href":"https:\/\/schuleammorungenweg.de\/index.php?rest_route=\/wp\/v2\/pages\/315"}],"collection":[{"href":"https:\/\/schuleammorungenweg.de\/index.php?rest_route=\/wp\/v2\/pages"}],"about":[{"href":"https:\/\/schuleammorungenweg.de\/index.php?rest_route=\/wp\/v2\/types\/page"}],"author":[{"embeddable":true,"href":"https:\/\/schuleammorungenweg.de\/index.php?rest_route=\/wp\/v2\/users\/1"}],"replies":[{"embeddable":true,"href":"https:\/\/schuleammorungenweg.de\/index.php?rest_route=%2Fwp%2Fv2%2Fcomments&post=315"}],"version-history":[{"count":8,"href":"https:\/\/schuleammorungenweg.de\/index.php?rest_route=\/wp\/v2\/pages\/315\/revisions"}],"predecessor-version":[{"id":1281,"href":"https:\/\/schuleammorungenweg.de\/index.php?rest_route=\/wp\/v2\/pages\/315\/revisions\/1281"}],"wp:attachment":[{"href":"https:\/\/schuleammorungenweg.de\/index.php?rest_route=%2Fwp%2Fv2%2Fmedia&parent=315"}],"curies":[{"name":"wp","href":"https:\/\/api.w.org\/{rel}","templated":true}]}}