{"id":288,"date":"2020-05-26T10:25:02","date_gmt":"2020-05-26T10:25:02","guid":{"rendered":"http:\/\/schuleammorungenweg.de\/?page_id=288"},"modified":"2026-01-09T12:43:55","modified_gmt":"2026-01-09T12:43:55","slug":"ogs","status":"publish","type":"page","link":"https:\/\/schuleammorungenweg.de\/?page_id=288","title":{"rendered":"OGS"},"content":{"rendered":"<p><strong><span style=\"font-family: arial, helvetica, sans-serif; font-size: 18px; color: #008000;\">Unser Betreuungsteam und ihre Gruppen<\/span><\/strong><\/p>\n<p><span style=\"font-family: arial, helvetica, sans-serif;\">Unsere Schule hat sieben OGS &#8211; Gruppen, die festen Erzieher*innen zugeordnet sind. Immer zwei Erzieher\/innen teilen sich einen Raum.\u00a0<\/span><\/p>\n<p>&nbsp;<\/p>\n<p><span style=\"font-family: arial, helvetica, sans-serif;\">Im<strong> <u>Erdgeschoss<\/u><\/strong> befinden sich die Gruppenr\u00e4ume von<\/span><\/p>\n<table style=\"border-collapse: collapse; width: 50%;\">\n<tbody>\n<tr>\n<td style=\"width: 50%; text-align: left;\"><strong><span style=\"font-family: arial, helvetica, sans-serif;\">Erzieher*in<\/span><\/strong><\/td>\n<td style=\"width: 50%;\"><strong>Raum , Telefonnummer<\/strong><\/td>\n<\/tr>\n<tr style=\"height: 60px;\">\n<td style=\"width: 50%; text-align: left; height: 62px;\"><span style=\"font-family: arial, helvetica, sans-serif;\"><strong>Herr Gamisch<br \/>\n(Vollzeit\/ Koordination)<br \/>\nFrau Michalski (Teilzeit)\u00a0<\/strong><\/span><span style=\"font-family: arial, helvetica, sans-serif;\"><strong>Frau H\u00e4nsel<br \/>\nFrau Stojanov<\/strong><\/span>&nbsp;<\/td>\n<td style=\"width: 50%; text-align: left; height: 62px;\">OGS &#8211; Erdgeschoss<br \/>\n<strong>0201\/5367339<\/strong>OGS &#8211; Erdgeschoss<br \/>\n<strong>0201\/5367339<\/strong><\/td>\n<\/tr>\n<\/tbody>\n<\/table>\n<p>&nbsp;<\/p>\n<p>&nbsp;<\/p>\n<p><span style=\"font-family: arial, helvetica, sans-serif;\">Im <strong><u>Untergeschoss<\/u> <\/strong>befinden sich die Gruppenr\u00e4ume von<\/span><\/p>\n<table style=\"border-collapse: collapse; width: 50%;\">\n<tbody>\n<tr>\n<td style=\"width: 50%; text-align: left;\"><strong><span style=\"font-family: arial, helvetica, sans-serif;\">Erzieher*in<\/span><\/strong><\/td>\n<td style=\"width: 50%;\"><\/td>\n<\/tr>\n<tr style=\"height: 60px;\">\n<td style=\"width: 50%; text-align: left; height: 62px;\"><span style=\"font-family: arial, helvetica, sans-serif;\"><strong>Frau Hilbrandt<br \/>\n(Vollzeit, Ferienplanung)<br \/>\n<\/strong><\/span><span style=\"font-family: arial, helvetica, sans-serif;\"><strong>Frau Saldana<br \/>\n(Teilzeit)<br \/>\nFrau G\u00fcven (8-1)<\/strong><\/span>&nbsp;<\/p>\n<p><span style=\"font-family: arial, helvetica, sans-serif;\"><strong>Frau Baumgart<br \/>\n(Vollzeit)<br \/>\nFrau Isakhanyan (8-1)<\/strong><\/span><\/td>\n<td style=\"width: 50%; text-align: left; height: 62px;\">OGS Untergeschoss<br \/>\n<strong>0201\/5367024<\/strong>&nbsp;<\/p>\n<p>&nbsp;<\/p>\n<p>OGS Untergeschoss<br \/>\n<strong>0201\/5367024<\/strong><\/td>\n<\/tr>\n<\/tbody>\n<\/table>\n<p><span style=\"font-family: arial, helvetica, sans-serif;\">D<\/span><\/p>\n<p>&nbsp;<\/p>\n<p><span style=\"font-family: arial, helvetica, sans-serif;\">Hier ein kleiner Einblick in unsere R\u00e4umlichkeiten:<br \/>\n<\/span><\/p>\n<table style=\"border-collapse: collapse; width: 823px; height: 1494px;\">\n<tbody>\n<tr style=\"height: 24px;\">\n<td style=\"width: 100%; height: 24px; text-align: center;\" colspan=\"3\"><strong><span style=\"color: #008000;\"> Obergeschoss<\/span><\/strong><\/td>\n<\/tr>\n<tr style=\"height: 24px;\">\n<td style=\"width: 50%; text-align: center; height: 24px;\" colspan=\"2\"><strong><span style=\"font-family: arial, helvetica, sans-serif;\">OGS-Raum von Herrn Gamisch \/ Frau Michalski<br \/>\n<\/span><\/strong><\/td>\n<\/tr>\n<tr style=\"height: 24px;\">\n<td style=\"width: 50%; height: 24px;\"><img loading=\"lazy\" class=\"size-medium wp-image-912 aligncenter\" src=\"https:\/\/schuleammorungenweg.de\/wp-content\/uploads\/2020\/09\/OGS_1-225x300.jpg\" alt=\"\" width=\"225\" height=\"300\" srcset=\"https:\/\/schuleammorungenweg.de\/wp-content\/uploads\/2020\/09\/OGS_1-225x300.jpg 225w, https:\/\/schuleammorungenweg.de\/wp-content\/uploads\/2020\/09\/OGS_1-768x1024.jpg 768w, https:\/\/schuleammorungenweg.de\/wp-content\/uploads\/2020\/09\/OGS_1-1152x1536.jpg 1152w, https:\/\/schuleammorungenweg.de\/wp-content\/uploads\/2020\/09\/OGS_1-1536x2048.jpg 1536w, https:\/\/schuleammorungenweg.de\/wp-content\/uploads\/2020\/09\/OGS_1-scaled.jpg 1920w\" sizes=\"(max-width: 225px) 100vw, 225px\" \/><\/td>\n<td style=\"width: 50%; height: 24px;\"><img loading=\"lazy\" class=\"size-medium wp-image-924 aligncenter\" src=\"https:\/\/schuleammorungenweg.de\/wp-content\/uploads\/2020\/09\/OGS_2-1-225x300.jpg\" alt=\"\" width=\"225\" height=\"300\" srcset=\"https:\/\/schuleammorungenweg.de\/wp-content\/uploads\/2020\/09\/OGS_2-1-225x300.jpg 225w, https:\/\/schuleammorungenweg.de\/wp-content\/uploads\/2020\/09\/OGS_2-1-768x1024.jpg 768w, https:\/\/schuleammorungenweg.de\/wp-content\/uploads\/2020\/09\/OGS_2-1-1152x1536.jpg 1152w, https:\/\/schuleammorungenweg.de\/wp-content\/uploads\/2020\/09\/OGS_2-1-1536x2048.jpg 1536w, https:\/\/schuleammorungenweg.de\/wp-content\/uploads\/2020\/09\/OGS_2-1-scaled.jpg 1920w\" sizes=\"(max-width: 225px) 100vw, 225px\" \/><\/td>\n<\/tr>\n<tr style=\"height: 24px;\">\n<td style=\"width: 50%; text-align: center; height: 24px;\" colspan=\"2\"><strong><span style=\"font-family: arial, helvetica, sans-serif;\">OGS-Raum von Frau H\u00e4nsel \/ Frau Stojanov<\/span><\/strong><\/td>\n<\/tr>\n<tr style=\"height: 24px;\">\n<td style=\"width: 50%; text-align: center; height: 24px;\"><img loading=\"lazy\" class=\"alignnone size-medium wp-image-915\" src=\"https:\/\/schuleammorungenweg.de\/wp-content\/uploads\/2020\/09\/OGS_3-225x300.jpg\" alt=\"\" width=\"225\" height=\"300\" srcset=\"https:\/\/schuleammorungenweg.de\/wp-content\/uploads\/2020\/09\/OGS_3-225x300.jpg 225w, https:\/\/schuleammorungenweg.de\/wp-content\/uploads\/2020\/09\/OGS_3-768x1024.jpg 768w, https:\/\/schuleammorungenweg.de\/wp-content\/uploads\/2020\/09\/OGS_3-1152x1536.jpg 1152w, https:\/\/schuleammorungenweg.de\/wp-content\/uploads\/2020\/09\/OGS_3-1536x2048.jpg 1536w, https:\/\/schuleammorungenweg.de\/wp-content\/uploads\/2020\/09\/OGS_3-scaled.jpg 1920w\" sizes=\"(max-width: 225px) 100vw, 225px\" \/><\/td>\n<td style=\"width: 50%; text-align: center; height: 24px;\"><img loading=\"lazy\" class=\"alignnone size-medium wp-image-917\" src=\"https:\/\/schuleammorungenweg.de\/wp-content\/uploads\/2020\/09\/OGS_5-225x300.jpg\" alt=\"\" width=\"225\" height=\"300\" srcset=\"https:\/\/schuleammorungenweg.de\/wp-content\/uploads\/2020\/09\/OGS_5-225x300.jpg 225w, https:\/\/schuleammorungenweg.de\/wp-content\/uploads\/2020\/09\/OGS_5-768x1024.jpg 768w, https:\/\/schuleammorungenweg.de\/wp-content\/uploads\/2020\/09\/OGS_5-1152x1536.jpg 1152w, https:\/\/schuleammorungenweg.de\/wp-content\/uploads\/2020\/09\/OGS_5-1536x2048.jpg 1536w, https:\/\/schuleammorungenweg.de\/wp-content\/uploads\/2020\/09\/OGS_5-scaled.jpg 1920w\" sizes=\"(max-width: 225px) 100vw, 225px\" \/><\/td>\n<\/tr>\n<tr style=\"height: 24px;\">\n<td style=\"width: 50%; text-align: center; height: 24px;\" colspan=\"2\"><\/td>\n<\/tr>\n<tr style=\"height: 24px;\">\n<td style=\"width: 100%; height: 24px; text-align: center;\" colspan=\"3\"><strong><span style=\"color: #008000;\"> Untergeschoss<\/span><\/strong><\/td>\n<\/tr>\n<tr style=\"height: 24px;\">\n<td style=\"width: 50%; text-align: center; height: 24px;\" colspan=\"2\"><strong><span style=\"font-family: arial, helvetica, sans-serif;\">OGS-Raum von Frau Hilbrandt \/ Frau Saldana<br \/>\n<\/span><\/strong><\/td>\n<\/tr>\n<tr style=\"height: 24px;\">\n<td style=\"width: 50%; text-align: center; height: 24px;\">\u00a0<img loading=\"lazy\" class=\"alignnone size-medium wp-image-920\" src=\"https:\/\/schuleammorungenweg.de\/wp-content\/uploads\/2020\/09\/OGS_8-225x300.jpg\" alt=\"\" width=\"225\" height=\"300\" srcset=\"https:\/\/schuleammorungenweg.de\/wp-content\/uploads\/2020\/09\/OGS_8-225x300.jpg 225w, https:\/\/schuleammorungenweg.de\/wp-content\/uploads\/2020\/09\/OGS_8-768x1024.jpg 768w, https:\/\/schuleammorungenweg.de\/wp-content\/uploads\/2020\/09\/OGS_8-1152x1536.jpg 1152w, https:\/\/schuleammorungenweg.de\/wp-content\/uploads\/2020\/09\/OGS_8-1536x2048.jpg 1536w, https:\/\/schuleammorungenweg.de\/wp-content\/uploads\/2020\/09\/OGS_8-scaled.jpg 1920w\" sizes=\"(max-width: 225px) 100vw, 225px\" \/><\/td>\n<td style=\"width: 50%; text-align: center; height: 24px;\"><img loading=\"lazy\" class=\"alignnone size-medium wp-image-919\" src=\"https:\/\/schuleammorungenweg.de\/wp-content\/uploads\/2020\/09\/OGS_7-225x300.jpg\" alt=\"\" width=\"225\" height=\"300\" srcset=\"https:\/\/schuleammorungenweg.de\/wp-content\/uploads\/2020\/09\/OGS_7-225x300.jpg 225w, https:\/\/schuleammorungenweg.de\/wp-content\/uploads\/2020\/09\/OGS_7-768x1024.jpg 768w, https:\/\/schuleammorungenweg.de\/wp-content\/uploads\/2020\/09\/OGS_7-1152x1536.jpg 1152w, https:\/\/schuleammorungenweg.de\/wp-content\/uploads\/2020\/09\/OGS_7-1536x2048.jpg 1536w, https:\/\/schuleammorungenweg.de\/wp-content\/uploads\/2020\/09\/OGS_7-scaled.jpg 1920w\" sizes=\"(max-width: 225px) 100vw, 225px\" \/><\/td>\n<\/tr>\n<tr style=\"height: 24px;\">\n<td style=\"width: 50%; text-align: center; height: 24px;\" colspan=\"2\"><strong><span style=\"font-family: arial, helvetica, sans-serif;\">OGS-Raum von Frau Baumgart\/ Frau Isakhanyan<\/span><\/strong><\/td>\n<\/tr>\n<tr style=\"height: 24px;\">\n<td style=\"width: 50%; height: 24px;\"><img loading=\"lazy\" class=\"size-medium wp-image-922 aligncenter\" src=\"https:\/\/schuleammorungenweg.de\/wp-content\/uploads\/2020\/09\/OGS_10-225x300.jpg\" alt=\"\" width=\"225\" height=\"300\" srcset=\"https:\/\/schuleammorungenweg.de\/wp-content\/uploads\/2020\/09\/OGS_10-225x300.jpg 225w, https:\/\/schuleammorungenweg.de\/wp-content\/uploads\/2020\/09\/OGS_10-768x1024.jpg 768w, https:\/\/schuleammorungenweg.de\/wp-content\/uploads\/2020\/09\/OGS_10-1152x1536.jpg 1152w, https:\/\/schuleammorungenweg.de\/wp-content\/uploads\/2020\/09\/OGS_10-1536x2048.jpg 1536w, https:\/\/schuleammorungenweg.de\/wp-content\/uploads\/2020\/09\/OGS_10-scaled.jpg 1920w\" sizes=\"(max-width: 225px) 100vw, 225px\" \/><\/td>\n<td style=\"width: 50%; height: 24px;\"><img loading=\"lazy\" class=\"size-medium wp-image-921 aligncenter\" src=\"https:\/\/schuleammorungenweg.de\/wp-content\/uploads\/2020\/09\/OGS_9-225x300.jpg\" alt=\"\" width=\"225\" height=\"300\" srcset=\"https:\/\/schuleammorungenweg.de\/wp-content\/uploads\/2020\/09\/OGS_9-225x300.jpg 225w, https:\/\/schuleammorungenweg.de\/wp-content\/uploads\/2020\/09\/OGS_9-768x1024.jpg 768w, https:\/\/schuleammorungenweg.de\/wp-content\/uploads\/2020\/09\/OGS_9-1152x1536.jpg 1152w, https:\/\/schuleammorungenweg.de\/wp-content\/uploads\/2020\/09\/OGS_9-1536x2048.jpg 1536w, https:\/\/schuleammorungenweg.de\/wp-content\/uploads\/2020\/09\/OGS_9-scaled.jpg 1920w\" sizes=\"(max-width: 225px) 100vw, 225px\" \/><\/td>\n<\/tr>\n<\/tbody>\n<\/table>\n<p>&nbsp;<\/p>\n<ul>\n<li><span style=\"font-family: arial, helvetica, sans-serif;\">Unterst\u00fctzt werden wir in unserer Arbeit zeitweise durch Honorarkr\u00e4fte.<\/span><\/li>\n<li><span style=\"font-family: arial, helvetica, sans-serif;\"><strong>Fr. Greifenhagen \u00fcbernmimmt unsere Fr\u00fchbetreuung<\/strong><\/span><\/li>\n<li><span style=\"font-family: arial, helvetica, sans-serif;\">Beim Mittagessen erhalten wir Unterst\u00fctzung durch unsere K\u00fcchenkr\u00e4fte.<\/span><\/li>\n<\/ul>\n<p><span style=\"font-family: arial, helvetica, sans-serif; color: #008000; font-size: 18px;\"><strong>Unsere p\u00e4dagogische Arbeit<\/strong><\/span><\/p>\n<p><span style=\"font-family: arial, helvetica, sans-serif;\">Im Mittelpunkt unserer p\u00e4dagogischen Arbeit steht die F\u00f6rderung der emotionalen, sozialen und kognitiven F\u00e4higkeiten der Kinder.<\/span><\/p>\n<p><span style=\"font-family: arial, helvetica, sans-serif;\">Im Offenen Ganztag bem\u00fchen wir uns ein vielf\u00e4ltiges Nachmittagsangebote (AG&#8217;s) in gemischten Gruppen anzubieten:<\/span><\/p>\n<ul>\n<li><span style=\"font-family: arial, helvetica, sans-serif;\">Lesel\u00f6wen<\/span><\/li>\n<li><span style=\"font-family: arial, helvetica, sans-serif;\">Abenteuersport<\/span><\/li>\n<li><span style=\"font-family: arial, helvetica, sans-serif;\">Tanzen<\/span><\/li>\n<li><span style=\"font-family: arial, helvetica, sans-serif;\">Sport und Spiel<\/span><\/li>\n<li><span style=\"font-family: arial, helvetica, sans-serif;\">Puzzeln<\/span><\/li>\n<li><span style=\"font-family: arial, helvetica, sans-serif;\">Fu\u00dfball<\/span><\/li>\n<li>Theater<\/li>\n<li>Yoga<\/li>\n<\/ul>\n<p><span style=\"font-family: arial, helvetica, sans-serif;\">Auch in den Gruppen bieten wir selbstverst\u00e4ndlich ein abwechslungsreiches Programm.<\/span><\/p>\n<p><span style=\"font-family: arial, helvetica, sans-serif;\">Zurzeit bietet der MTG Sportangebote in der Turnhalle an.<\/span><\/p>\n<p><span style=\"font-family: arial, helvetica, sans-serif; color: #008000;\"><strong>Kontakt \/ Elternarbeit:<\/strong><\/span><\/p>\n<p><span style=\"font-family: arial, helvetica, sans-serif;\">Der Austausch mit Ihnen als Eltern ist uns sehr wichtig.<\/span><\/p>\n<p><span style=\"font-family: arial, helvetica, sans-serif;\">Manche Dinge lassen sich am Telefon besprechen, f\u00fcr andere Dinge ist ein pers\u00f6nliches Gespr\u00e4ch passender. Vereinbaren Sie bei Bedarf \u00fcber Schoolfox einen pers\u00f6nlichen Gespr\u00e4chstermin f\u00fcr unseren Sprechstunden.\u00a0<\/span><\/p>\n<p><span style=\"font-family: arial, helvetica, sans-serif;\">Sie erreichen uns zus\u00e4tzlich unter folgender E-Mailadresse: <\/span><br \/>\n<span style=\"font-family: arial, helvetica, sans-serif;\"><a href=\"mailto:ogs.schule-am-morungenweg@schule.essen.de\"><strong>ogs-schule-am-morungenweg@jh-essen.de<\/strong><\/a><\/span><\/p>\n<p><span style=\"font-family: arial, helvetica, sans-serif;\"><strong><em>Ihr OGS-Team von der Grundschule \u00a0am Morungenweg<\/em><\/strong><\/span><\/p>\n","protected":false},"excerpt":{"rendered":"<p>Unser Betreuungsteam und ihre Gruppen Unsere Schule hat sieben OGS &#8211; Gruppen, die festen Erzieher*innen zugeordnet sind. Immer zwei Erzieher\/innen &hellip; <\/p>\n","protected":false},"author":1,"featured_media":0,"parent":0,"menu_order":0,"comment_status":"closed","ping_status":"closed","template":"","meta":{"_mc_calendar":[]},"aioseo_notices":[],"_links":{"self":[{"href":"https:\/\/schuleammorungenweg.de\/index.php?rest_route=\/wp\/v2\/pages\/288"}],"collection":[{"href":"https:\/\/schuleammorungenweg.de\/index.php?rest_route=\/wp\/v2\/pages"}],"about":[{"href":"https:\/\/schuleammorungenweg.de\/index.php?rest_route=\/wp\/v2\/types\/page"}],"author":[{"embeddable":true,"href":"https:\/\/schuleammorungenweg.de\/index.php?rest_route=\/wp\/v2\/users\/1"}],"replies":[{"embeddable":true,"href":"https:\/\/schuleammorungenweg.de\/index.php?rest_route=%2Fwp%2Fv2%2Fcomments&post=288"}],"version-history":[{"count":26,"href":"https:\/\/schuleammorungenweg.de\/index.php?rest_route=\/wp\/v2\/pages\/288\/revisions"}],"predecessor-version":[{"id":2184,"href":"https:\/\/schuleammorungenweg.de\/index.php?rest_route=\/wp\/v2\/pages\/288\/revisions\/2184"}],"wp:attachment":[{"href":"https:\/\/schuleammorungenweg.de\/index.php?rest_route=%2Fwp%2Fv2%2Fmedia&parent=288"}],"curies":[{"name":"wp","href":"https:\/\/api.w.org\/{rel}","templated":true}]}}