{"id":285,"date":"2020-05-26T10:25:01","date_gmt":"2020-05-26T10:25:01","guid":{"rendered":"http:\/\/schuleammorungenweg.de\/?page_id=285"},"modified":"2022-09-07T18:40:38","modified_gmt":"2022-09-07T18:40:38","slug":"herkunftsprachlicher-unterricht","status":"publish","type":"page","link":"https:\/\/schuleammorungenweg.de\/?page_id=285","title":{"rendered":"Herkunftsprachlicher Unterricht"},"content":{"rendered":"<p style=\"text-align: justify;\"><span style=\"font-family: arial,helvetica,sans-serif;\"><strong><span style=\"color: #008000;\">Herkunftssprachlicher Unterricht an unserem Standort<\/span><\/strong><\/span><\/p>\n<p style=\"text-align: justify;\"><span style=\"font-family: arial,helvetica,sans-serif;\">Der herkunftssprachliche Unterricht ist ein Angebot f\u00fcr Sch\u00fclerinnen und Sch\u00fcler, die zweisprachig in Deutsch und in einer anderen Herkunftsprache aufwachsen. An <strong>unserem Standort<\/strong> unterrichtet <strong>Frau Thom<\/strong> Sch\u00fclerinnen und Sch\u00fcler in der <strong>Sprache Russisch<\/strong>. Sch\u00fclerinnen und Sch\u00fcler anderer Sprachen k\u00f6nnen auch an anderen Standorten Ihre Sprache erlernen.<br \/>\n<\/span><\/p>\n<p style=\"text-align: justify;\"><span style=\"font-family: arial,helvetica,sans-serif;\">Anmeldeb\u00f6gen sind im Sekretariat unserer Schule zu erhalten.<\/span><\/p>\n<p style=\"text-align: justify;\"><span style=\"font-family: arial,helvetica,sans-serif;\"><span style=\"color: #008000;\"><strong>Weitere Informationen <\/strong><strong>erhalten Sie hier:<\/strong><\/span><br \/>\n<a href=\"https:\/\/www.essen.de\/kultur_und_bildung\/schulen\/Muttersprachlicher_Unterricht.de.html\">https:\/\/www.essen.de\/kultur_und_bildung\/schulen\/Muttersprachlicher_Unterricht.de.html<\/a><\/span><\/p>\n<p style=\"text-align: justify;\"><span style=\"font-family: arial,helvetica,sans-serif; font-size: 12pt;\"><strong>Fachberatung HSU<br \/>\n<\/strong>Schulamt f\u00fcr die Stadt Essen<br \/>\nHollestra\u00dfe 3 \/ Gildehofcenter<br \/>\n45127 Essen<br \/>\nTel.: 0201 \/ 88-40967<br \/>\nFax: 0201 \/ 88-40912\u00a0<strong><br \/>\n<\/strong><a href=\"mailto:HSU@schule.essen.de\">HSU@schule.essen.de<\/a><\/span><\/p>\n<p style=\"text-align: justify;\"><span style=\"color: #008000; font-family: arial,helvetica,sans-serif;\"><strong>Hintergrundinformationen f\u00fcr den Herkunftssprachlichen Unterricht<\/strong><\/span><\/p>\n<p style=\"text-align: justify;\"><span style=\"font-family: arial,helvetica,sans-serif;\">F\u00fcr die Kinder und Jugendlichen mit Zuwanderungsgeschichte sind die mitgebrachten Herkunftssprachen und die Kultur der Herkunftsl\u00e4nder Teil ihrer Identit\u00e4t; sie sind f\u00fcr ihre Pers\u00f6nlichkeitsentwicklung von besonderer Bedeutung. Darum wird durch das Land Nordrhein-Westfalen an den allgemeinbildenden Schulen Unterricht in den am\u00a0 meisten gesprochenen Herkunftssprachen angeboten. Der herkunftssprachliche Unterricht steht allen Kindern und Jugendlichen mit Zuwanderungsgeschichte der Klassen 1 bis 10 offen, die die sprachlichen Voraussetzungen f\u00fcr die Teilnahme erf\u00fcllen. Unerheblich ist, welche Staatsangeh\u00f6rigkeit jemand besitzt, der daran teilnehmen m\u00f6chte.<br \/>\n<\/span><span style=\"font-family: arial,helvetica,sans-serif;\">Nach regelm\u00e4\u00dfigem Besuch des herkunftssprachlichen Unterrichts legen Sch\u00fclerinnen und Sch\u00fcler am Ende der Sekundarstufe I eine Pr\u00fcfung ab. Diese besteht aus einem schriftlichen und einem m\u00fcndlichen Teil und bewertet sprachliche wie soziokulturelle F\u00e4higkeiten, die im Unterricht erworben wurden. Das Ergebnis der Pr\u00fcfung wird im Abschlusszeugnis bescheinigt. Bei der Vergabe der Abschl\u00fcsse kann eine mindestens gute Leistung in der Sprachpr\u00fcfung eine mangelhafte Leistung in einer Fremdsprache ausgleichen. Das Abschusszeugnis enth\u00e4lt anstelle der Fremdsprache die Herkunftssprache und die durch die Sprachpr\u00fcfung erreichte Note.<br \/>\nDer herkunftssprachliche Unterricht umfasst bis zu f\u00fcnf Wochenstunden. Er wird in der Primarstufe und in der Sekundarstufe I angeboten. Bei ausreichender Teilnehmerzahl kann der Unterricht an einer einzelnen Schule erteilt werden. \u00dcberwiegend ist aber eine angemessene altersgemischte Lerngruppe aus Sch\u00fclern mehrerer Schulen als auch Schulformen vorgesehen.<br \/>\nDer Unterricht findet in der Regel am Nachmittag statt. Die Gr\u00f6\u00dfen der Lerngruppen wurden auf die Mindestwerte f\u00fcr die Klassenbildung festgesetzt \u2013 in der Primarstufe sind es 15 Sch\u00fclerinnen und Sch\u00fcler; in der SEK I Stufe 18 Sch\u00fclerinnen und Sch\u00fcler.<\/span><\/p>\n","protected":false},"excerpt":{"rendered":"<p>Herkunftssprachlicher Unterricht an unserem Standort Der herkunftssprachliche Unterricht ist ein Angebot f\u00fcr Sch\u00fclerinnen und Sch\u00fcler, die zweisprachig in Deutsch und &hellip; <\/p>\n","protected":false},"author":1,"featured_media":0,"parent":0,"menu_order":0,"comment_status":"closed","ping_status":"closed","template":"","meta":{"_mc_calendar":[]},"aioseo_notices":[],"_links":{"self":[{"href":"https:\/\/schuleammorungenweg.de\/index.php?rest_route=\/wp\/v2\/pages\/285"}],"collection":[{"href":"https:\/\/schuleammorungenweg.de\/index.php?rest_route=\/wp\/v2\/pages"}],"about":[{"href":"https:\/\/schuleammorungenweg.de\/index.php?rest_route=\/wp\/v2\/types\/page"}],"author":[{"embeddable":true,"href":"https:\/\/schuleammorungenweg.de\/index.php?rest_route=\/wp\/v2\/users\/1"}],"replies":[{"embeddable":true,"href":"https:\/\/schuleammorungenweg.de\/index.php?rest_route=%2Fwp%2Fv2%2Fcomments&post=285"}],"version-history":[{"count":8,"href":"https:\/\/schuleammorungenweg.de\/index.php?rest_route=\/wp\/v2\/pages\/285\/revisions"}],"predecessor-version":[{"id":1531,"href":"https:\/\/schuleammorungenweg.de\/index.php?rest_route=\/wp\/v2\/pages\/285\/revisions\/1531"}],"wp:attachment":[{"href":"https:\/\/schuleammorungenweg.de\/index.php?rest_route=%2Fwp%2Fv2%2Fmedia&parent=285"}],"curies":[{"name":"wp","href":"https:\/\/api.w.org\/{rel}","templated":true}]}}