{"id":259,"date":"2020-05-26T10:07:12","date_gmt":"2020-05-26T10:07:12","guid":{"rendered":"http:\/\/schuleammorungenweg.de\/?page_id=259"},"modified":"2023-11-21T13:42:00","modified_gmt":"2023-11-21T13:42:00","slug":"gesundheitserziehung","status":"publish","type":"page","link":"https:\/\/schuleammorungenweg.de\/?page_id=259","title":{"rendered":"Gesundheitserziehung"},"content":{"rendered":"<p style=\"text-align: justify;\"><span style=\"color: #008000; font-family: arial,helvetica,sans-serif;\"><strong>Gesund und munter<\/strong><\/span><\/p>\n<p style=\"text-align: justify;\"><span style=\"font-family: arial,helvetica,sans-serif;\">Uns ist es sehr wichtig, die Kinder darin zu st\u00e4rken, Verantwortung f\u00fcr die eigene Gesundheit zu \u00fcbernehmen. Dies hat an unserer Schule einen hohen Stellenwert. In den letzten Jahren hat die Zahl der \u00fcbergewichtigen Kinder im Grundschulalter enorm zugenommen. Der Verzehr eines gesunden Fr\u00fchst\u00fccks ist nicht mehr selbstverst\u00e4ndlich und viele Kinder haben im au\u00dferschulischen Bereich nur wenige M\u00f6glichkeiten Bewegungserfahrungen zu machen.<\/span><\/p>\n<p style=\"text-align: justify;\"><span style=\"font-family: arial,helvetica,sans-serif;\">Die F\u00f6rderung eines gesunden Bewegungs- und Ern\u00e4hrungsverhaltens, das Wissen um den eigenen K\u00f6rper, um eigene Grenzen und Belastbarkeiten sind dabei f\u00fcr uns thematisch wichtige Bausteine auf dem Weg zu einer gesundheitsf\u00f6rdernden Schule.<\/span><\/p>\n<p style=\"text-align: justify;\"><span style=\"font-family: arial,helvetica,sans-serif;\"><span style=\"color: #008000;\"><strong>Ma\u00dfnahmen<\/strong><\/span><\/span><\/p>\n<ul style=\"text-align: justify;\">\n<li><span style=\"font-family: arial,helvetica,sans-serif;\">F\u00fcr die eigene Gesunderhaltung wird in allen Klassen j\u00e4hrlich das <em>\u201egesunde Fr\u00fchst\u00fcck\u201c<\/em> thematisiert und praktiziert. In Verbindung mit diesem Projekt werden z. B. Schnittlauchquark und Kressesalat hergestellt. Wenn es darum geht Einsichten \u00fcber die Ern\u00e4hrung zu gewinnen, werden auch \u00f6kologische Aspekte im Zusammenhang mit unserem Schulgarten eingebracht.<\/span><\/li>\n<li><span style=\"font-family: arial,helvetica,sans-serif;\">Einmal im Schuljahr besucht uns der Schulzahnarzt. Er ber\u00e4t Kinder und Eltern und empfiehlt, falls erforderlich, den Besuch des Zahnarztes oder des Kieferorthop\u00e4den.<\/span><\/li>\n<li>Die Kinder der 3. Schuljahre werden augen\u00e4rztlich untersucht.<\/li>\n<li><span style=\"font-family: arial,helvetica,sans-serif;\">Das \u201eZahnmobil\u201c kommt einmal j\u00e4hrlich. Die Kinder werden zum Thema Zahnpflege und Mundhygiene informiert und \u00fcben das richtige Z\u00e4hne putzen.<\/span><\/li>\n<li><span style=\"font-family: arial,helvetica,sans-serif;\">In Kooperation mit verschiedenen au\u00dferschulischen Partnern nehmen wir immer gerne an unterschiedlichen Projekten teil (z. B. Brotzeit, FLIZ-Mobil, <a href=\"https:\/\/schuleammorungenweg.de\/?page_id=314\">Gesund macht Schule<\/a>)<\/span><\/li>\n<li><span style=\"font-family: arial,helvetica,sans-serif;\">Durch verschiedene Sport- und Bewegungsangebote versuchen wir dem Bewegungsdrang der Kinder zu f\u00f6rdern bzw. diesen zu wecken.<\/span><\/li>\n<li><span style=\"font-family: arial,helvetica,sans-serif;\">Die Kinder werden z. B. durch L\u00e4rmampeln, Ohrsch\u00fctzer und Stille\u00fcbungen sensibilisiert, um zu erfahren, wie wohltuend Ruhe und Entspannung f\u00fcr das eigene Wohlbefinden sind.<\/span><\/li>\n<\/ul>\n","protected":false},"excerpt":{"rendered":"<p>Gesund und munter Uns ist es sehr wichtig, die Kinder darin zu st\u00e4rken, Verantwortung f\u00fcr die eigene Gesundheit zu \u00fcbernehmen. &hellip; <\/p>\n","protected":false},"author":1,"featured_media":0,"parent":0,"menu_order":0,"comment_status":"closed","ping_status":"closed","template":"","meta":{"_mc_calendar":[]},"aioseo_notices":[],"_links":{"self":[{"href":"https:\/\/schuleammorungenweg.de\/index.php?rest_route=\/wp\/v2\/pages\/259"}],"collection":[{"href":"https:\/\/schuleammorungenweg.de\/index.php?rest_route=\/wp\/v2\/pages"}],"about":[{"href":"https:\/\/schuleammorungenweg.de\/index.php?rest_route=\/wp\/v2\/types\/page"}],"author":[{"embeddable":true,"href":"https:\/\/schuleammorungenweg.de\/index.php?rest_route=\/wp\/v2\/users\/1"}],"replies":[{"embeddable":true,"href":"https:\/\/schuleammorungenweg.de\/index.php?rest_route=%2Fwp%2Fv2%2Fcomments&post=259"}],"version-history":[{"count":6,"href":"https:\/\/schuleammorungenweg.de\/index.php?rest_route=\/wp\/v2\/pages\/259\/revisions"}],"predecessor-version":[{"id":1764,"href":"https:\/\/schuleammorungenweg.de\/index.php?rest_route=\/wp\/v2\/pages\/259\/revisions\/1764"}],"wp:attachment":[{"href":"https:\/\/schuleammorungenweg.de\/index.php?rest_route=%2Fwp%2Fv2%2Fmedia&parent=259"}],"curies":[{"name":"wp","href":"https:\/\/api.w.org\/{rel}","templated":true}]}}