{"id":258,"date":"2020-05-26T10:07:12","date_gmt":"2020-05-26T10:07:12","guid":{"rendered":"http:\/\/schuleammorungenweg.de\/?page_id=258"},"modified":"2023-11-23T12:04:13","modified_gmt":"2023-11-23T12:04:13","slug":"verkehrserziehung","status":"publish","type":"page","link":"https:\/\/schuleammorungenweg.de\/?page_id=258","title":{"rendered":"Verkehrserziehung"},"content":{"rendered":"<p>Die Lerninhalte der Verkehrserziehung werden bei uns im Sachunterricht in allen vier Schuljahren thematisiert.<\/p>\n<p>In den ersten beiden Klassen behandeln wir erste Inhalte von einfachen Verkehrszeichen und Regeln die bei der Teilnahme am Stra\u00dfenverkehr wichtig sind. Wie verhalte ich mich als Fu\u00dfg\u00e4nger?\u00a0 Spielerisch \u00fcben und festigen die Kinder ihre Geschicklichkeit auch auf einem Fahrrad auf dem Schulhof.<\/p>\n<p><strong>\u00a0<\/strong><span style=\"color: #008000;\"><strong>Klasse 1 \/ 2<\/strong><\/span><\/p>\n<p><span style=\"color: #008000;\">Das Schulwegtraining<\/span><\/p>\n<p>Die Klassenlehrer gehen in der Regel mit ihrer Klassen innerhalb der ersten Schulwochen auf die Stra\u00dfe (Morungenweg, Ofterdingenstra\u00dfe), um den Stra\u00dfenverkehr zu beobachten und dann das vorher in den Klassen besprochene Verhalten auf dem Gehweg und bei der \u00dcberquerung der Stra\u00dfe zu \u00fcben. Die Kinder sprechen im Unterricht \u00fcber ihren Schulweg und Gefahrenpunkte auf dem Weg zur Schule.<\/p>\n<p><span style=\"color: #008000;\">Das Radfahrtraining<\/span><\/p>\n<p>Auf dem Schulhof wird am Ende des zweiten Schuljahres in Zusammenarbeit mit der Jugendverkehrsschule und mit Elternhilfe das Radfahrtraining durchgef\u00fchrt.<\/p>\n<p>Die Kinder bringen ihre eigenen Fahrr\u00e4der mit und auf dem oberen Schulhof werden einzelne Stationen aufgebaut, an denen die Kinder verschiedene Geschicklichkeits\u00fcbungen absolvieren:<\/p>\n<ul>\n<li>umsehen und eine Zahl nennen, die ein Elternteil hochh\u00e4lt<\/li>\n<li>mit einer Hand fahren (und etwas abnehmen)<\/li>\n<li>einen Slalomkurs fahren<\/li>\n<li>Kurven fahren<\/li>\n<li>u. v. m.<\/li>\n<\/ul>\n<p><strong>\u00a0<\/strong><span style=\"color: #008000;\"><strong>Klasse 3 \/ 4<\/strong><\/span><\/p>\n<p>In den dritten und vierten Klassen geht es um das Trainieren der Teilnahme am Stra\u00dfenverkehr mit dem Fahrrad und alle Regeln, die dabei zu lernen und anzuwenden sind.<\/p>\n<p><span style=\"color: #008000;\">Verkehrsabl\u00e4ufe <\/span>im Schulbezirk beobachten und aufzeichnen<\/p>\n<ul>\n<li>Stra\u00dfenarten und Verkehrsregelung durch Verkehrszeichen und Lichtzeichenanlagen<\/li>\n<li>\u00d6ffentlicher Personennahverkehr<\/li>\n<li>Unfallbrennpunkte<\/li>\n<li>Schulwege<\/li>\n<\/ul>\n<p><span style=\"color: #008000;\"><strong>Klasse 4<\/strong><\/span><\/p>\n<ul>\n<li><span style=\"color: #008000;\">Radfahrausbildung,<\/span> die mit einer theoretischen und einer praktischen \u00dcberpr\u00fcfung abschlie\u00dft. F\u00fcr den fahrpraktischen Teil arbeitet unsere Schule mit der Jugendverkehrsschule zusammen. Die Klassen fahren zweimal zur Jugendverkehrsschule, um das Radfahren und das Verhalten im Schonraum zu \u00fcben. Danach fahren die Kinder mit dem eigenen Fahrrad, das vorher durch die Bezirkspolizisten auf Verkehrssicherheit \u00fcberpr\u00fcft wird, auf einem festgelegten Parcours im Schulbezirk.<\/li>\n<li>Im Unterricht wird die Theorie ge\u00fcbt, die zur Teilnahme am Stra\u00dfenverkehr bef\u00e4higt. (Abschluss mit einem Theoriebogen)<\/li>\n<li>\u201eErste Hilfe- Kurs\u201c f\u00fcr Kinder (\u201eKinder helfen Kindern\u201c) &#8211;&gt;Wir suchen einen neuen Partner<\/li>\n<li>Sehtest im Vorfeld der Radfahrausbildung<\/li>\n<\/ul>\n<p><span style=\"font-family: arial, helvetica, sans-serif;\">\u00a0<\/span><\/p>\n","protected":false},"excerpt":{"rendered":"<p>Die Lerninhalte der Verkehrserziehung werden bei uns im Sachunterricht in allen vier Schuljahren thematisiert. In den ersten beiden Klassen behandeln &hellip; <\/p>\n","protected":false},"author":1,"featured_media":0,"parent":0,"menu_order":0,"comment_status":"closed","ping_status":"closed","template":"","meta":{"_mc_calendar":[]},"aioseo_notices":[],"_links":{"self":[{"href":"https:\/\/schuleammorungenweg.de\/index.php?rest_route=\/wp\/v2\/pages\/258"}],"collection":[{"href":"https:\/\/schuleammorungenweg.de\/index.php?rest_route=\/wp\/v2\/pages"}],"about":[{"href":"https:\/\/schuleammorungenweg.de\/index.php?rest_route=\/wp\/v2\/types\/page"}],"author":[{"embeddable":true,"href":"https:\/\/schuleammorungenweg.de\/index.php?rest_route=\/wp\/v2\/users\/1"}],"replies":[{"embeddable":true,"href":"https:\/\/schuleammorungenweg.de\/index.php?rest_route=%2Fwp%2Fv2%2Fcomments&post=258"}],"version-history":[{"count":6,"href":"https:\/\/schuleammorungenweg.de\/index.php?rest_route=\/wp\/v2\/pages\/258\/revisions"}],"predecessor-version":[{"id":1806,"href":"https:\/\/schuleammorungenweg.de\/index.php?rest_route=\/wp\/v2\/pages\/258\/revisions\/1806"}],"wp:attachment":[{"href":"https:\/\/schuleammorungenweg.de\/index.php?rest_route=%2Fwp%2Fv2%2Fmedia&parent=258"}],"curies":[{"name":"wp","href":"https:\/\/api.w.org\/{rel}","templated":true}]}}