{"id":255,"date":"2020-05-26T10:07:12","date_gmt":"2020-05-26T10:07:12","guid":{"rendered":"http:\/\/schuleammorungenweg.de\/?page_id=255"},"modified":"2023-11-21T13:32:35","modified_gmt":"2023-11-21T13:32:35","slug":"foerderbaender","status":"publish","type":"page","link":"https:\/\/schuleammorungenweg.de\/?page_id=255","title":{"rendered":"F\u00f6rderung"},"content":{"rendered":"<p>Jedes Kind hat seine eigenen Talente und Bereiche in denen es zus\u00e4tzliche F\u00f6rderung ben\u00f6tigt. Dies kann die F\u00e4cher betreffen oder auch Bereiche wie Sozialkompetenz und Feinmotorik. Um diesen verschiedenen Bed\u00fcrfnissen der Kinder gerecht zu werden bieten wir allen w\u00f6chentlich zwei Stunden F\u00f6rderunterricht im Klassenunterricht an:<\/p>\n<p><span style=\"color: #008000;\">In der Schuleingangsphase:<\/span><br \/>\nFeinmotorik, Wahrnehmung, Sozialkompetenztraining, Lesen, Basisf\u00f6rderung Mathematik, Deutsch als Zweitsprache (DaZ),<\/p>\n<p><span style=\"color: #008000;\">In den Klassen 3 und 4:<\/span><br \/>\nSozialkompetenztraining, Lesen, Basisf\u00f6rderung Mathematik, Deutsch als Zweitsprache (DaZ),\u00a0 Einmaleins-Training, Knobeln<\/p>\n<p>Eine Lese-Rechtschreib-F\u00f6rderung wie auch DaZ und Mathe Basis finden zus\u00e4tzlich einmal w\u00f6chentlich in Kleingruppen jeder Klasse statt.<\/p>\n<p>Seiteneinsteigerkinder werden ebenfalls parallel zum Unterricht in Kleingruppen gef\u00f6rdert.<\/p>\n","protected":false},"excerpt":{"rendered":"<p>Jedes Kind hat seine eigenen Talente und Bereiche in denen es zus\u00e4tzliche F\u00f6rderung ben\u00f6tigt. Dies kann die F\u00e4cher betreffen oder &hellip; <\/p>\n","protected":false},"author":1,"featured_media":0,"parent":0,"menu_order":0,"comment_status":"closed","ping_status":"closed","template":"","meta":{"_mc_calendar":[]},"aioseo_notices":[],"_links":{"self":[{"href":"https:\/\/schuleammorungenweg.de\/index.php?rest_route=\/wp\/v2\/pages\/255"}],"collection":[{"href":"https:\/\/schuleammorungenweg.de\/index.php?rest_route=\/wp\/v2\/pages"}],"about":[{"href":"https:\/\/schuleammorungenweg.de\/index.php?rest_route=\/wp\/v2\/types\/page"}],"author":[{"embeddable":true,"href":"https:\/\/schuleammorungenweg.de\/index.php?rest_route=\/wp\/v2\/users\/1"}],"replies":[{"embeddable":true,"href":"https:\/\/schuleammorungenweg.de\/index.php?rest_route=%2Fwp%2Fv2%2Fcomments&post=255"}],"version-history":[{"count":6,"href":"https:\/\/schuleammorungenweg.de\/index.php?rest_route=\/wp\/v2\/pages\/255\/revisions"}],"predecessor-version":[{"id":1761,"href":"https:\/\/schuleammorungenweg.de\/index.php?rest_route=\/wp\/v2\/pages\/255\/revisions\/1761"}],"wp:attachment":[{"href":"https:\/\/schuleammorungenweg.de\/index.php?rest_route=%2Fwp%2Fv2%2Fmedia&parent=255"}],"curies":[{"name":"wp","href":"https:\/\/api.w.org\/{rel}","templated":true}]}}