{"id":2215,"date":"2026-05-16T15:56:52","date_gmt":"2026-05-16T15:56:52","guid":{"rendered":"https:\/\/schuleammorungenweg.de\/?page_id=2215"},"modified":"2026-05-16T15:56:52","modified_gmt":"2026-05-16T15:56:52","slug":"aktion-sicherer-schulweg-april-2026","status":"publish","type":"page","link":"https:\/\/schuleammorungenweg.de\/?page_id=2215","title":{"rendered":"Aktion: Sicherer Schulweg April 2026"},"content":{"rendered":"<p data-start=\"31\" data-end=\"335\">Im Rahmen unserer Aktion <strong data-start=\"56\" data-end=\"79\">\u201eSicherer Schulweg\u201c<\/strong> standen in der vergangende Woche morgens Kinder unserer Schule gemeinsam mit Teilen der Elternschaft, des Kollegiums und der Schulleitung am Morungenweg. Ziel der Aktion war es, auf die Verkehrssituation vor der Schule aufmerksam zu machen und f\u00fcr mehr Sicherheit auf dem Schulweg zu sorgen.<\/p>\n<p data-start=\"337\" data-end=\"649\">Die Kinder hatten zuvor mit viel Engagement bunte und kreative Plakate gestaltet, mit denen sie die Eltern freundlich auf die Aktion aufmerksam machten. Mit ihren selbst gebastelten Schildern erinnerten sie daran, dass haltende und wendende Autos vor der Schule schnell zu gef\u00e4hrlichen Situationen f\u00fchren k\u00f6nnen.<\/p>\n<p data-start=\"651\" data-end=\"991\">Deshalb baten die Kinder die Eltern darum, nicht direkt in den Morungenweg zu fahren, sondern etwas entfernt zu parken und die letzten Meter gemeinsam mit ihren Kindern oder die Kinder alleine zu Fu\u00df gehen zu lassen. So wird der Schulweg sicherer und die Kinder gewinnen gleichzeitig mehr Selbstst\u00e4ndigkeit im Stra\u00dfenverkehr.<\/p>\n<p data-start=\"993\" data-end=\"1122\" data-is-last-node=\"\" data-is-only-node=\"\">Wir bedanken uns herzlich bei allen Eltern f\u00fcr ihr Verst\u00e4ndnis und ihre Unterst\u00fctzung f\u00fcr einen sicheren Schulweg unserer Kinder!<\/p>\n<p data-start=\"993\" data-end=\"1122\" data-is-last-node=\"\" data-is-only-node=\"\"><img loading=\"lazy\" class=\"alignnone size-medium wp-image-2217\" src=\"https:\/\/schuleammorungenweg.de\/wp-content\/uploads\/2026\/05\/1000089598-300x225.jpg\" alt=\"\" width=\"300\" height=\"225\" srcset=\"https:\/\/schuleammorungenweg.de\/wp-content\/uploads\/2026\/05\/1000089598-300x225.jpg 300w, https:\/\/schuleammorungenweg.de\/wp-content\/uploads\/2026\/05\/1000089598-1024x768.jpg 1024w, https:\/\/schuleammorungenweg.de\/wp-content\/uploads\/2026\/05\/1000089598-768x576.jpg 768w, https:\/\/schuleammorungenweg.de\/wp-content\/uploads\/2026\/05\/1000089598-1536x1152.jpg 1536w, https:\/\/schuleammorungenweg.de\/wp-content\/uploads\/2026\/05\/1000089598-2048x1536.jpg 2048w\" sizes=\"(max-width: 300px) 100vw, 300px\" \/> \u00a0<img loading=\"lazy\" class=\"alignnone size-medium wp-image-2219\" src=\"https:\/\/schuleammorungenweg.de\/wp-content\/uploads\/2026\/05\/1000089601-300x225.jpg\" alt=\"\" width=\"300\" height=\"225\" srcset=\"https:\/\/schuleammorungenweg.de\/wp-content\/uploads\/2026\/05\/1000089601-300x225.jpg 300w, https:\/\/schuleammorungenweg.de\/wp-content\/uploads\/2026\/05\/1000089601-1024x768.jpg 1024w, https:\/\/schuleammorungenweg.de\/wp-content\/uploads\/2026\/05\/1000089601-768x576.jpg 768w, https:\/\/schuleammorungenweg.de\/wp-content\/uploads\/2026\/05\/1000089601-1536x1152.jpg 1536w, https:\/\/schuleammorungenweg.de\/wp-content\/uploads\/2026\/05\/1000089601-2048x1536.jpg 2048w\" sizes=\"(max-width: 300px) 100vw, 300px\" \/><\/p>\n<p data-start=\"993\" data-end=\"1122\" data-is-last-node=\"\" data-is-only-node=\"\"><img loading=\"lazy\" class=\"alignnone size-medium wp-image-2216\" src=\"https:\/\/schuleammorungenweg.de\/wp-content\/uploads\/2026\/05\/1000089602-300x225.jpg\" alt=\"\" width=\"300\" height=\"225\" srcset=\"https:\/\/schuleammorungenweg.de\/wp-content\/uploads\/2026\/05\/1000089602-300x225.jpg 300w, https:\/\/schuleammorungenweg.de\/wp-content\/uploads\/2026\/05\/1000089602-1024x768.jpg 1024w, https:\/\/schuleammorungenweg.de\/wp-content\/uploads\/2026\/05\/1000089602-768x576.jpg 768w, https:\/\/schuleammorungenweg.de\/wp-content\/uploads\/2026\/05\/1000089602-1536x1152.jpg 1536w, https:\/\/schuleammorungenweg.de\/wp-content\/uploads\/2026\/05\/1000089602-2048x1536.jpg 2048w\" sizes=\"(max-width: 300px) 100vw, 300px\" \/> \u00a0<img loading=\"lazy\" class=\"alignnone size-medium wp-image-2218\" src=\"https:\/\/schuleammorungenweg.de\/wp-content\/uploads\/2026\/05\/1000089600-225x300.jpg\" alt=\"\" width=\"225\" height=\"300\" srcset=\"https:\/\/schuleammorungenweg.de\/wp-content\/uploads\/2026\/05\/1000089600-225x300.jpg 225w, https:\/\/schuleammorungenweg.de\/wp-content\/uploads\/2026\/05\/1000089600-768x1024.jpg 768w, https:\/\/schuleammorungenweg.de\/wp-content\/uploads\/2026\/05\/1000089600-1152x1536.jpg 1152w, https:\/\/schuleammorungenweg.de\/wp-content\/uploads\/2026\/05\/1000089600-1536x2048.jpg 1536w, https:\/\/schuleammorungenweg.de\/wp-content\/uploads\/2026\/05\/1000089600-scaled.jpg 1920w\" sizes=\"(max-width: 225px) 100vw, 225px\" \/><\/p>\n","protected":false},"excerpt":{"rendered":"<p>Im Rahmen unserer Aktion \u201eSicherer Schulweg\u201c standen in der vergangende Woche morgens Kinder unserer Schule gemeinsam mit Teilen der Elternschaft, &hellip; <\/p>\n","protected":false},"author":1,"featured_media":0,"parent":0,"menu_order":0,"comment_status":"closed","ping_status":"closed","template":"","meta":{"_mc_calendar":[]},"aioseo_notices":[],"_links":{"self":[{"href":"https:\/\/schuleammorungenweg.de\/index.php?rest_route=\/wp\/v2\/pages\/2215"}],"collection":[{"href":"https:\/\/schuleammorungenweg.de\/index.php?rest_route=\/wp\/v2\/pages"}],"about":[{"href":"https:\/\/schuleammorungenweg.de\/index.php?rest_route=\/wp\/v2\/types\/page"}],"author":[{"embeddable":true,"href":"https:\/\/schuleammorungenweg.de\/index.php?rest_route=\/wp\/v2\/users\/1"}],"replies":[{"embeddable":true,"href":"https:\/\/schuleammorungenweg.de\/index.php?rest_route=%2Fwp%2Fv2%2Fcomments&post=2215"}],"version-history":[{"count":1,"href":"https:\/\/schuleammorungenweg.de\/index.php?rest_route=\/wp\/v2\/pages\/2215\/revisions"}],"predecessor-version":[{"id":2221,"href":"https:\/\/schuleammorungenweg.de\/index.php?rest_route=\/wp\/v2\/pages\/2215\/revisions\/2221"}],"wp:attachment":[{"href":"https:\/\/schuleammorungenweg.de\/index.php?rest_route=%2Fwp%2Fv2%2Fmedia&parent=2215"}],"curies":[{"name":"wp","href":"https:\/\/api.w.org\/{rel}","templated":true}]}}