{"id":219,"date":"2020-05-26T09:52:18","date_gmt":"2020-05-26T09:52:18","guid":{"rendered":"http:\/\/schuleammorungenweg.de\/?page_id=219"},"modified":"2026-03-23T14:24:09","modified_gmt":"2026-03-23T14:24:09","slug":"leitbild","status":"publish","type":"page","link":"https:\/\/schuleammorungenweg.de\/?page_id=219","title":{"rendered":"Unser Leitbild"},"content":{"rendered":"<p style=\"text-align: justify;\"><span style=\"color: #008000; font-family: arial,helvetica,sans-serif; font-size: 14pt;\"><strong>Vielfalt ist unsere St\u00e4rke<\/strong><\/span><\/p>\n<p>An unserer Schule lernen Kinder mit ganz unterschiedlichen Lebensgeschichten, Erfahrungen und F\u00e4higkeiten gemeinsam. Jedes Kind bringt seine eigene Pers\u00f6nlichkeit, Interessen und St\u00e4rken mit \u2013 unabh\u00e4ngig von Herkunft, Sprache, Geschlecht, Religion oder individuellen Voraussetzungen. Diese Vielfalt ist f\u00fcr uns selbstverst\u00e4ndlich und ein wertvoller Bestandteil unseres Schullebens.<\/p>\n<p>Wir verstehen unsere Schule als einen Ort, an dem sich alle Kinder sicher, respektiert und willkommen f\u00fchlen. Deshalb legen wir gro\u00dfen Wert auf ein diskriminierungssensibles Miteinander. Wir setzen uns aktiv daf\u00fcr ein, Vorurteile abzubauen, Ausgrenzung entgegenzuwirken und ein Klima der Offenheit und Wertsch\u00e4tzung zu f\u00f6rdern. Unterschiedlichkeit wird bei uns nicht nur akzeptiert, sondern bewusst wahrgenommen und als Chance f\u00fcr gemeinsames Lernen genutzt.<\/p>\n<p>Im Unterricht und im Schulalltag greifen wir die verschiedenen Perspektiven der Kinder auf und beziehen sie in unsere p\u00e4dagogische Arbeit ein. So entsteht ein lebendiges Lernumfeld, in dem Kinder voneinander und miteinander lernen k\u00f6nnen. Gleichzeitig ist es uns wichtig, jedes Kind individuell zu f\u00f6rdern und zu begleiten. Wir schaffen Bedingungen, die es allen erm\u00f6glichen, ihre F\u00e4higkeiten, Fertigkeiten und Kenntnisse zu entdecken, zu erweitern und zu vertiefen.<\/p>\n<p>Ein besonderes Anliegen ist uns die F\u00f6rderung von Chancengerechtigkeit. Jedes Kind soll die M\u00f6glichkeit haben, sich entsprechend seiner Potenziale zu entwickeln und Selbstvertrauen in die eigenen F\u00e4higkeiten zu gewinnen. Dabei unterst\u00fctzen wir die Kinder darin, Verantwortung f\u00fcr sich und andere zu \u00fcbernehmen und respektvoll miteinander umzugehen.<\/p>\n<p>Dieser Grundgedanke pr\u00e4gt unser gesamtes Schulprogramm und unser t\u00e4gliches Handeln. Gemeinsam gestalten wir eine Schule, in der Vielfalt gelebt wird und jedes Kind seinen Platz findet.<\/p>\n<p>&nbsp;<\/p>\n<p style=\"text-align: justify;\"><span style=\"color: #008000; font-family: arial,helvetica,sans-serif; font-size: 14pt;\"><strong>Unsere Leitgedanken<\/strong><\/span><\/p>\n<p>Wir <span style=\"color: #ff0000;\">erziehen<\/span> die Kinder gemeinsam mit den Eltern zu starken, selbstst\u00e4ndigen und eigenverantwortlichen Pers\u00f6nlichkeiten.<\/p>\n<p>Wir<span style=\"color: #339966;\"> gestalten <\/span>Unterricht motivierend, um Lernfreude zu erhalten, zu f\u00f6rdern und weiterzuentwickeln.<\/p>\n<p>Wir <span style=\"color: #0000ff;\">motivieren<\/span> unsere Kinder, entsprechend ihrer individuellen F\u00e4higkeiten, ihre Leistungen unter Beweis zu stellen.<\/p>\n<p>Wir <span style=\"color: #ff00ff;\">f\u00f6rdern<\/span> und fordern unsere Kinder unter Ber\u00fccksichtigung ihrer individuellen Begabungen und F\u00e4higkeiten.<\/p>\n<p>Wir <span style=\"color: #ff6600;\">pflegen<\/span> unser Schulleben durch gemeinsame Aktivit\u00e4ten.<\/p>\n","protected":false},"excerpt":{"rendered":"<p>Vielfalt ist unsere St\u00e4rke An unserer Schule lernen Kinder mit ganz unterschiedlichen Lebensgeschichten, Erfahrungen und F\u00e4higkeiten gemeinsam. Jedes Kind bringt &hellip; <\/p>\n","protected":false},"author":1,"featured_media":0,"parent":0,"menu_order":0,"comment_status":"closed","ping_status":"closed","template":"","meta":{"_mc_calendar":[]},"aioseo_notices":[],"_links":{"self":[{"href":"https:\/\/schuleammorungenweg.de\/index.php?rest_route=\/wp\/v2\/pages\/219"}],"collection":[{"href":"https:\/\/schuleammorungenweg.de\/index.php?rest_route=\/wp\/v2\/pages"}],"about":[{"href":"https:\/\/schuleammorungenweg.de\/index.php?rest_route=\/wp\/v2\/types\/page"}],"author":[{"embeddable":true,"href":"https:\/\/schuleammorungenweg.de\/index.php?rest_route=\/wp\/v2\/users\/1"}],"replies":[{"embeddable":true,"href":"https:\/\/schuleammorungenweg.de\/index.php?rest_route=%2Fwp%2Fv2%2Fcomments&post=219"}],"version-history":[{"count":16,"href":"https:\/\/schuleammorungenweg.de\/index.php?rest_route=\/wp\/v2\/pages\/219\/revisions"}],"predecessor-version":[{"id":2214,"href":"https:\/\/schuleammorungenweg.de\/index.php?rest_route=\/wp\/v2\/pages\/219\/revisions\/2214"}],"wp:attachment":[{"href":"https:\/\/schuleammorungenweg.de\/index.php?rest_route=%2Fwp%2Fv2%2Fmedia&parent=219"}],"curies":[{"name":"wp","href":"https:\/\/api.w.org\/{rel}","templated":true}]}}