{"id":216,"date":"2020-05-26T09:52:17","date_gmt":"2020-05-26T09:52:17","guid":{"rendered":"http:\/\/schuleammorungenweg.de\/?page_id=216"},"modified":"2023-11-21T13:04:13","modified_gmt":"2023-11-21T13:04:13","slug":"begegnunsgsjahr","status":"publish","type":"page","link":"https:\/\/schuleammorungenweg.de\/?page_id=216","title":{"rendered":"Begegnunsgsjahr"},"content":{"rendered":"<table style=\"border-collapse: collapse; width: 100%; height: 920px;\">\n<tbody>\n<tr style=\"height: 24px;\">\n<td style=\"width: 100%; height: 24px; text-align: left;\"><span style=\"font-family: arial, helvetica, sans-serif; color: #008000;\"><strong><u>Unser \u00fcblicher Ablauf des Begegnungsjahres<\/u><\/strong><\/span><\/td>\n<\/tr>\n<tr style=\"height: 24px;\">\n<td style=\"width: 100%; height: 24px;\"><\/td>\n<\/tr>\n<tr style=\"height: 248px;\">\n<td style=\"width: 100%; height: 248px;\">\n<p style=\"text-align: left;\"><span style=\"font-family: arial, helvetica, sans-serif; color: #008000;\"><strong>Tag der offenen T\u00fcr <\/strong>(September)<\/span><\/p>\n<p style=\"text-align: left;\"><span style=\"font-family: arial, helvetica, sans-serif;\">F\u00fcr einen ersten Eindruck \u00f6ffnen wir f\u00fcr alle Familien, die sich f\u00fcr unsere Schule interessieren im September unsere T\u00fcren.<\/span><\/p>\n<p style=\"text-align: left;\"><span style=\"font-family: arial, helvetica, sans-serif;\">Dabei bieten wir folgende Angebote an:<\/span><\/p>\n<ul>\n<li style=\"text-align: left;\"><span style=\"font-family: arial, helvetica, sans-serif;\">F\u00fchrungen durch das Schulhaus durch Kinder der 4. Schuljahre<\/span><\/li>\n<li style=\"text-align: left;\"><span style=\"font-family: arial, helvetica, sans-serif;\">Infost\u00e4nde \u00fcber das gesamte Schulleben: <\/span><br \/>\n<span style=\"font-family: arial, helvetica, sans-serif;\">Gestaltung des Schuljahres, F\u00f6rderverein und HSU<\/span><\/li>\n<li style=\"text-align: left;\"><span style=\"font-family: arial, helvetica, sans-serif;\">Gespr\u00e4che mit Lehrer*innen<\/span><\/li>\n<\/ul>\n<\/td>\n<\/tr>\n<tr style=\"height: 24px;\">\n<td style=\"width: 100%; height: 24px;\"><\/td>\n<\/tr>\n<tr style=\"height: 224px;\">\n<td style=\"width: 100%; height: 224px;\">\n<p style=\"text-align: left;\"><span style=\"font-family: arial, helvetica, sans-serif; color: #008000;\"><strong>Schulanmeldung<\/strong> (Oktober)<\/span><\/p>\n<p style=\"text-align: left;\"><span style=\"font-family: arial, helvetica, sans-serif;\">Am Anmeldetag empfangen wir jede Eltern mit dem zuk\u00fcnftigen Erstkl\u00e4sslerkind in unserer Pausenhalle. Hier f\u00fcllen die Eltern die Aufnahmeb\u00f6gen aus. Die Eltern der Schulpflegschaft versorgen die Eltern mit Geb\u00e4ck und Kaffeeangeboten.<\/span><\/p>\n<p>Mitzubringen sind: Anmeldeaufforderung der Stadt,\u00a0 Geburtsurkunde\/Stammbuch, Impfausweis und das anzumeldende Kind.<\/p>\n<p style=\"text-align: left;\"><span style=\"font-family: arial, helvetica, sans-serif;\">In einem separaten Raum lernen wir das zuk\u00fcnftige Erstkl\u00e4sslerkind mit den Eltern kennen.<\/span><\/p>\n<p style=\"text-align: left;\"><span style=\"font-family: arial, helvetica, sans-serif;\">Zur \u00dcbersicht erhalten die Familien ein Heft, in dem alle Informationen \u00fcber das Begegnungsjahr und die Schule zusammengefasst sind. Alle Themen finden Sie jedoch auch auf dieser Homepage.<\/span><\/p>\n<\/td>\n<\/tr>\n<tr style=\"height: 24px;\">\n<td style=\"width: 100%; height: 24px;\"><\/td>\n<\/tr>\n<tr style=\"height: 120px;\">\n<td style=\"width: 100%; height: 120px;\">\n<p style=\"text-align: left;\"><span style=\"font-family: arial, helvetica, sans-serif; color: #008000;\"><strong>Einladung zum Schnupperunterricht<\/strong> (Anfang des Kalenderjahres)<\/span><\/p>\n<p style=\"text-align: left;\"><span style=\"font-family: arial, helvetica, sans-serif;\">Kleingruppen von ca. 10-12 Kindern werden f\u00fcr etwa eine Stunde eingeladen und d\u00fcrfen erstmalig ein Gef\u00fchl kennenlernen in der Schule zu sein. \u00a0Hier wird gebastelt, gemalt, vorgelesen und etwas spielerisch gelernt.<\/span><\/p>\n<\/td>\n<\/tr>\n<tr style=\"height: 24px;\">\n<td style=\"width: 100%; height: 24px;\"><\/td>\n<\/tr>\n<tr style=\"height: 160px;\">\n<td style=\"width: 100%; height: 160px;\">\n<p style=\"text-align: left;\"><span style=\"font-family: arial, helvetica, sans-serif; color: #008000;\"><strong>Besuch im Kindergarten <\/strong>(im Fr\u00fchjahr)<\/span><\/p>\n<p style=\"text-align: left;\"><span style=\"font-family: arial, helvetica, sans-serif;\">Um die Kinder in ihrem gewohnten Umfeld noch besser kennenlernen zu k\u00f6nnen, vereinbaren wir mit den Kinderg\u00e4rten in unserem unmittelbaren Umkreis und bei Bedarf Besuchstermine.<\/span><\/p>\n<p style=\"text-align: left;\"><span style=\"font-family: arial, helvetica, sans-serif;\">Hier zeigen uns die Kinder ihre aktuelle \u201eWelt\u201c.<\/span><\/p>\n<\/td>\n<\/tr>\n<tr style=\"height: 24px;\">\n<td style=\"width: 100%; height: 24px;\"><span style=\"font-family: arial, helvetica, sans-serif;\">\u00a0<\/span><\/td>\n<\/tr>\n<tr style=\"height: 24px;\">\n<td style=\"width: 100%; height: 24px;\">\n<p style=\"text-align: left;\"><span style=\"font-family: arial, helvetica, sans-serif; color: #008000;\"><strong>Eltern-Kind-Training <\/strong>(im Fr\u00fchjahr)<\/span><\/p>\n<p style=\"text-align: left;\"><span style=\"font-family: arial, helvetica, sans-serif;\">Seit 2012 wir das Eltern-Kind-Training \u201eStarke Kinder \u2013 Fit f\u00fcr die Schule\u201c bei uns angeboten. Die CSE \u00fcbernimmt die Durchf\u00fchrung. Die Schulanf\u00e4nger werden gemeinsam mit ihren Eltern in einer kleinen Gruppe von ca. 8-12 Familien an vier Nachmittagen in die Schule eingeladen. Ziel ist es weiterhin, die Kinder freudvoll an das Thema Schule heranzuf\u00fchren, Hemmungen abzubauen und die Schule und erste Regeln kennenzulernen.<\/span><\/p>\n<\/td>\n<\/tr>\n<tr>\n<td style=\"width: 100%;\"><\/td>\n<\/tr>\n<tr>\n<td style=\"width: 100%;\">\n<p style=\"text-align: left;\"><span style=\"font-family: arial, helvetica, sans-serif; color: #008000;\"><strong>Eltern \u2013 Informationsabend <\/strong>(im Sommer)<\/span><\/p>\n<p style=\"text-align: left;\"><span style=\"font-family: arial, helvetica, sans-serif;\">Kurz vor den Sommerferien laden wir alle Eltern der Schulanf\u00e4nger zu einem gemeinsamen Informationsabend ein.<\/span><\/p>\n<p style=\"text-align: left;\"><span style=\"font-family: arial, helvetica, sans-serif;\"><strong>Hier erhalten Sie Informationen zu:<\/strong><\/span><\/p>\n<ul style=\"text-align: left;\">\n<li><span style=\"font-family: arial, helvetica, sans-serif;\">der Klasseneinteilung<\/span><\/li>\n<li><span style=\"font-family: arial, helvetica, sans-serif;\">der Klassenlehrer*in (bei gekl\u00e4rter Personalbesetzung)<\/span><\/li>\n<li><span style=\"font-family: arial, helvetica, sans-serif;\">Materialliste f\u00fcr den Schulanfang<\/span><\/li>\n<li><span style=\"font-family: arial, helvetica, sans-serif;\">Infomaterialien vom Schultr\u00e4ger und\/oder Ministerium.<\/span><\/li>\n<\/ul>\n<p style=\"text-align: left;\"><span style=\"font-family: arial, helvetica, sans-serif;\">Zus\u00e4tzlich erhalten alle einen Patenbrief f\u00fcr die Kinder. Dieser wurde von den zugeteilten Kindern aus den 3. Schuljahr geschrieben um sich bereits vor den Sommerferien vorzustellen.<\/span><\/p>\n<\/td>\n<\/tr>\n<tr>\n<td style=\"width: 100%;\"><\/td>\n<\/tr>\n<tr>\n<td style=\"width: 100%;\">\n<p style=\"text-align: left;\"><span style=\"font-family: arial, helvetica, sans-serif; color: #008000;\"><strong>Kennenlern \u2013 Nachmittag <\/strong>(im Sommer)<\/span><\/p>\n<p style=\"text-align: left;\"><span style=\"font-family: arial, helvetica, sans-serif;\">Nachdem nun die Klasseneinteilung abgeschlossen ist, treffen sich die Kinder der zuk\u00fcnftigen Klassen mit ihren Klassenlehrer*innen zu einem Spielenachmittag.<\/span><\/p>\n<\/td>\n<\/tr>\n<tr>\n<td style=\"width: 100%;\"><\/td>\n<\/tr>\n<tr>\n<td style=\"width: 100%;\">\n<p style=\"text-align: left;\"><span style=\"font-family: arial, helvetica, sans-serif; color: #008000;\"><strong>Amts\u00e4rztliche Untersuchung<\/strong><\/span><\/p>\n<p style=\"text-align: left;\"><span style=\"font-family: arial, helvetica, sans-serif;\">Zeitnah zum 6. Geburtstag eines Kindes findet die amts\u00e4rztliche <\/span><span style=\"font-family: arial, helvetica, sans-serif;\">Untersuchung zentral f\u00fcr alle Schulanf\u00e4nger im Gesundheitsamt der Stadt<br \/>\n<\/span><span style=\"font-family: arial, helvetica, sans-serif;\">Essen statt. Eine Durchschrift der Elterninformation erh\u00e4lt die Schule.<\/span><\/p>\n<\/td>\n<\/tr>\n<\/tbody>\n<\/table>\n","protected":false},"excerpt":{"rendered":"<p>Unser \u00fcblicher Ablauf des Begegnungsjahres Tag der offenen T\u00fcr (September) F\u00fcr einen ersten Eindruck \u00f6ffnen wir f\u00fcr alle Familien, die &hellip; <\/p>\n","protected":false},"author":1,"featured_media":0,"parent":0,"menu_order":0,"comment_status":"closed","ping_status":"closed","template":"","meta":{"_mc_calendar":[]},"aioseo_notices":[],"_links":{"self":[{"href":"https:\/\/schuleammorungenweg.de\/index.php?rest_route=\/wp\/v2\/pages\/216"}],"collection":[{"href":"https:\/\/schuleammorungenweg.de\/index.php?rest_route=\/wp\/v2\/pages"}],"about":[{"href":"https:\/\/schuleammorungenweg.de\/index.php?rest_route=\/wp\/v2\/types\/page"}],"author":[{"embeddable":true,"href":"https:\/\/schuleammorungenweg.de\/index.php?rest_route=\/wp\/v2\/users\/1"}],"replies":[{"embeddable":true,"href":"https:\/\/schuleammorungenweg.de\/index.php?rest_route=%2Fwp%2Fv2%2Fcomments&post=216"}],"version-history":[{"count":5,"href":"https:\/\/schuleammorungenweg.de\/index.php?rest_route=\/wp\/v2\/pages\/216\/revisions"}],"predecessor-version":[{"id":1749,"href":"https:\/\/schuleammorungenweg.de\/index.php?rest_route=\/wp\/v2\/pages\/216\/revisions\/1749"}],"wp:attachment":[{"href":"https:\/\/schuleammorungenweg.de\/index.php?rest_route=%2Fwp%2Fv2%2Fmedia&parent=216"}],"curies":[{"name":"wp","href":"https:\/\/api.w.org\/{rel}","templated":true}]}}