{"id":2158,"date":"2025-11-16T11:17:00","date_gmt":"2025-11-16T11:17:00","guid":{"rendered":"https:\/\/schuleammorungenweg.de\/?page_id=2158"},"modified":"2025-11-16T11:17:00","modified_gmt":"2025-11-16T11:17:00","slug":"st-martin-2025","status":"publish","type":"page","link":"https:\/\/schuleammorungenweg.de\/?page_id=2158","title":{"rendered":"St. Martin 2025"},"content":{"rendered":"<p data-start=\"91\" data-end=\"151\"><strong data-start=\"91\" data-end=\"149\">Ein leuchtender St. Martinsvormittag an unserer Schule<\/strong><\/p>\n<p data-start=\"153\" data-end=\"621\">Am Dienstag, den 11.11.25, erlebten unsere Sch\u00fclerinnen und Sch\u00fcler einen wundersch\u00f6nen St. Martinsvormittag voller Musik, Lichter und guter Laune. Die Klasse 3a machte eine stimmungsvolle Auff\u00fchrung in der Turnhalle, bei der sie die Geschichte von St. Martin mit viel Freude und Engagement erz\u00e4hlten und einstudierte Lieder vorsangen. Die jungen Schauspielerinnen und Schauspieler wurden dabei von ihren Mitsch\u00fclerinnen und Mitsch\u00fclern sowie dem gesamten Kollegium begeistert gefeiert.<\/p>\n<p data-start=\"623\" data-end=\"867\">Im Anschluss daran machten sich alle Kind\u00a0\u00a0\u00a0er mit ihren bunten Laternen auf den Weg durch den nahegelegenen Park. Gemeinsam sangen wir traditionelle Martinslieder und genossen die liebevoll gebastelten Laternen.<\/p>\n<p data-start=\"869\" data-end=\"1101\">In den Klassen fanden verschiedene Bastel- und St.-Martins-Angebote statt. Die Kinder konnten kreativ werden und kleine Martinsaktivit\u00e4ten ausprobieren \u2013 f\u00fcr viel Spa\u00df und Abwechslung war gesorgt.<\/p>\n<p data-start=\"1103\" data-end=\"1339\">Ein herzliches Dankesch\u00f6n geht an unseren F\u00f6rderverein, der gro\u00dfz\u00fcgig gro\u00dfe Stutenkerle f\u00fcr jede Klasse und das Kollegium gespendet hat. Die leckere \u00dcberraschung hat den Tag f\u00fcr alle noch einmal besonders vers\u00fc\u00dft und f\u00fcr strahlende Kinderaugen gesorgt. Es war ein rundum gelungener Vormittag, der die Freude am Teilen, Singen und Zusammensein auf wunderbare Weise erlebbar machte.<\/p>\n<p data-start=\"1103\" data-end=\"1339\">\u00a0<img loading=\"lazy\" class=\"alignnone size-medium wp-image-2160\" src=\"https:\/\/schuleammorungenweg.de\/wp-content\/uploads\/2025\/11\/7a5e21eb-5673-4bab-9462-5a3ec82e19a2-300x221.jpg\" alt=\"\" width=\"300\" height=\"221\" srcset=\"https:\/\/schuleammorungenweg.de\/wp-content\/uploads\/2025\/11\/7a5e21eb-5673-4bab-9462-5a3ec82e19a2-300x221.jpg 300w, https:\/\/schuleammorungenweg.de\/wp-content\/uploads\/2025\/11\/7a5e21eb-5673-4bab-9462-5a3ec82e19a2-1024x754.jpg 1024w, https:\/\/schuleammorungenweg.de\/wp-content\/uploads\/2025\/11\/7a5e21eb-5673-4bab-9462-5a3ec82e19a2-768x565.jpg 768w, https:\/\/schuleammorungenweg.de\/wp-content\/uploads\/2025\/11\/7a5e21eb-5673-4bab-9462-5a3ec82e19a2-1536x1131.jpg 1536w, https:\/\/schuleammorungenweg.de\/wp-content\/uploads\/2025\/11\/7a5e21eb-5673-4bab-9462-5a3ec82e19a2.jpg 1982w\" sizes=\"(max-width: 300px) 100vw, 300px\" \/><\/p>\n<p data-start=\"1103\" data-end=\"1339\"><img loading=\"lazy\" class=\"alignnone  wp-image-2162\" src=\"https:\/\/schuleammorungenweg.de\/wp-content\/uploads\/2025\/11\/d6619d3f-e9a2-4533-a679-c3b2fdd807ed-300x166.jpg\" alt=\"\" width=\"310\" height=\"171\" srcset=\"https:\/\/schuleammorungenweg.de\/wp-content\/uploads\/2025\/11\/d6619d3f-e9a2-4533-a679-c3b2fdd807ed-300x166.jpg 300w, https:\/\/schuleammorungenweg.de\/wp-content\/uploads\/2025\/11\/d6619d3f-e9a2-4533-a679-c3b2fdd807ed-1024x565.jpg 1024w, https:\/\/schuleammorungenweg.de\/wp-content\/uploads\/2025\/11\/d6619d3f-e9a2-4533-a679-c3b2fdd807ed-768x424.jpg 768w, https:\/\/schuleammorungenweg.de\/wp-content\/uploads\/2025\/11\/d6619d3f-e9a2-4533-a679-c3b2fdd807ed.jpg 1080w\" sizes=\"(max-width: 310px) 100vw, 310px\" \/><\/p>\n","protected":false},"excerpt":{"rendered":"<p>Ein leuchtender St. Martinsvormittag an unserer Schule Am Dienstag, den 11.11.25, erlebten unsere Sch\u00fclerinnen und Sch\u00fcler einen wundersch\u00f6nen St. Martinsvormittag &hellip; <\/p>\n","protected":false},"author":1,"featured_media":0,"parent":0,"menu_order":0,"comment_status":"closed","ping_status":"closed","template":"","meta":{"_mc_calendar":[]},"aioseo_notices":[],"_links":{"self":[{"href":"https:\/\/schuleammorungenweg.de\/index.php?rest_route=\/wp\/v2\/pages\/2158"}],"collection":[{"href":"https:\/\/schuleammorungenweg.de\/index.php?rest_route=\/wp\/v2\/pages"}],"about":[{"href":"https:\/\/schuleammorungenweg.de\/index.php?rest_route=\/wp\/v2\/types\/page"}],"author":[{"embeddable":true,"href":"https:\/\/schuleammorungenweg.de\/index.php?rest_route=\/wp\/v2\/users\/1"}],"replies":[{"embeddable":true,"href":"https:\/\/schuleammorungenweg.de\/index.php?rest_route=%2Fwp%2Fv2%2Fcomments&post=2158"}],"version-history":[{"count":1,"href":"https:\/\/schuleammorungenweg.de\/index.php?rest_route=\/wp\/v2\/pages\/2158\/revisions"}],"predecessor-version":[{"id":2164,"href":"https:\/\/schuleammorungenweg.de\/index.php?rest_route=\/wp\/v2\/pages\/2158\/revisions\/2164"}],"wp:attachment":[{"href":"https:\/\/schuleammorungenweg.de\/index.php?rest_route=%2Fwp%2Fv2%2Fmedia&parent=2158"}],"curies":[{"name":"wp","href":"https:\/\/api.w.org\/{rel}","templated":true}]}}