{"id":214,"date":"2020-05-26T09:52:17","date_gmt":"2020-05-26T09:52:17","guid":{"rendered":"http:\/\/schuleammorungenweg.de\/?page_id=214"},"modified":"2023-11-23T09:45:33","modified_gmt":"2023-11-23T09:45:33","slug":"schuleingangsphase","status":"publish","type":"page","link":"https:\/\/schuleammorungenweg.de\/?page_id=214","title":{"rendered":"Schuleingangsphase"},"content":{"rendered":"<p class=\"font_8\" style=\"text-align: justify;\">In den ersten beiden Klassen besuchen die Kinder die so genannte Schuleingangsphase. Je nach Entwicklungsstand des Kindes kann es diese in einem Jahr, in zwei Jahren oder in drei Jahren durchlaufen.<\/p>\n<p class=\"font_8\" style=\"text-align: justify;\">An unserer Schule unterrichten wir sowohl in der Schuleingangsphase als auch in den Klassen 3 und 4\u00a0 in jahrgangsbezogenen Gruppen.<br \/>\nDie Kinder k\u00f6nnen so in der Regel w\u00e4hrend ihrer gesamten Grundschulzeit in einer festen Bezugsgruppe meist bei derselben Klassenlehrerin\/ demselben Klassenlehrer lernen.<\/p>\n<p style=\"text-align: justify;\">Ein multiprofessionelles Team aus Grundschullehrer*innen, Sonderp\u00e4dagog*innen und Sozialp\u00e4dagog*innen ist im st\u00e4ndigen Austausch um ihre Beobachtungen im Sinne des Kindes gemeinsam einzusch\u00e4tzen. Diese Einsch\u00e4tzungen werden in regelm\u00e4\u00dfigen Abst\u00e4nden mit den Eltern\/ Erziehungsberechtigten besprochen.<\/p>\n","protected":false},"excerpt":{"rendered":"<p>In den ersten beiden Klassen besuchen die Kinder die so genannte Schuleingangsphase. Je nach Entwicklungsstand des Kindes kann es diese &hellip; <\/p>\n","protected":false},"author":1,"featured_media":0,"parent":0,"menu_order":0,"comment_status":"closed","ping_status":"closed","template":"","meta":{"_mc_calendar":[]},"aioseo_notices":[],"_links":{"self":[{"href":"https:\/\/schuleammorungenweg.de\/index.php?rest_route=\/wp\/v2\/pages\/214"}],"collection":[{"href":"https:\/\/schuleammorungenweg.de\/index.php?rest_route=\/wp\/v2\/pages"}],"about":[{"href":"https:\/\/schuleammorungenweg.de\/index.php?rest_route=\/wp\/v2\/types\/page"}],"author":[{"embeddable":true,"href":"https:\/\/schuleammorungenweg.de\/index.php?rest_route=\/wp\/v2\/users\/1"}],"replies":[{"embeddable":true,"href":"https:\/\/schuleammorungenweg.de\/index.php?rest_route=%2Fwp%2Fv2%2Fcomments&post=214"}],"version-history":[{"count":8,"href":"https:\/\/schuleammorungenweg.de\/index.php?rest_route=\/wp\/v2\/pages\/214\/revisions"}],"predecessor-version":[{"id":1796,"href":"https:\/\/schuleammorungenweg.de\/index.php?rest_route=\/wp\/v2\/pages\/214\/revisions\/1796"}],"wp:attachment":[{"href":"https:\/\/schuleammorungenweg.de\/index.php?rest_route=%2Fwp%2Fv2%2Fmedia&parent=214"}],"curies":[{"name":"wp","href":"https:\/\/api.w.org\/{rel}","templated":true}]}}