{"id":211,"date":"2020-05-26T09:52:17","date_gmt":"2020-05-26T09:52:17","guid":{"rendered":"http:\/\/schuleammorungenweg.de\/?page_id=211"},"modified":"2026-01-22T11:19:21","modified_gmt":"2026-01-22T11:19:21","slug":"kinderparlament","status":"publish","type":"page","link":"https:\/\/schuleammorungenweg.de\/?page_id=211","title":{"rendered":"Kinderparlament"},"content":{"rendered":"<h3 style=\"text-align: justify;\"><span style=\"font-family: arial, helvetica, sans-serif; font-size: 16px;\"><strong><span style=\"color: #008000;\">Demokratie und Politik \u2013 ein Thema f\u00fcr Kinder in der Grundschule?<\/span><\/strong><\/span><\/h3>\n<p style=\"text-align: justify;\"><span style=\"font-family: arial, helvetica, sans-serif; font-size: 16px; color: #000000;\">Die Schule am Morungenweg hat mit dem Schuljahr 2019\/20 das Kinderparlament als neues wichtiges Gremium ins Leben gerufen. Dieses besteht aus jeweils zwei Vertretern jeder Klasse.<\/span><\/p>\n<p style=\"text-align: justify;\"><span style=\"font-family: arial, helvetica, sans-serif; font-size: 16px; color: #000000;\">Im Sinne eines Demokratiep\u00e4dagogik und der Mitbestimmung der Sch\u00fclerinnen und Sch\u00fcler ist dies ein gew\u00e4hltes Mittel, um die Kinder Teile der Schule mitgestalten zu lassen. Das Kinderparlament bietet einmal im Monat die M\u00f6glichkeit, dass Kinder Themen, die sie selbst interessieren oder die sie von ihren Mitsch\u00fclern im w\u00f6chentlich stattfindenden Klassenrat gesammelt haben, besprechen k\u00f6nnen.<\/span><\/p>\n<p style=\"text-align: justify;\"><span style=\"font-family: arial, helvetica, sans-serif; font-size: 16px; color: #000000;\">Dies gibt den Kindern bereits im Alter von 6 bis 11 Jahren die M\u00f6glichkeit im kleineren Rahmen einen Einblick in politisches und demokratisches Denken zu bekommen.<\/span><\/p>\n<p style=\"text-align: justify;\"><span style=\"font-family: arial, helvetica, sans-serif; font-size: 16px; color: #000000;\">Nachhaltig ist f\u00fcr die Kinder hierbei, sich der Mehrheit zu beugen, auch wenn das Ergebnis nicht immer mit den eigenen Vorstellungen \u00fcbereinstimmt und Mitbestimmung auch eigenen Einsatz erfordert.<\/span><\/p>\n<p style=\"text-align: justify;\"><span style=\"font-family: arial, helvetica, sans-serif; font-size: 16px; color: #000000;\">Die gew\u00e4hlten Vertreter werden anschlie\u00dfend mit einer offiziellen Einladung zu einem gemeinsamen Kinderparlament eingeladen. Hier wird bereits das Thema des n\u00e4chsten Kinderparlaments genannt und alle Klassen und Gruppen f\u00fchren jeweils intern einen Klassen- \/ Gruppenrat durch und notieren ihre eigenen Ideen, Fragen und Anregungen.<\/span><\/p>\n<p style=\"text-align: justify;\"><span style=\"font-family: arial, helvetica, sans-serif; font-size: 16px; color: #000000;\">Im Kinderparlament werden diese vorbereiteten Informationen der Klassen bzw. Gruppen mit den Kinderparlamentsmitgliedern besprochen. Wichtige Abstimmungen \u00fcber Ihre eigenen Belange, geh\u00f6ren genauso zu den Aufgaben des gew\u00e4hlten Parlaments, wie das Sammeln kreativer Ideen.<\/span><\/p>\n<p style=\"text-align: justify;\"><span style=\"font-family: arial, helvetica, sans-serif; font-size: 16px; color: #000000;\">Die gemeinsamen Treffen finden jeden Monat f\u00fcr je eine Schulstunde statt. Aufgrund der Gr\u00f6\u00dfe unserer Schule findet <\/span><span style=\"font-family: arial, helvetica, sans-serif; font-size: 16px; color: #000000;\">das Parlament <\/span><span style=\"font-family: arial, helvetica, sans-serif; font-size: 16px; color: #000000;\">seit dem Schuljahr 2024\/25 nach Jahrgang 1\/2 und 3\/4 getrennt statt.<\/span><\/p>\n<p style=\"text-align: justify;\"><span style=\"font-family: arial, helvetica, sans-serif; color: #000000; font-size: 16px;\">Die Kinder sprechen \u00fcber f\u00fcr sie relevante Themen wie:<\/span><\/p>\n<ul style=\"list-style-type: square;\">\n<li style=\"text-align: justify;\"><span style=\"font-family: arial, helvetica, sans-serif; color: #000000; font-size: 16px;\">Aktuelles\u00a0 (z. B. Gestaltung des neuen Kletterger\u00fcstes, &#8230;)<\/span><\/li>\n<li style=\"text-align: justify;\"><span style=\"font-family: arial, helvetica, sans-serif; color: #000000; font-size: 16px;\">W\u00fcnsche und Ideen der Kinder f\u00fcr die Schule<br \/>\n(z. B. Pausengestaltung, Regel des Monats, \u2026)<\/span><\/li>\n<li style=\"text-align: justify;\"><span style=\"font-family: arial, helvetica, sans-serif; color: #000000; font-size: 16px;\">St\u00f6rungen in der Schule (z. B. Lautst\u00e4rke auf den Fluren)<\/span><\/li>\n<li>Schulwegsicherheit &#8230;<\/li>\n<\/ul>\n","protected":false},"excerpt":{"rendered":"<p>Demokratie und Politik \u2013 ein Thema f\u00fcr Kinder in der Grundschule? Die Schule am Morungenweg hat mit dem Schuljahr 2019\/20 &hellip; <\/p>\n","protected":false},"author":1,"featured_media":0,"parent":0,"menu_order":0,"comment_status":"closed","ping_status":"closed","template":"","meta":{"_mc_calendar":[]},"aioseo_notices":[],"_links":{"self":[{"href":"https:\/\/schuleammorungenweg.de\/index.php?rest_route=\/wp\/v2\/pages\/211"}],"collection":[{"href":"https:\/\/schuleammorungenweg.de\/index.php?rest_route=\/wp\/v2\/pages"}],"about":[{"href":"https:\/\/schuleammorungenweg.de\/index.php?rest_route=\/wp\/v2\/types\/page"}],"author":[{"embeddable":true,"href":"https:\/\/schuleammorungenweg.de\/index.php?rest_route=\/wp\/v2\/users\/1"}],"replies":[{"embeddable":true,"href":"https:\/\/schuleammorungenweg.de\/index.php?rest_route=%2Fwp%2Fv2%2Fcomments&post=211"}],"version-history":[{"count":9,"href":"https:\/\/schuleammorungenweg.de\/index.php?rest_route=\/wp\/v2\/pages\/211\/revisions"}],"predecessor-version":[{"id":2200,"href":"https:\/\/schuleammorungenweg.de\/index.php?rest_route=\/wp\/v2\/pages\/211\/revisions\/2200"}],"wp:attachment":[{"href":"https:\/\/schuleammorungenweg.de\/index.php?rest_route=%2Fwp%2Fv2%2Fmedia&parent=211"}],"curies":[{"name":"wp","href":"https:\/\/api.w.org\/{rel}","templated":true}]}}