{"id":2082,"date":"2025-06-02T13:37:21","date_gmt":"2025-06-02T13:37:21","guid":{"rendered":"https:\/\/schuleammorungenweg.de\/?page_id=2082"},"modified":"2025-06-02T13:37:21","modified_gmt":"2025-06-02T13:37:21","slug":"kinderflohmarkt-2025","status":"publish","type":"page","link":"https:\/\/schuleammorungenweg.de\/?page_id=2082","title":{"rendered":"Kinderflohmarkt 2025"},"content":{"rendered":"<p data-start=\"0\" data-end=\"75\"><strong data-start=\"0\" data-end=\"75\">Kinderflohmarkt an der Schule am Morungenweg\u00a0<\/strong><\/p>\n<p data-start=\"77\" data-end=\"341\">Am Samstag, den 17. Mai 2025, fand an der Schule am Morungenweg erstmals ein Kinderflohmarkt statt. Bei strahlendem Fr\u00fchlingswetter verwandelte sich das Schulgel\u00e4nde in einen lebhaften Treffpunkt f\u00fcr Familien, Kinder und Interessierte aus der Nachbarschaft.<\/p>\n<p data-start=\"343\" data-end=\"706\">Zahlreiche Eltern und ihre Kinder boten an ihren St\u00e4nden eine bunte Vielfalt an Kinderartikeln zum Verkauf an. Von Spielsachen \u00fcber B\u00fccher bis hin zu Kleidung \u2013 es gab vieles zu entdecken, zu st\u00f6bern und zu handeln. Dabei stand nicht nur der Verkauf im Vordergrund, sondern auch der Spa\u00df am Tauschen, Feilschen und gemeinsamen Miteinander.<\/p>\n<p data-start=\"708\" data-end=\"972\">F\u00fcr das leibliche Wohl sorgte die engagierte Schulpflegschaft. Mit einem abwechslungsreichen Kuchenbuffet, Kaffee und kalten Getr\u00e4nken war bestens f\u00fcr die Besucherinnen und Besucher gesorgt.<\/p>\n<p data-start=\"974\" data-end=\"1187\">Der Kinderflohmarkt war ein voller Erfolg und bot eine sch\u00f6ne Gelegenheit, sich au\u00dferhalb des Unterrichts auszutauschen, gemeinsam Zeit zu verbringen und gleichzeitig Nachhaltigkeit zu f\u00f6rdern.<\/p>\n<p data-start=\"1189\" data-end=\"1284\" data-is-last-node=\"\" data-is-only-node=\"\">Ein herzliches Dankesch\u00f6n an alle Helferinnen und Helfer, die diesen Tag m\u00f6glich gemacht haben!<\/p>\n<p data-start=\"1189\" data-end=\"1284\" data-is-last-node=\"\" data-is-only-node=\"\">\n<p data-start=\"1189\" data-end=\"1284\" data-is-last-node=\"\" data-is-only-node=\"\"><img loading=\"lazy\" class=\"alignnone size-medium wp-image-2083\" src=\"https:\/\/schuleammorungenweg.de\/wp-content\/uploads\/2025\/06\/0d80f8b2-fd28-4086-b711-d32dbe66cd8b-225x300.jpg\" alt=\"\" width=\"225\" height=\"300\" srcset=\"https:\/\/schuleammorungenweg.de\/wp-content\/uploads\/2025\/06\/0d80f8b2-fd28-4086-b711-d32dbe66cd8b-225x300.jpg 225w, https:\/\/schuleammorungenweg.de\/wp-content\/uploads\/2025\/06\/0d80f8b2-fd28-4086-b711-d32dbe66cd8b-768x1024.jpg 768w, https:\/\/schuleammorungenweg.de\/wp-content\/uploads\/2025\/06\/0d80f8b2-fd28-4086-b711-d32dbe66cd8b-1152x1536.jpg 1152w, https:\/\/schuleammorungenweg.de\/wp-content\/uploads\/2025\/06\/0d80f8b2-fd28-4086-b711-d32dbe66cd8b.jpg 1200w\" sizes=\"(max-width: 225px) 100vw, 225px\" \/> <img loading=\"lazy\" class=\"alignnone size-medium wp-image-2084\" src=\"https:\/\/schuleammorungenweg.de\/wp-content\/uploads\/2025\/06\/1a96ff4d-566d-49e1-9c8e-73d373e00ea7-225x300.jpg\" alt=\"\" width=\"225\" height=\"300\" srcset=\"https:\/\/schuleammorungenweg.de\/wp-content\/uploads\/2025\/06\/1a96ff4d-566d-49e1-9c8e-73d373e00ea7-225x300.jpg 225w, https:\/\/schuleammorungenweg.de\/wp-content\/uploads\/2025\/06\/1a96ff4d-566d-49e1-9c8e-73d373e00ea7-768x1024.jpg 768w, https:\/\/schuleammorungenweg.de\/wp-content\/uploads\/2025\/06\/1a96ff4d-566d-49e1-9c8e-73d373e00ea7-1152x1536.jpg 1152w, https:\/\/schuleammorungenweg.de\/wp-content\/uploads\/2025\/06\/1a96ff4d-566d-49e1-9c8e-73d373e00ea7.jpg 1200w\" sizes=\"(max-width: 225px) 100vw, 225px\" \/> \u00a0<img loading=\"lazy\" class=\"alignnone size-medium wp-image-2086\" src=\"https:\/\/schuleammorungenweg.de\/wp-content\/uploads\/2025\/06\/24524b7a-d701-4fd1-be75-b8b30564754a-225x300.jpg\" alt=\"\" width=\"225\" height=\"300\" srcset=\"https:\/\/schuleammorungenweg.de\/wp-content\/uploads\/2025\/06\/24524b7a-d701-4fd1-be75-b8b30564754a-225x300.jpg 225w, https:\/\/schuleammorungenweg.de\/wp-content\/uploads\/2025\/06\/24524b7a-d701-4fd1-be75-b8b30564754a-768x1024.jpg 768w, https:\/\/schuleammorungenweg.de\/wp-content\/uploads\/2025\/06\/24524b7a-d701-4fd1-be75-b8b30564754a-1152x1536.jpg 1152w, https:\/\/schuleammorungenweg.de\/wp-content\/uploads\/2025\/06\/24524b7a-d701-4fd1-be75-b8b30564754a.jpg 1200w\" sizes=\"(max-width: 225px) 100vw, 225px\" \/>\u00a0<img loading=\"lazy\" class=\"alignnone size-medium wp-image-2088\" src=\"https:\/\/schuleammorungenweg.de\/wp-content\/uploads\/2025\/06\/aa672db5-52fc-4a05-9be4-5c57826bbe38-225x300.jpg\" alt=\"\" width=\"225\" height=\"300\" srcset=\"https:\/\/schuleammorungenweg.de\/wp-content\/uploads\/2025\/06\/aa672db5-52fc-4a05-9be4-5c57826bbe38-225x300.jpg 225w, https:\/\/schuleammorungenweg.de\/wp-content\/uploads\/2025\/06\/aa672db5-52fc-4a05-9be4-5c57826bbe38-768x1024.jpg 768w, https:\/\/schuleammorungenweg.de\/wp-content\/uploads\/2025\/06\/aa672db5-52fc-4a05-9be4-5c57826bbe38-1152x1536.jpg 1152w, https:\/\/schuleammorungenweg.de\/wp-content\/uploads\/2025\/06\/aa672db5-52fc-4a05-9be4-5c57826bbe38.jpg 1200w\" sizes=\"(max-width: 225px) 100vw, 225px\" \/>\u00a0<img loading=\"lazy\" class=\"alignnone size-medium wp-image-2089\" src=\"https:\/\/schuleammorungenweg.de\/wp-content\/uploads\/2025\/06\/c78ec73f-67c9-45e7-8bfe-24a61b8f779f-225x300.jpg\" alt=\"\" width=\"225\" height=\"300\" srcset=\"https:\/\/schuleammorungenweg.de\/wp-content\/uploads\/2025\/06\/c78ec73f-67c9-45e7-8bfe-24a61b8f779f-225x300.jpg 225w, https:\/\/schuleammorungenweg.de\/wp-content\/uploads\/2025\/06\/c78ec73f-67c9-45e7-8bfe-24a61b8f779f-768x1024.jpg 768w, https:\/\/schuleammorungenweg.de\/wp-content\/uploads\/2025\/06\/c78ec73f-67c9-45e7-8bfe-24a61b8f779f-1152x1536.jpg 1152w, https:\/\/schuleammorungenweg.de\/wp-content\/uploads\/2025\/06\/c78ec73f-67c9-45e7-8bfe-24a61b8f779f.jpg 1200w\" sizes=\"(max-width: 225px) 100vw, 225px\" \/><\/p>\n<p data-start=\"1189\" data-end=\"1284\" data-is-last-node=\"\" data-is-only-node=\"\"><img loading=\"lazy\" class=\"alignnone size-medium wp-image-2085\" src=\"https:\/\/schuleammorungenweg.de\/wp-content\/uploads\/2025\/06\/3eaf2c90-971b-4926-87da-225f603d04e4-300x169.jpg\" alt=\"\" width=\"300\" height=\"169\" srcset=\"https:\/\/schuleammorungenweg.de\/wp-content\/uploads\/2025\/06\/3eaf2c90-971b-4926-87da-225f603d04e4-300x169.jpg 300w, https:\/\/schuleammorungenweg.de\/wp-content\/uploads\/2025\/06\/3eaf2c90-971b-4926-87da-225f603d04e4-1024x576.jpg 1024w, https:\/\/schuleammorungenweg.de\/wp-content\/uploads\/2025\/06\/3eaf2c90-971b-4926-87da-225f603d04e4-768x432.jpg 768w, https:\/\/schuleammorungenweg.de\/wp-content\/uploads\/2025\/06\/3eaf2c90-971b-4926-87da-225f603d04e4-1536x864.jpg 1536w, https:\/\/schuleammorungenweg.de\/wp-content\/uploads\/2025\/06\/3eaf2c90-971b-4926-87da-225f603d04e4-848x480.jpg 848w, https:\/\/schuleammorungenweg.de\/wp-content\/uploads\/2025\/06\/3eaf2c90-971b-4926-87da-225f603d04e4.jpg 2016w\" sizes=\"(max-width: 300px) 100vw, 300px\" \/><\/p>\n","protected":false},"excerpt":{"rendered":"<p>Kinderflohmarkt an der Schule am Morungenweg\u00a0 Am Samstag, den 17. Mai 2025, fand an der Schule am Morungenweg erstmals ein &hellip; <\/p>\n","protected":false},"author":1,"featured_media":0,"parent":0,"menu_order":0,"comment_status":"closed","ping_status":"closed","template":"","meta":{"_mc_calendar":[]},"aioseo_notices":[],"_links":{"self":[{"href":"https:\/\/schuleammorungenweg.de\/index.php?rest_route=\/wp\/v2\/pages\/2082"}],"collection":[{"href":"https:\/\/schuleammorungenweg.de\/index.php?rest_route=\/wp\/v2\/pages"}],"about":[{"href":"https:\/\/schuleammorungenweg.de\/index.php?rest_route=\/wp\/v2\/types\/page"}],"author":[{"embeddable":true,"href":"https:\/\/schuleammorungenweg.de\/index.php?rest_route=\/wp\/v2\/users\/1"}],"replies":[{"embeddable":true,"href":"https:\/\/schuleammorungenweg.de\/index.php?rest_route=%2Fwp%2Fv2%2Fcomments&post=2082"}],"version-history":[{"count":1,"href":"https:\/\/schuleammorungenweg.de\/index.php?rest_route=\/wp\/v2\/pages\/2082\/revisions"}],"predecessor-version":[{"id":2091,"href":"https:\/\/schuleammorungenweg.de\/index.php?rest_route=\/wp\/v2\/pages\/2082\/revisions\/2091"}],"wp:attachment":[{"href":"https:\/\/schuleammorungenweg.de\/index.php?rest_route=%2Fwp%2Fv2%2Fmedia&parent=2082"}],"curies":[{"name":"wp","href":"https:\/\/api.w.org\/{rel}","templated":true}]}}