{"id":2077,"date":"2025-05-25T15:52:35","date_gmt":"2025-05-25T15:52:35","guid":{"rendered":"https:\/\/schuleammorungenweg.de\/?page_id=2077"},"modified":"2025-05-25T15:52:35","modified_gmt":"2025-05-25T15:52:35","slug":"das-minimusikerprojekt","status":"publish","type":"page","link":"https:\/\/schuleammorungenweg.de\/?page_id=2077","title":{"rendered":"Das Minimusikerprojekt"},"content":{"rendered":"<p data-start=\"219\" data-end=\"306\"><strong data-start=\"219\" data-end=\"306\">Musik verbindet \u2013 Projekttag mit den MiniMusikern an der Grundschule am Morungenweg<\/strong><\/p>\n<p data-start=\"308\" data-end=\"533\">Am 15. Mai wurde es musikalisch an der Grundschule am Morungenweg \u2013 und das im ganz gro\u00dfen Stil! Im Rahmen des MiniMusiker-Projekts durfte unsere Schule einen unvergesslichen Tag voller Musik, Gesang und Gemeinschaft erleben.<\/p>\n<p data-start=\"535\" data-end=\"938\">Jede Klasse hatte die M\u00f6glichkeit, ein eigenes Lied vorzubereiten, einzusingen und professionell aufnehmen zu lassen. Die MiniMusiker kamen mit mobilem Tonstudio und viel Erfahrung zu uns und verwandelten die B\u00fccherei kurzerhand in ein kleines Musikstudio. Mit Begeisterung und viel Herzblut sangen die Kinder ihre Lieder ein \u2013 und man konnte in jedem Ton die Freude am gemeinsamen Musizieren sp\u00fcren.<\/p>\n<p data-start=\"940\" data-end=\"1200\">Ein echtes Highlight war das gro\u00dfe gemeinsame Singen in der Turnhalle: Die gesamte Schulgemeinschaft versammelte sich, um gemeinsam unser neues Schullied zu singen. Auch dieses wurde aufgenommen \u2013 ein G\u00e4nsehautmoment, der allen noch lange in Erinnerung bleiben wird.<\/p>\n<p data-start=\"1202\" data-end=\"1510\">Als bleibende Erinnerung an diesen besonderen Tag k\u00f6nnen alle Familien eine CD mit allen Liedern, eine MiniCard mit QR-Code zum Download der Songs oder sogar eine Toniefigur mit den Aufnahmen erwerben. So bleibt dieser musikalische Schultag nicht nur im Herzen, sondern auch im Ohr \u2013 immer wieder zum Anh\u00f6ren zu Hause.<\/p>\n<p data-start=\"1512\" data-end=\"1765\">Wir bedanken uns bei den MiniMusikern f\u00fcr dieses tolle Erlebnis und bei allen Kindern und Lehrkr\u00e4ften f\u00fcr ihr Engagement. Der 15. Mai wird uns noch lange in Erinnerung bleiben \u2013 als Tag, an dem unsere Schule im wahrsten Sinne des Wortes im Einklang war!<\/p>\n<p data-start=\"1512\" data-end=\"1765\">\n","protected":false},"excerpt":{"rendered":"<p>Musik verbindet \u2013 Projekttag mit den MiniMusikern an der Grundschule am Morungenweg Am 15. Mai wurde es musikalisch an der &hellip; <\/p>\n","protected":false},"author":1,"featured_media":0,"parent":0,"menu_order":0,"comment_status":"closed","ping_status":"closed","template":"","meta":{"_mc_calendar":[]},"aioseo_notices":[],"_links":{"self":[{"href":"https:\/\/schuleammorungenweg.de\/index.php?rest_route=\/wp\/v2\/pages\/2077"}],"collection":[{"href":"https:\/\/schuleammorungenweg.de\/index.php?rest_route=\/wp\/v2\/pages"}],"about":[{"href":"https:\/\/schuleammorungenweg.de\/index.php?rest_route=\/wp\/v2\/types\/page"}],"author":[{"embeddable":true,"href":"https:\/\/schuleammorungenweg.de\/index.php?rest_route=\/wp\/v2\/users\/1"}],"replies":[{"embeddable":true,"href":"https:\/\/schuleammorungenweg.de\/index.php?rest_route=%2Fwp%2Fv2%2Fcomments&post=2077"}],"version-history":[{"count":1,"href":"https:\/\/schuleammorungenweg.de\/index.php?rest_route=\/wp\/v2\/pages\/2077\/revisions"}],"predecessor-version":[{"id":2078,"href":"https:\/\/schuleammorungenweg.de\/index.php?rest_route=\/wp\/v2\/pages\/2077\/revisions\/2078"}],"wp:attachment":[{"href":"https:\/\/schuleammorungenweg.de\/index.php?rest_route=%2Fwp%2Fv2%2Fmedia&parent=2077"}],"curies":[{"name":"wp","href":"https:\/\/api.w.org\/{rel}","templated":true}]}}