{"id":2047,"date":"2025-02-04T15:12:04","date_gmt":"2025-02-04T15:12:04","guid":{"rendered":"https:\/\/schuleammorungenweg.de\/?page_id=2047"},"modified":"2025-02-04T15:12:04","modified_gmt":"2025-02-04T15:12:04","slug":"schulstart-light","status":"publish","type":"page","link":"https:\/\/schuleammorungenweg.de\/?page_id=2047","title":{"rendered":"Schulstart Light"},"content":{"rendered":"<p>In den ersten Wochen des Anfangsunterrichts werden die Sch\u00fclerinnen und Sch\u00fcler 3 Stunden pro Tag unterrichtet. Dies geschieht jedoch um eine Stunde versetzt. Die erste Gruppe hat von 8.00 Uhr bis 11.50 Uhr Unterricht, w\u00e4hrend die zweite Gruppe von 8.50 Uhr bis 11.40 Uhr anwesend ist. Durch die geringe Stundenanzahl werden die Lernenden langsam an den Schulalltag herangef\u00fchrt. Die unterschiedlichen Zeitfenster f\u00fchren dazu, dass die Kinder ihre Klassenkameraden kennenlernen k\u00f6nnen, aber es au\u00dferdem die M\u00f6glichkeit gibt, auf die Kinder in der Kleingruppe intensiver einzugehen und sie zu f\u00f6rdern.<\/p>\n","protected":false},"excerpt":{"rendered":"<p>In den ersten Wochen des Anfangsunterrichts werden die Sch\u00fclerinnen und Sch\u00fcler 3 Stunden pro Tag unterrichtet. Dies geschieht jedoch um &hellip; <\/p>\n","protected":false},"author":1,"featured_media":0,"parent":0,"menu_order":0,"comment_status":"closed","ping_status":"closed","template":"","meta":{"_mc_calendar":[]},"aioseo_notices":[],"_links":{"self":[{"href":"https:\/\/schuleammorungenweg.de\/index.php?rest_route=\/wp\/v2\/pages\/2047"}],"collection":[{"href":"https:\/\/schuleammorungenweg.de\/index.php?rest_route=\/wp\/v2\/pages"}],"about":[{"href":"https:\/\/schuleammorungenweg.de\/index.php?rest_route=\/wp\/v2\/types\/page"}],"author":[{"embeddable":true,"href":"https:\/\/schuleammorungenweg.de\/index.php?rest_route=\/wp\/v2\/users\/1"}],"replies":[{"embeddable":true,"href":"https:\/\/schuleammorungenweg.de\/index.php?rest_route=%2Fwp%2Fv2%2Fcomments&post=2047"}],"version-history":[{"count":1,"href":"https:\/\/schuleammorungenweg.de\/index.php?rest_route=\/wp\/v2\/pages\/2047\/revisions"}],"predecessor-version":[{"id":2049,"href":"https:\/\/schuleammorungenweg.de\/index.php?rest_route=\/wp\/v2\/pages\/2047\/revisions\/2049"}],"wp:attachment":[{"href":"https:\/\/schuleammorungenweg.de\/index.php?rest_route=%2Fwp%2Fv2%2Fmedia&parent=2047"}],"curies":[{"name":"wp","href":"https:\/\/api.w.org\/{rel}","templated":true}]}}