{"id":2007,"date":"2024-11-18T20:40:54","date_gmt":"2024-11-18T20:40:54","guid":{"rendered":"https:\/\/schuleammorungenweg.de\/?page_id=2007"},"modified":"2024-11-18T20:40:54","modified_gmt":"2024-11-18T20:40:54","slug":"st-martin-2024","status":"publish","type":"page","link":"https:\/\/schuleammorungenweg.de\/?page_id=2007","title":{"rendered":"St. Martin 2024"},"content":{"rendered":"<p>Am 12.11. 2024 fand unser j\u00e4hrliches St. Martinsfest statt. Um 17. 00 Uhr trafen sich die Sch\u00fclerinnen und Sch\u00fcler mit den Klassenlehrerinnen an der Antoniuskirche. Zur Einstimmung auf den Martinsabend wurde gemeinsam gesungen und eine sch\u00f6ne Geschichte von der Klasse 3c vorgetragen. Am Ende der kirchlichen Feier teilten sich die Kinder Schokolade, um sich f\u00fcr den Weg mit der Laterne zu st\u00e4rken. Unser kleiner Laternenumzug wurde von Martin und seinem Pferd angef\u00fchrt. Die Kinder hatten viel Spa\u00df mit den Laternen zur\u00fcck zum Park nahe der Schule zu laufen. Alle sangen lauthals Martinslieder und zeigten stolz ihre sch\u00f6nen Laternen. Im Park versammelten sich alle Klassen um ein kleines Martinsfeuer und lie\u00dfen dort den Abend ausklingen.<\/p>\n","protected":false},"excerpt":{"rendered":"<p>Am 12.11. 2024 fand unser j\u00e4hrliches St. Martinsfest statt. Um 17. 00 Uhr trafen sich die Sch\u00fclerinnen und Sch\u00fcler mit &hellip; <\/p>\n","protected":false},"author":1,"featured_media":0,"parent":0,"menu_order":0,"comment_status":"closed","ping_status":"closed","template":"","meta":{"_mc_calendar":[]},"aioseo_notices":[],"_links":{"self":[{"href":"https:\/\/schuleammorungenweg.de\/index.php?rest_route=\/wp\/v2\/pages\/2007"}],"collection":[{"href":"https:\/\/schuleammorungenweg.de\/index.php?rest_route=\/wp\/v2\/pages"}],"about":[{"href":"https:\/\/schuleammorungenweg.de\/index.php?rest_route=\/wp\/v2\/types\/page"}],"author":[{"embeddable":true,"href":"https:\/\/schuleammorungenweg.de\/index.php?rest_route=\/wp\/v2\/users\/1"}],"replies":[{"embeddable":true,"href":"https:\/\/schuleammorungenweg.de\/index.php?rest_route=%2Fwp%2Fv2%2Fcomments&post=2007"}],"version-history":[{"count":1,"href":"https:\/\/schuleammorungenweg.de\/index.php?rest_route=\/wp\/v2\/pages\/2007\/revisions"}],"predecessor-version":[{"id":2009,"href":"https:\/\/schuleammorungenweg.de\/index.php?rest_route=\/wp\/v2\/pages\/2007\/revisions\/2009"}],"wp:attachment":[{"href":"https:\/\/schuleammorungenweg.de\/index.php?rest_route=%2Fwp%2Fv2%2Fmedia&parent=2007"}],"curies":[{"name":"wp","href":"https:\/\/api.w.org\/{rel}","templated":true}]}}