{"id":1925,"date":"2024-08-11T10:17:24","date_gmt":"2024-08-11T10:17:24","guid":{"rendered":"https:\/\/schuleammorungenweg.de\/?page_id=1925"},"modified":"2024-08-11T10:25:23","modified_gmt":"2024-08-11T10:25:23","slug":"6k-united","status":"publish","type":"page","link":"https:\/\/schuleammorungenweg.de\/?page_id=1925","title":{"rendered":"6K UNITED!"},"content":{"rendered":"<p style=\"text-align: justify;\">Im Juni 2024 haben die dritten und vierten Klassen unserer Schule im Zuge des 6K UNITED! Projekts an einem gro\u00dfen Arenakonzert im PSD Bank Dome in D\u00fcsseldorf teilgenommen. Die Kinder bereiteten sich mehrere Monate lang auf diesen besonderen Abend vor und studierten verschiedensprachige Lieder und ausgefallene T\u00e4nze w\u00f6chentlich mit gro\u00dfer Motivation ein. Zusammen mit 6000 Kindern von anderen Schulen und einer 16-k\u00f6pfigen Band gestalteten die Sch\u00fclerinnen und Sch\u00fcler eine unvergessliche B\u00fchnenshow. Die Veranstaltung stand unter dem Motto \u201eDu bist wertvoll\u201c und bot nicht zuletzt durch Wertsch\u00e4tzung und das Zusammengeh\u00f6rigkeitsgef\u00fchl zahlreiche G\u00e4nsehautmomente.<\/p>\n<p><img loading=\"lazy\" class=\"alignnone wp-image-1929 size-large\" src=\"https:\/\/schuleammorungenweg.de\/wp-content\/uploads\/2024\/08\/c18966f5-b4b7-46dd-9b7a-6ac4fac67ca9-1024x576.jpg\" alt=\"\" width=\"750\" height=\"422\" srcset=\"https:\/\/schuleammorungenweg.de\/wp-content\/uploads\/2024\/08\/c18966f5-b4b7-46dd-9b7a-6ac4fac67ca9-1024x576.jpg 1024w, https:\/\/schuleammorungenweg.de\/wp-content\/uploads\/2024\/08\/c18966f5-b4b7-46dd-9b7a-6ac4fac67ca9-300x169.jpg 300w, https:\/\/schuleammorungenweg.de\/wp-content\/uploads\/2024\/08\/c18966f5-b4b7-46dd-9b7a-6ac4fac67ca9-768x432.jpg 768w, https:\/\/schuleammorungenweg.de\/wp-content\/uploads\/2024\/08\/c18966f5-b4b7-46dd-9b7a-6ac4fac67ca9-1536x864.jpg 1536w, https:\/\/schuleammorungenweg.de\/wp-content\/uploads\/2024\/08\/c18966f5-b4b7-46dd-9b7a-6ac4fac67ca9.jpg 1600w\" sizes=\"(max-width: 750px) 100vw, 750px\" \/><\/p>\n<p><img loading=\"lazy\" class=\"alignnone wp-image-1932 size-large\" src=\"https:\/\/schuleammorungenweg.de\/wp-content\/uploads\/2024\/08\/acdd114f-e5ac-4dc6-b14c-bcc3eef35774-1024x768.jpg\" alt=\"\" width=\"750\" height=\"563\" srcset=\"https:\/\/schuleammorungenweg.de\/wp-content\/uploads\/2024\/08\/acdd114f-e5ac-4dc6-b14c-bcc3eef35774-1024x768.jpg 1024w, https:\/\/schuleammorungenweg.de\/wp-content\/uploads\/2024\/08\/acdd114f-e5ac-4dc6-b14c-bcc3eef35774-300x225.jpg 300w, https:\/\/schuleammorungenweg.de\/wp-content\/uploads\/2024\/08\/acdd114f-e5ac-4dc6-b14c-bcc3eef35774-768x576.jpg 768w, https:\/\/schuleammorungenweg.de\/wp-content\/uploads\/2024\/08\/acdd114f-e5ac-4dc6-b14c-bcc3eef35774-1536x1152.jpg 1536w, https:\/\/schuleammorungenweg.de\/wp-content\/uploads\/2024\/08\/acdd114f-e5ac-4dc6-b14c-bcc3eef35774.jpg 1600w\" sizes=\"(max-width: 750px) 100vw, 750px\" \/><\/p>\n","protected":false},"excerpt":{"rendered":"<p>Im Juni 2024 haben die dritten und vierten Klassen unserer Schule im Zuge des 6K UNITED! Projekts an einem gro\u00dfen &hellip; <\/p>\n","protected":false},"author":1,"featured_media":0,"parent":0,"menu_order":0,"comment_status":"closed","ping_status":"closed","template":"","meta":{"_mc_calendar":[]},"aioseo_notices":[],"_links":{"self":[{"href":"https:\/\/schuleammorungenweg.de\/index.php?rest_route=\/wp\/v2\/pages\/1925"}],"collection":[{"href":"https:\/\/schuleammorungenweg.de\/index.php?rest_route=\/wp\/v2\/pages"}],"about":[{"href":"https:\/\/schuleammorungenweg.de\/index.php?rest_route=\/wp\/v2\/types\/page"}],"author":[{"embeddable":true,"href":"https:\/\/schuleammorungenweg.de\/index.php?rest_route=\/wp\/v2\/users\/1"}],"replies":[{"embeddable":true,"href":"https:\/\/schuleammorungenweg.de\/index.php?rest_route=%2Fwp%2Fv2%2Fcomments&post=1925"}],"version-history":[{"count":3,"href":"https:\/\/schuleammorungenweg.de\/index.php?rest_route=\/wp\/v2\/pages\/1925\/revisions"}],"predecessor-version":[{"id":1938,"href":"https:\/\/schuleammorungenweg.de\/index.php?rest_route=\/wp\/v2\/pages\/1925\/revisions\/1938"}],"wp:attachment":[{"href":"https:\/\/schuleammorungenweg.de\/index.php?rest_route=%2Fwp%2Fv2%2Fmedia&parent=1925"}],"curies":[{"name":"wp","href":"https:\/\/api.w.org\/{rel}","templated":true}]}}