{"id":1879,"date":"2024-06-24T10:33:24","date_gmt":"2024-06-24T10:33:24","guid":{"rendered":"https:\/\/schuleammorungenweg.de\/?page_id=1879"},"modified":"2024-08-09T08:54:52","modified_gmt":"2024-08-09T08:54:52","slug":"ketteler-hof","status":"publish","type":"page","link":"https:\/\/schuleammorungenweg.de\/?page_id=1879","title":{"rendered":"Ketteler Hof"},"content":{"rendered":"<p><strong>Auflug zum Ketteler Hof<\/strong><\/p>\n<p style=\"text-align: justify;\">Am Montag, den 17.6.24, machten alle vierten Klassen einen Ausflug zum Ketteler Hof. Die Kinder wurden um 8.00 Uhr mit zwei Reisebussen zum Park in Haltern am See gefahren. Nach einer einst\u00fcndigen Fahrt, kamen die Klassen p\u00fcnktlich am Ausflugsort an. In Kleingruppen mit Elternbetreuung konnte das Gel\u00e4nde mit seinen vielen Attraktionen erkundet werden. Highlights des Parks waren die zwei gro\u00dfen Wasserrutschen, bei denen mit Schlauchbooten und Gummiringen gerutscht werden konnte. Viele Spielpl\u00e4tze, Kletterger\u00fcste und Gokartstrecken fanden zudem viel Anklang bei den Kindern. Auf der Sommerrodelbahn konnten die Kinder zu zweit mit ihren Freunden oder LehrerInnen rasant die Strecke hinuntersausen. Alle Beteiligten hatten einen wundersch\u00f6nen Tag mit vielen unvergesslichen Momenten.<\/p>\n<p>&nbsp;<\/p>\n<p><img loading=\"lazy\" class=\"alignnone size-medium wp-image-1891\" src=\"https:\/\/schuleammorungenweg.de\/wp-content\/uploads\/2024\/08\/7239B286-A510-4EDD-9750-D1744AA69EB3-225x300.jpeg\" alt=\"\" width=\"225\" height=\"300\" srcset=\"https:\/\/schuleammorungenweg.de\/wp-content\/uploads\/2024\/08\/7239B286-A510-4EDD-9750-D1744AA69EB3-225x300.jpeg 225w, https:\/\/schuleammorungenweg.de\/wp-content\/uploads\/2024\/08\/7239B286-A510-4EDD-9750-D1744AA69EB3-768x1024.jpeg 768w, https:\/\/schuleammorungenweg.de\/wp-content\/uploads\/2024\/08\/7239B286-A510-4EDD-9750-D1744AA69EB3-1152x1536.jpeg 1152w, https:\/\/schuleammorungenweg.de\/wp-content\/uploads\/2024\/08\/7239B286-A510-4EDD-9750-D1744AA69EB3-1536x2048.jpeg 1536w, https:\/\/schuleammorungenweg.de\/wp-content\/uploads\/2024\/08\/7239B286-A510-4EDD-9750-D1744AA69EB3-scaled.jpeg 1920w\" sizes=\"(max-width: 225px) 100vw, 225px\" \/> <img loading=\"lazy\" class=\"alignnone size-medium wp-image-1892\" src=\"https:\/\/schuleammorungenweg.de\/wp-content\/uploads\/2024\/08\/12CDB3CD-A3EA-41EA-BF91-7BED3E188D0A-225x300.jpeg\" alt=\"\" width=\"225\" height=\"300\" srcset=\"https:\/\/schuleammorungenweg.de\/wp-content\/uploads\/2024\/08\/12CDB3CD-A3EA-41EA-BF91-7BED3E188D0A-225x300.jpeg 225w, https:\/\/schuleammorungenweg.de\/wp-content\/uploads\/2024\/08\/12CDB3CD-A3EA-41EA-BF91-7BED3E188D0A-768x1024.jpeg 768w, https:\/\/schuleammorungenweg.de\/wp-content\/uploads\/2024\/08\/12CDB3CD-A3EA-41EA-BF91-7BED3E188D0A-1152x1536.jpeg 1152w, https:\/\/schuleammorungenweg.de\/wp-content\/uploads\/2024\/08\/12CDB3CD-A3EA-41EA-BF91-7BED3E188D0A-1536x2048.jpeg 1536w, https:\/\/schuleammorungenweg.de\/wp-content\/uploads\/2024\/08\/12CDB3CD-A3EA-41EA-BF91-7BED3E188D0A-scaled.jpeg 1920w\" sizes=\"(max-width: 225px) 100vw, 225px\" \/><\/p>\n<p><img loading=\"lazy\" class=\"alignnone size-medium wp-image-1894\" src=\"https:\/\/schuleammorungenweg.de\/wp-content\/uploads\/2024\/08\/IMG_71091-225x300.jpg\" alt=\"\" width=\"225\" height=\"300\" srcset=\"https:\/\/schuleammorungenweg.de\/wp-content\/uploads\/2024\/08\/IMG_71091-225x300.jpg 225w, https:\/\/schuleammorungenweg.de\/wp-content\/uploads\/2024\/08\/IMG_71091-768x1025.jpg 768w, https:\/\/schuleammorungenweg.de\/wp-content\/uploads\/2024\/08\/IMG_71091.jpg 967w\" sizes=\"(max-width: 225px) 100vw, 225px\" \/> <img loading=\"lazy\" class=\"alignnone size-medium wp-image-1893\" src=\"https:\/\/schuleammorungenweg.de\/wp-content\/uploads\/2024\/08\/CD3FCE81-3B4E-48CC-8B0F-4D9117AB0883-225x300.jpeg\" alt=\"\" width=\"225\" height=\"300\" srcset=\"https:\/\/schuleammorungenweg.de\/wp-content\/uploads\/2024\/08\/CD3FCE81-3B4E-48CC-8B0F-4D9117AB0883-225x300.jpeg 225w, https:\/\/schuleammorungenweg.de\/wp-content\/uploads\/2024\/08\/CD3FCE81-3B4E-48CC-8B0F-4D9117AB0883-768x1024.jpeg 768w, https:\/\/schuleammorungenweg.de\/wp-content\/uploads\/2024\/08\/CD3FCE81-3B4E-48CC-8B0F-4D9117AB0883-1152x1536.jpeg 1152w, https:\/\/schuleammorungenweg.de\/wp-content\/uploads\/2024\/08\/CD3FCE81-3B4E-48CC-8B0F-4D9117AB0883-1536x2048.jpeg 1536w, https:\/\/schuleammorungenweg.de\/wp-content\/uploads\/2024\/08\/CD3FCE81-3B4E-48CC-8B0F-4D9117AB0883-scaled.jpeg 1920w\" sizes=\"(max-width: 225px) 100vw, 225px\" \/><\/p>\n","protected":false},"excerpt":{"rendered":"<p>Auflug zum Ketteler Hof Am Montag, den 17.6.24, machten alle vierten Klassen einen Ausflug zum Ketteler Hof. Die Kinder wurden &hellip; <\/p>\n","protected":false},"author":1,"featured_media":0,"parent":0,"menu_order":0,"comment_status":"closed","ping_status":"closed","template":"","meta":{"_mc_calendar":[]},"aioseo_notices":[],"_links":{"self":[{"href":"https:\/\/schuleammorungenweg.de\/index.php?rest_route=\/wp\/v2\/pages\/1879"}],"collection":[{"href":"https:\/\/schuleammorungenweg.de\/index.php?rest_route=\/wp\/v2\/pages"}],"about":[{"href":"https:\/\/schuleammorungenweg.de\/index.php?rest_route=\/wp\/v2\/types\/page"}],"author":[{"embeddable":true,"href":"https:\/\/schuleammorungenweg.de\/index.php?rest_route=\/wp\/v2\/users\/1"}],"replies":[{"embeddable":true,"href":"https:\/\/schuleammorungenweg.de\/index.php?rest_route=%2Fwp%2Fv2%2Fcomments&post=1879"}],"version-history":[{"count":5,"href":"https:\/\/schuleammorungenweg.de\/index.php?rest_route=\/wp\/v2\/pages\/1879\/revisions"}],"predecessor-version":[{"id":1899,"href":"https:\/\/schuleammorungenweg.de\/index.php?rest_route=\/wp\/v2\/pages\/1879\/revisions\/1899"}],"wp:attachment":[{"href":"https:\/\/schuleammorungenweg.de\/index.php?rest_route=%2Fwp%2Fv2%2Fmedia&parent=1879"}],"curies":[{"name":"wp","href":"https:\/\/api.w.org\/{rel}","templated":true}]}}