{"id":1835,"date":"2023-12-14T16:55:34","date_gmt":"2023-12-14T16:55:34","guid":{"rendered":"https:\/\/schuleammorungenweg.de\/?page_id=1835"},"modified":"2023-12-19T10:41:16","modified_gmt":"2023-12-19T10:41:16","slug":"amadeus","status":"publish","type":"page","link":"https:\/\/schuleammorungenweg.de\/?page_id=1835","title":{"rendered":"Amadeus"},"content":{"rendered":"<p><img loading=\"lazy\" src=\"https:\/\/schuleammorungenweg.de\/wp-content\/uploads\/2023\/12\/20231212_091052-300x169.jpg\" alt=\"\" width=\"300\" height=\"169\" class=\"alignnone size-medium wp-image-1845\" srcset=\"https:\/\/schuleammorungenweg.de\/wp-content\/uploads\/2023\/12\/20231212_091052-300x169.jpg 300w, https:\/\/schuleammorungenweg.de\/wp-content\/uploads\/2023\/12\/20231212_091052-1024x576.jpg 1024w, https:\/\/schuleammorungenweg.de\/wp-content\/uploads\/2023\/12\/20231212_091052-768x432.jpg 768w, https:\/\/schuleammorungenweg.de\/wp-content\/uploads\/2023\/12\/20231212_091052-1536x864.jpg 1536w, https:\/\/schuleammorungenweg.de\/wp-content\/uploads\/2023\/12\/20231212_091052-2048x1152.jpg 2048w, https:\/\/schuleammorungenweg.de\/wp-content\/uploads\/2023\/12\/20231212_091052-848x480.jpg 848w\" sizes=\"(max-width: 300px) 100vw, 300px\" \/><\/p>\n<p><img loading=\"lazy\" src=\"https:\/\/schuleammorungenweg.de\/wp-content\/uploads\/2023\/12\/IMG-20231214-WA0007-225x300.jpg\" alt=\"\" width=\"225\" height=\"300\" class=\"alignnone size-medium wp-image-1846\" srcset=\"https:\/\/schuleammorungenweg.de\/wp-content\/uploads\/2023\/12\/IMG-20231214-WA0007-225x300.jpg 225w, https:\/\/schuleammorungenweg.de\/wp-content\/uploads\/2023\/12\/IMG-20231214-WA0007-768x1024.jpg 768w, https:\/\/schuleammorungenweg.de\/wp-content\/uploads\/2023\/12\/IMG-20231214-WA0007-1152x1536.jpg 1152w, https:\/\/schuleammorungenweg.de\/wp-content\/uploads\/2023\/12\/IMG-20231214-WA0007.jpg 1200w\" sizes=\"(max-width: 225px) 100vw, 225px\" \/><\/p>\n<p><img loading=\"lazy\" src=\"https:\/\/schuleammorungenweg.de\/wp-content\/uploads\/2023\/12\/IMG-20231214-WA0008-225x300.jpg\" alt=\"\" width=\"225\" height=\"300\" class=\"alignnone size-medium wp-image-1847\" srcset=\"https:\/\/schuleammorungenweg.de\/wp-content\/uploads\/2023\/12\/IMG-20231214-WA0008-225x300.jpg 225w, https:\/\/schuleammorungenweg.de\/wp-content\/uploads\/2023\/12\/IMG-20231214-WA0008-768x1024.jpg 768w, https:\/\/schuleammorungenweg.de\/wp-content\/uploads\/2023\/12\/IMG-20231214-WA0008-1152x1536.jpg 1152w, https:\/\/schuleammorungenweg.de\/wp-content\/uploads\/2023\/12\/IMG-20231214-WA0008.jpg 1200w\" sizes=\"(max-width: 225px) 100vw, 225px\" \/><\/p>\n<p>Am 12.12.23 war das Theater &#8222;Zebula&#8220; mit dem St\u00fcck AMADEUS in unserem Haus. In der Turnhalle wurden die Kulissen aufgebaut und die K\u00fcnstler empfingen die aufgeregten Kinder mit Musik. Unterst\u00fctzt von der kleinen Mozartpuppe erz\u00e4hlte die Schauspielerin Veronika Maruhn aus dem Leben des gro\u00dfen Komponisten &#8211; von seiner Kindheit als Wunderkind, \u00fcber die vielen Reisen, bis hin zur Schaffung seines gro\u00dfen Werkes &#8222;Die Zauberfl\u00f6te&#8220;. Begleitet wurde dies alles von dem Pianisten Winni Sl\u00fctters, der die bekanntesten Melodien des Komponisten spielte.<br \/>\nDie Kinder folgten der 45min\u00fctigen Vorstellung gebannt, stellten Fragen oder beantworteten selber Wissensfragen. Nat\u00fcrlich sangen, summten und klatschten sie mit und wurden bei der Zauberfl\u00f6te selbst zum Vogelschwarm.<br \/>\n&#8222;Das war eine tolle Vorstellung&#8220;, war die Meinung des begeisterten jungen Publikums!<\/p>\n","protected":false},"excerpt":{"rendered":"<p>Am 12.12.23 war das Theater &#8222;Zebula&#8220; mit dem St\u00fcck AMADEUS in unserem Haus. In der Turnhalle wurden die Kulissen aufgebaut &hellip; <\/p>\n","protected":false},"author":1,"featured_media":0,"parent":0,"menu_order":0,"comment_status":"closed","ping_status":"closed","template":"","meta":{"_mc_calendar":[]},"aioseo_notices":[],"_links":{"self":[{"href":"https:\/\/schuleammorungenweg.de\/index.php?rest_route=\/wp\/v2\/pages\/1835"}],"collection":[{"href":"https:\/\/schuleammorungenweg.de\/index.php?rest_route=\/wp\/v2\/pages"}],"about":[{"href":"https:\/\/schuleammorungenweg.de\/index.php?rest_route=\/wp\/v2\/types\/page"}],"author":[{"embeddable":true,"href":"https:\/\/schuleammorungenweg.de\/index.php?rest_route=\/wp\/v2\/users\/1"}],"replies":[{"embeddable":true,"href":"https:\/\/schuleammorungenweg.de\/index.php?rest_route=%2Fwp%2Fv2%2Fcomments&post=1835"}],"version-history":[{"count":5,"href":"https:\/\/schuleammorungenweg.de\/index.php?rest_route=\/wp\/v2\/pages\/1835\/revisions"}],"predecessor-version":[{"id":1849,"href":"https:\/\/schuleammorungenweg.de\/index.php?rest_route=\/wp\/v2\/pages\/1835\/revisions\/1849"}],"wp:attachment":[{"href":"https:\/\/schuleammorungenweg.de\/index.php?rest_route=%2Fwp%2Fv2%2Fmedia&parent=1835"}],"curies":[{"name":"wp","href":"https:\/\/api.w.org\/{rel}","templated":true}]}}