{"id":1677,"date":"2023-11-16T11:42:04","date_gmt":"2023-11-16T11:42:04","guid":{"rendered":"https:\/\/schuleammorungenweg.de\/?page_id=1677"},"modified":"2023-11-19T11:30:06","modified_gmt":"2023-11-19T11:30:06","slug":"lichterfest-2023","status":"publish","type":"page","link":"https:\/\/schuleammorungenweg.de\/?page_id=1677","title":{"rendered":"Lichterfest 2023"},"content":{"rendered":"<p style=\"text-align: justify;\"><strong>Lichterfest 2023<\/strong><\/p>\n<p style=\"text-align: justify;\">Am Montag den 13.11.2023 fand in unserer Schule das Lichterfest statt. Die Kinder der vierten Klassen hatten als Einstimmung auf den Abend das Lied \u201eHeute leuchten die Laternen\u201c einstudiert. <strong>\u00a0<\/strong>Die Eltern wurden an diesem Abend dazu eingeladen, sich zusammen mit ihren Kindern die sch\u00f6n dekorierten Klassenr\u00e4ume der Schule anzugucken, ein kleines Suchr\u00e4tsel zu l\u00f6sen und bei Wurst und Kakao untereinander ins Gespr\u00e4ch zu kommen. Die aufwendig hergestellten, wundersch\u00f6nen Laternen der Kinder wurden in den Klassen toll pr\u00e4sentiert und auch in den G\u00e4ngen gab es ansehnliche Lichterdekorationen. An dieser Stelle sprechen wir ein gro\u00dfes Dankesch\u00f6n an alle Beteiligten aus, die an der Organisation der Veranstaltung mitgewirkt haben.<\/p>\n<p><img loading=\"lazy\" class=\"alignnone size-medium wp-image-1713\" src=\"https:\/\/schuleammorungenweg.de\/wp-content\/uploads\/2023\/11\/1c83aba8-8c98-449a-8c48-5cd1a8ca9830-225x300.jpg\" alt=\"\" width=\"225\" height=\"300\" srcset=\"https:\/\/schuleammorungenweg.de\/wp-content\/uploads\/2023\/11\/1c83aba8-8c98-449a-8c48-5cd1a8ca9830-225x300.jpg 225w, https:\/\/schuleammorungenweg.de\/wp-content\/uploads\/2023\/11\/1c83aba8-8c98-449a-8c48-5cd1a8ca9830-768x1024.jpg 768w, https:\/\/schuleammorungenweg.de\/wp-content\/uploads\/2023\/11\/1c83aba8-8c98-449a-8c48-5cd1a8ca9830-1152x1536.jpg 1152w, https:\/\/schuleammorungenweg.de\/wp-content\/uploads\/2023\/11\/1c83aba8-8c98-449a-8c48-5cd1a8ca9830.jpg 1512w\" sizes=\"(max-width: 225px) 100vw, 225px\" \/> <img loading=\"lazy\" class=\"alignnone size-medium wp-image-1714\" src=\"https:\/\/schuleammorungenweg.de\/wp-content\/uploads\/2023\/11\/4cb1c34e-357a-4580-ad45-0c2fc08e9329-225x300.jpg\" alt=\"\" width=\"225\" height=\"300\" srcset=\"https:\/\/schuleammorungenweg.de\/wp-content\/uploads\/2023\/11\/4cb1c34e-357a-4580-ad45-0c2fc08e9329-225x300.jpg 225w, https:\/\/schuleammorungenweg.de\/wp-content\/uploads\/2023\/11\/4cb1c34e-357a-4580-ad45-0c2fc08e9329-768x1024.jpg 768w, https:\/\/schuleammorungenweg.de\/wp-content\/uploads\/2023\/11\/4cb1c34e-357a-4580-ad45-0c2fc08e9329-1152x1536.jpg 1152w, https:\/\/schuleammorungenweg.de\/wp-content\/uploads\/2023\/11\/4cb1c34e-357a-4580-ad45-0c2fc08e9329.jpg 1512w\" sizes=\"(max-width: 225px) 100vw, 225px\" \/> <img loading=\"lazy\" class=\"alignnone size-medium wp-image-1717\" src=\"https:\/\/schuleammorungenweg.de\/wp-content\/uploads\/2023\/11\/7c9b9c62-888d-419b-b953-0d1e19b96b92-225x300.jpg\" alt=\"\" width=\"225\" height=\"300\" srcset=\"https:\/\/schuleammorungenweg.de\/wp-content\/uploads\/2023\/11\/7c9b9c62-888d-419b-b953-0d1e19b96b92-225x300.jpg 225w, https:\/\/schuleammorungenweg.de\/wp-content\/uploads\/2023\/11\/7c9b9c62-888d-419b-b953-0d1e19b96b92-768x1024.jpg 768w, https:\/\/schuleammorungenweg.de\/wp-content\/uploads\/2023\/11\/7c9b9c62-888d-419b-b953-0d1e19b96b92-1152x1536.jpg 1152w, https:\/\/schuleammorungenweg.de\/wp-content\/uploads\/2023\/11\/7c9b9c62-888d-419b-b953-0d1e19b96b92.jpg 1512w\" sizes=\"(max-width: 225px) 100vw, 225px\" \/><\/p>\n<p><img loading=\"lazy\" class=\"alignnone size-medium wp-image-1715\" src=\"https:\/\/schuleammorungenweg.de\/wp-content\/uploads\/2023\/11\/5c768981-9908-435c-a329-3b44e6da6608-300x225.jpg\" alt=\"\" width=\"300\" height=\"225\" srcset=\"https:\/\/schuleammorungenweg.de\/wp-content\/uploads\/2023\/11\/5c768981-9908-435c-a329-3b44e6da6608-300x225.jpg 300w, https:\/\/schuleammorungenweg.de\/wp-content\/uploads\/2023\/11\/5c768981-9908-435c-a329-3b44e6da6608-1024x768.jpg 1024w, https:\/\/schuleammorungenweg.de\/wp-content\/uploads\/2023\/11\/5c768981-9908-435c-a329-3b44e6da6608-768x576.jpg 768w, https:\/\/schuleammorungenweg.de\/wp-content\/uploads\/2023\/11\/5c768981-9908-435c-a329-3b44e6da6608-1536x1152.jpg 1536w, https:\/\/schuleammorungenweg.de\/wp-content\/uploads\/2023\/11\/5c768981-9908-435c-a329-3b44e6da6608.jpg 2048w\" sizes=\"(max-width: 300px) 100vw, 300px\" \/> <img loading=\"lazy\" class=\"alignnone size-medium wp-image-1716\" src=\"https:\/\/schuleammorungenweg.de\/wp-content\/uploads\/2023\/11\/07cdb901-2e8a-49be-ace1-9723bfebffb7-300x225.jpg\" alt=\"\" width=\"300\" height=\"225\" srcset=\"https:\/\/schuleammorungenweg.de\/wp-content\/uploads\/2023\/11\/07cdb901-2e8a-49be-ace1-9723bfebffb7-300x225.jpg 300w, https:\/\/schuleammorungenweg.de\/wp-content\/uploads\/2023\/11\/07cdb901-2e8a-49be-ace1-9723bfebffb7-1024x768.jpg 1024w, https:\/\/schuleammorungenweg.de\/wp-content\/uploads\/2023\/11\/07cdb901-2e8a-49be-ace1-9723bfebffb7-768x576.jpg 768w, https:\/\/schuleammorungenweg.de\/wp-content\/uploads\/2023\/11\/07cdb901-2e8a-49be-ace1-9723bfebffb7.jpg 1280w\" sizes=\"(max-width: 300px) 100vw, 300px\" \/><\/p>\n<p><img loading=\"lazy\" class=\"alignnone size-medium wp-image-1724\" src=\"https:\/\/schuleammorungenweg.de\/wp-content\/uploads\/2023\/11\/6414205d-150a-4a01-9e22-127e2ac82988-300x225.jpg\" alt=\"\" width=\"300\" height=\"225\" srcset=\"https:\/\/schuleammorungenweg.de\/wp-content\/uploads\/2023\/11\/6414205d-150a-4a01-9e22-127e2ac82988-300x225.jpg 300w, https:\/\/schuleammorungenweg.de\/wp-content\/uploads\/2023\/11\/6414205d-150a-4a01-9e22-127e2ac82988-1024x768.jpg 1024w, https:\/\/schuleammorungenweg.de\/wp-content\/uploads\/2023\/11\/6414205d-150a-4a01-9e22-127e2ac82988-768x576.jpg 768w, https:\/\/schuleammorungenweg.de\/wp-content\/uploads\/2023\/11\/6414205d-150a-4a01-9e22-127e2ac82988-1536x1152.jpg 1536w, https:\/\/schuleammorungenweg.de\/wp-content\/uploads\/2023\/11\/6414205d-150a-4a01-9e22-127e2ac82988.jpg 2048w\" sizes=\"(max-width: 300px) 100vw, 300px\" \/> <img loading=\"lazy\" class=\"alignnone size-medium wp-image-1733\" src=\"https:\/\/schuleammorungenweg.de\/wp-content\/uploads\/2023\/11\/db1d5525-7982-4d1f-82c3-61b7679688ec-300x225.jpg\" alt=\"\" width=\"300\" height=\"225\" srcset=\"https:\/\/schuleammorungenweg.de\/wp-content\/uploads\/2023\/11\/db1d5525-7982-4d1f-82c3-61b7679688ec-300x225.jpg 300w, https:\/\/schuleammorungenweg.de\/wp-content\/uploads\/2023\/11\/db1d5525-7982-4d1f-82c3-61b7679688ec-1024x768.jpg 1024w, https:\/\/schuleammorungenweg.de\/wp-content\/uploads\/2023\/11\/db1d5525-7982-4d1f-82c3-61b7679688ec-768x576.jpg 768w, https:\/\/schuleammorungenweg.de\/wp-content\/uploads\/2023\/11\/db1d5525-7982-4d1f-82c3-61b7679688ec-1536x1152.jpg 1536w, https:\/\/schuleammorungenweg.de\/wp-content\/uploads\/2023\/11\/db1d5525-7982-4d1f-82c3-61b7679688ec.jpg 2000w\" sizes=\"(max-width: 300px) 100vw, 300px\" \/><\/p>\n<p><img loading=\"lazy\" class=\"alignnone size-medium wp-image-1718\" src=\"https:\/\/schuleammorungenweg.de\/wp-content\/uploads\/2023\/11\/7ecc00ed-6ea0-43cf-9fe9-6fdeb19c4edc-225x300.jpg\" alt=\"\" width=\"225\" height=\"300\" srcset=\"https:\/\/schuleammorungenweg.de\/wp-content\/uploads\/2023\/11\/7ecc00ed-6ea0-43cf-9fe9-6fdeb19c4edc-225x300.jpg 225w, https:\/\/schuleammorungenweg.de\/wp-content\/uploads\/2023\/11\/7ecc00ed-6ea0-43cf-9fe9-6fdeb19c4edc-768x1024.jpg 768w, https:\/\/schuleammorungenweg.de\/wp-content\/uploads\/2023\/11\/7ecc00ed-6ea0-43cf-9fe9-6fdeb19c4edc-1152x1536.jpg 1152w, https:\/\/schuleammorungenweg.de\/wp-content\/uploads\/2023\/11\/7ecc00ed-6ea0-43cf-9fe9-6fdeb19c4edc.jpg 1512w\" sizes=\"(max-width: 225px) 100vw, 225px\" \/> <img loading=\"lazy\" class=\"alignnone size-medium wp-image-1725\" src=\"https:\/\/schuleammorungenweg.de\/wp-content\/uploads\/2023\/11\/a5d96e8d-83bc-485b-9cd3-a3973fb8ae75-225x300.jpg\" alt=\"\" width=\"225\" height=\"300\" srcset=\"https:\/\/schuleammorungenweg.de\/wp-content\/uploads\/2023\/11\/a5d96e8d-83bc-485b-9cd3-a3973fb8ae75-225x300.jpg 225w, https:\/\/schuleammorungenweg.de\/wp-content\/uploads\/2023\/11\/a5d96e8d-83bc-485b-9cd3-a3973fb8ae75-768x1024.jpg 768w, https:\/\/schuleammorungenweg.de\/wp-content\/uploads\/2023\/11\/a5d96e8d-83bc-485b-9cd3-a3973fb8ae75-1152x1536.jpg 1152w, https:\/\/schuleammorungenweg.de\/wp-content\/uploads\/2023\/11\/a5d96e8d-83bc-485b-9cd3-a3973fb8ae75.jpg 1512w\" sizes=\"(max-width: 225px) 100vw, 225px\" \/> <img loading=\"lazy\" class=\"alignnone size-medium wp-image-1726\" src=\"https:\/\/schuleammorungenweg.de\/wp-content\/uploads\/2023\/11\/a3701e5e-a037-4c56-b7cf-f9ba9fed6561-225x300.jpg\" alt=\"\" width=\"225\" height=\"300\" srcset=\"https:\/\/schuleammorungenweg.de\/wp-content\/uploads\/2023\/11\/a3701e5e-a037-4c56-b7cf-f9ba9fed6561-225x300.jpg 225w, https:\/\/schuleammorungenweg.de\/wp-content\/uploads\/2023\/11\/a3701e5e-a037-4c56-b7cf-f9ba9fed6561-768x1024.jpg 768w, https:\/\/schuleammorungenweg.de\/wp-content\/uploads\/2023\/11\/a3701e5e-a037-4c56-b7cf-f9ba9fed6561-1152x1536.jpg 1152w, https:\/\/schuleammorungenweg.de\/wp-content\/uploads\/2023\/11\/a3701e5e-a037-4c56-b7cf-f9ba9fed6561.jpg 1512w\" sizes=\"(max-width: 225px) 100vw, 225px\" \/><\/p>\n<p><img loading=\"lazy\" class=\"alignnone size-medium wp-image-1727\" src=\"https:\/\/schuleammorungenweg.de\/wp-content\/uploads\/2023\/11\/ac8e8616-2fcf-423b-8c9d-f5841631825b-225x300.jpg\" alt=\"\" width=\"225\" height=\"300\" srcset=\"https:\/\/schuleammorungenweg.de\/wp-content\/uploads\/2023\/11\/ac8e8616-2fcf-423b-8c9d-f5841631825b-225x300.jpg 225w, https:\/\/schuleammorungenweg.de\/wp-content\/uploads\/2023\/11\/ac8e8616-2fcf-423b-8c9d-f5841631825b-768x1024.jpg 768w, https:\/\/schuleammorungenweg.de\/wp-content\/uploads\/2023\/11\/ac8e8616-2fcf-423b-8c9d-f5841631825b-1152x1536.jpg 1152w, https:\/\/schuleammorungenweg.de\/wp-content\/uploads\/2023\/11\/ac8e8616-2fcf-423b-8c9d-f5841631825b.jpg 1512w\" sizes=\"(max-width: 225px) 100vw, 225px\" \/> <img loading=\"lazy\" class=\"alignnone size-medium wp-image-1732\" src=\"https:\/\/schuleammorungenweg.de\/wp-content\/uploads\/2023\/11\/d4eedc73-27d7-43e9-ab53-2fd874b3ac29-225x300.jpg\" alt=\"\" width=\"225\" height=\"300\" srcset=\"https:\/\/schuleammorungenweg.de\/wp-content\/uploads\/2023\/11\/d4eedc73-27d7-43e9-ab53-2fd874b3ac29-225x300.jpg 225w, https:\/\/schuleammorungenweg.de\/wp-content\/uploads\/2023\/11\/d4eedc73-27d7-43e9-ab53-2fd874b3ac29-768x1024.jpg 768w, https:\/\/schuleammorungenweg.de\/wp-content\/uploads\/2023\/11\/d4eedc73-27d7-43e9-ab53-2fd874b3ac29-1152x1536.jpg 1152w, https:\/\/schuleammorungenweg.de\/wp-content\/uploads\/2023\/11\/d4eedc73-27d7-43e9-ab53-2fd874b3ac29.jpg 1512w\" sizes=\"(max-width: 225px) 100vw, 225px\" \/> <img loading=\"lazy\" class=\"alignnone size-medium wp-image-1731\" src=\"https:\/\/schuleammorungenweg.de\/wp-content\/uploads\/2023\/11\/c9c6aa1f-71fa-403c-8b34-16aefc75b733-225x300.jpg\" alt=\"\" width=\"225\" height=\"300\" srcset=\"https:\/\/schuleammorungenweg.de\/wp-content\/uploads\/2023\/11\/c9c6aa1f-71fa-403c-8b34-16aefc75b733-225x300.jpg 225w, https:\/\/schuleammorungenweg.de\/wp-content\/uploads\/2023\/11\/c9c6aa1f-71fa-403c-8b34-16aefc75b733-768x1024.jpg 768w, https:\/\/schuleammorungenweg.de\/wp-content\/uploads\/2023\/11\/c9c6aa1f-71fa-403c-8b34-16aefc75b733-1152x1536.jpg 1152w, https:\/\/schuleammorungenweg.de\/wp-content\/uploads\/2023\/11\/c9c6aa1f-71fa-403c-8b34-16aefc75b733.jpg 1512w\" sizes=\"(max-width: 225px) 100vw, 225px\" \/><\/p>\n<p><img loading=\"lazy\" class=\"alignnone size-medium wp-image-1734\" src=\"https:\/\/schuleammorungenweg.de\/wp-content\/uploads\/2023\/11\/e4e9e973-1b83-4282-abaf-8549bd497ebe-225x300.jpg\" alt=\"\" width=\"225\" height=\"300\" srcset=\"https:\/\/schuleammorungenweg.de\/wp-content\/uploads\/2023\/11\/e4e9e973-1b83-4282-abaf-8549bd497ebe-225x300.jpg 225w, https:\/\/schuleammorungenweg.de\/wp-content\/uploads\/2023\/11\/e4e9e973-1b83-4282-abaf-8549bd497ebe-768x1024.jpg 768w, https:\/\/schuleammorungenweg.de\/wp-content\/uploads\/2023\/11\/e4e9e973-1b83-4282-abaf-8549bd497ebe-1152x1536.jpg 1152w, https:\/\/schuleammorungenweg.de\/wp-content\/uploads\/2023\/11\/e4e9e973-1b83-4282-abaf-8549bd497ebe.jpg 1512w\" sizes=\"(max-width: 225px) 100vw, 225px\" \/> <img loading=\"lazy\" class=\"alignnone size-medium wp-image-1735\" src=\"https:\/\/schuleammorungenweg.de\/wp-content\/uploads\/2023\/11\/e75c7926-9713-4559-9e12-4c6383e6439d-225x300.jpg\" alt=\"\" width=\"225\" height=\"300\" srcset=\"https:\/\/schuleammorungenweg.de\/wp-content\/uploads\/2023\/11\/e75c7926-9713-4559-9e12-4c6383e6439d-225x300.jpg 225w, https:\/\/schuleammorungenweg.de\/wp-content\/uploads\/2023\/11\/e75c7926-9713-4559-9e12-4c6383e6439d-768x1024.jpg 768w, https:\/\/schuleammorungenweg.de\/wp-content\/uploads\/2023\/11\/e75c7926-9713-4559-9e12-4c6383e6439d-1152x1536.jpg 1152w, https:\/\/schuleammorungenweg.de\/wp-content\/uploads\/2023\/11\/e75c7926-9713-4559-9e12-4c6383e6439d.jpg 1512w\" sizes=\"(max-width: 225px) 100vw, 225px\" \/> <img loading=\"lazy\" class=\"alignnone size-medium wp-image-1737\" src=\"https:\/\/schuleammorungenweg.de\/wp-content\/uploads\/2023\/11\/edcc5706-072a-47a6-bfaa-9d183f6bc2e6-225x300.jpg\" alt=\"\" width=\"225\" height=\"300\" srcset=\"https:\/\/schuleammorungenweg.de\/wp-content\/uploads\/2023\/11\/edcc5706-072a-47a6-bfaa-9d183f6bc2e6-225x300.jpg 225w, https:\/\/schuleammorungenweg.de\/wp-content\/uploads\/2023\/11\/edcc5706-072a-47a6-bfaa-9d183f6bc2e6-768x1024.jpg 768w, https:\/\/schuleammorungenweg.de\/wp-content\/uploads\/2023\/11\/edcc5706-072a-47a6-bfaa-9d183f6bc2e6-1152x1536.jpg 1152w, https:\/\/schuleammorungenweg.de\/wp-content\/uploads\/2023\/11\/edcc5706-072a-47a6-bfaa-9d183f6bc2e6.jpg 1512w\" sizes=\"(max-width: 225px) 100vw, 225px\" \/><\/p>\n<p><img loading=\"lazy\" class=\"alignnone size-medium wp-image-1736\" src=\"https:\/\/schuleammorungenweg.de\/wp-content\/uploads\/2023\/11\/ea7cd784-0612-45d8-b1ef-8011ffc1d828-300x225.jpg\" alt=\"\" width=\"300\" height=\"225\" srcset=\"https:\/\/schuleammorungenweg.de\/wp-content\/uploads\/2023\/11\/ea7cd784-0612-45d8-b1ef-8011ffc1d828-300x225.jpg 300w, https:\/\/schuleammorungenweg.de\/wp-content\/uploads\/2023\/11\/ea7cd784-0612-45d8-b1ef-8011ffc1d828-768x576.jpg 768w, https:\/\/schuleammorungenweg.de\/wp-content\/uploads\/2023\/11\/ea7cd784-0612-45d8-b1ef-8011ffc1d828.jpg 1024w\" sizes=\"(max-width: 300px) 100vw, 300px\" \/>\u00a0 <img loading=\"lazy\" class=\"alignnone size-medium wp-image-1738\" src=\"https:\/\/schuleammorungenweg.de\/wp-content\/uploads\/2023\/11\/f4e4c2a0-e704-46b8-9a08-bc875d75274d-300x225.jpg\" alt=\"\" width=\"300\" height=\"225\" srcset=\"https:\/\/schuleammorungenweg.de\/wp-content\/uploads\/2023\/11\/f4e4c2a0-e704-46b8-9a08-bc875d75274d-300x225.jpg 300w, https:\/\/schuleammorungenweg.de\/wp-content\/uploads\/2023\/11\/f4e4c2a0-e704-46b8-9a08-bc875d75274d-1024x768.jpg 1024w, https:\/\/schuleammorungenweg.de\/wp-content\/uploads\/2023\/11\/f4e4c2a0-e704-46b8-9a08-bc875d75274d-768x576.jpg 768w, https:\/\/schuleammorungenweg.de\/wp-content\/uploads\/2023\/11\/f4e4c2a0-e704-46b8-9a08-bc875d75274d-1536x1152.jpg 1536w, https:\/\/schuleammorungenweg.de\/wp-content\/uploads\/2023\/11\/f4e4c2a0-e704-46b8-9a08-bc875d75274d.jpg 1600w\" sizes=\"(max-width: 300px) 100vw, 300px\" \/><\/p>\n<p><img loading=\"lazy\" class=\"alignnone size-medium wp-image-1739\" src=\"https:\/\/schuleammorungenweg.de\/wp-content\/uploads\/2023\/11\/fdd049e8-5e9a-45ef-8730-ff44a4f380b2-225x300.jpg\" alt=\"\" width=\"225\" height=\"300\" srcset=\"https:\/\/schuleammorungenweg.de\/wp-content\/uploads\/2023\/11\/fdd049e8-5e9a-45ef-8730-ff44a4f380b2-225x300.jpg 225w, https:\/\/schuleammorungenweg.de\/wp-content\/uploads\/2023\/11\/fdd049e8-5e9a-45ef-8730-ff44a4f380b2-768x1024.jpg 768w, https:\/\/schuleammorungenweg.de\/wp-content\/uploads\/2023\/11\/fdd049e8-5e9a-45ef-8730-ff44a4f380b2-1152x1536.jpg 1152w, https:\/\/schuleammorungenweg.de\/wp-content\/uploads\/2023\/11\/fdd049e8-5e9a-45ef-8730-ff44a4f380b2.jpg 1512w\" sizes=\"(max-width: 225px) 100vw, 225px\" \/> <img loading=\"lazy\" class=\"alignnone size-medium wp-image-1740\" src=\"https:\/\/schuleammorungenweg.de\/wp-content\/uploads\/2023\/11\/1c83aba8-8c98-449a-8c48-5cd1a8ca9830-1-225x300.jpg\" alt=\"\" width=\"225\" height=\"300\" srcset=\"https:\/\/schuleammorungenweg.de\/wp-content\/uploads\/2023\/11\/1c83aba8-8c98-449a-8c48-5cd1a8ca9830-1-225x300.jpg 225w, https:\/\/schuleammorungenweg.de\/wp-content\/uploads\/2023\/11\/1c83aba8-8c98-449a-8c48-5cd1a8ca9830-1-768x1024.jpg 768w, https:\/\/schuleammorungenweg.de\/wp-content\/uploads\/2023\/11\/1c83aba8-8c98-449a-8c48-5cd1a8ca9830-1-1152x1536.jpg 1152w, https:\/\/schuleammorungenweg.de\/wp-content\/uploads\/2023\/11\/1c83aba8-8c98-449a-8c48-5cd1a8ca9830-1.jpg 1512w\" sizes=\"(max-width: 225px) 100vw, 225px\" \/> <img loading=\"lazy\" class=\"alignnone size-medium wp-image-1741\" src=\"https:\/\/schuleammorungenweg.de\/wp-content\/uploads\/2023\/11\/2caec9ec-d345-4159-b67f-3b575f9a5143-225x300.jpg\" alt=\"\" width=\"225\" height=\"300\" srcset=\"https:\/\/schuleammorungenweg.de\/wp-content\/uploads\/2023\/11\/2caec9ec-d345-4159-b67f-3b575f9a5143-225x300.jpg 225w, https:\/\/schuleammorungenweg.de\/wp-content\/uploads\/2023\/11\/2caec9ec-d345-4159-b67f-3b575f9a5143-768x1024.jpg 768w, https:\/\/schuleammorungenweg.de\/wp-content\/uploads\/2023\/11\/2caec9ec-d345-4159-b67f-3b575f9a5143-1152x1536.jpg 1152w, https:\/\/schuleammorungenweg.de\/wp-content\/uploads\/2023\/11\/2caec9ec-d345-4159-b67f-3b575f9a5143.jpg 1512w\" sizes=\"(max-width: 225px) 100vw, 225px\" \/><\/p>\n<p><img loading=\"lazy\" class=\"alignnone size-medium wp-image-1719\" src=\"https:\/\/schuleammorungenweg.de\/wp-content\/uploads\/2023\/11\/53ef6618-fdc8-4411-9f13-07cd25e7ffad-225x300.jpg\" alt=\"\" width=\"225\" height=\"300\" srcset=\"https:\/\/schuleammorungenweg.de\/wp-content\/uploads\/2023\/11\/53ef6618-fdc8-4411-9f13-07cd25e7ffad-225x300.jpg 225w, https:\/\/schuleammorungenweg.de\/wp-content\/uploads\/2023\/11\/53ef6618-fdc8-4411-9f13-07cd25e7ffad-768x1024.jpg 768w, https:\/\/schuleammorungenweg.de\/wp-content\/uploads\/2023\/11\/53ef6618-fdc8-4411-9f13-07cd25e7ffad-1152x1536.jpg 1152w, https:\/\/schuleammorungenweg.de\/wp-content\/uploads\/2023\/11\/53ef6618-fdc8-4411-9f13-07cd25e7ffad.jpg 1512w\" sizes=\"(max-width: 225px) 100vw, 225px\" \/> <img loading=\"lazy\" class=\"alignnone size-medium wp-image-1720\" src=\"https:\/\/schuleammorungenweg.de\/wp-content\/uploads\/2023\/11\/229b5dc1-bc33-4a34-9b14-24a6e801a2cd-225x300.jpg\" alt=\"\" width=\"225\" height=\"300\" srcset=\"https:\/\/schuleammorungenweg.de\/wp-content\/uploads\/2023\/11\/229b5dc1-bc33-4a34-9b14-24a6e801a2cd-225x300.jpg 225w, https:\/\/schuleammorungenweg.de\/wp-content\/uploads\/2023\/11\/229b5dc1-bc33-4a34-9b14-24a6e801a2cd-768x1024.jpg 768w, https:\/\/schuleammorungenweg.de\/wp-content\/uploads\/2023\/11\/229b5dc1-bc33-4a34-9b14-24a6e801a2cd-1152x1536.jpg 1152w, https:\/\/schuleammorungenweg.de\/wp-content\/uploads\/2023\/11\/229b5dc1-bc33-4a34-9b14-24a6e801a2cd.jpg 1512w\" sizes=\"(max-width: 225px) 100vw, 225px\" \/> <img loading=\"lazy\" class=\"alignnone size-medium wp-image-1721\" src=\"https:\/\/schuleammorungenweg.de\/wp-content\/uploads\/2023\/11\/828caf30-eece-472f-9f9e-37cb6b64bd92-225x300.jpg\" alt=\"\" width=\"225\" height=\"300\" srcset=\"https:\/\/schuleammorungenweg.de\/wp-content\/uploads\/2023\/11\/828caf30-eece-472f-9f9e-37cb6b64bd92-225x300.jpg 225w, https:\/\/schuleammorungenweg.de\/wp-content\/uploads\/2023\/11\/828caf30-eece-472f-9f9e-37cb6b64bd92-768x1024.jpg 768w, https:\/\/schuleammorungenweg.de\/wp-content\/uploads\/2023\/11\/828caf30-eece-472f-9f9e-37cb6b64bd92-1152x1536.jpg 1152w, https:\/\/schuleammorungenweg.de\/wp-content\/uploads\/2023\/11\/828caf30-eece-472f-9f9e-37cb6b64bd92.jpg 1512w\" sizes=\"(max-width: 225px) 100vw, 225px\" \/><\/p>\n","protected":false},"excerpt":{"rendered":"<p>Lichterfest 2023 Am Montag den 13.11.2023 fand in unserer Schule das Lichterfest statt. Die Kinder der vierten Klassen hatten als &hellip; <\/p>\n","protected":false},"author":1,"featured_media":0,"parent":0,"menu_order":0,"comment_status":"closed","ping_status":"closed","template":"","meta":{"_mc_calendar":[]},"aioseo_notices":[],"_links":{"self":[{"href":"https:\/\/schuleammorungenweg.de\/index.php?rest_route=\/wp\/v2\/pages\/1677"}],"collection":[{"href":"https:\/\/schuleammorungenweg.de\/index.php?rest_route=\/wp\/v2\/pages"}],"about":[{"href":"https:\/\/schuleammorungenweg.de\/index.php?rest_route=\/wp\/v2\/types\/page"}],"author":[{"embeddable":true,"href":"https:\/\/schuleammorungenweg.de\/index.php?rest_route=\/wp\/v2\/users\/1"}],"replies":[{"embeddable":true,"href":"https:\/\/schuleammorungenweg.de\/index.php?rest_route=%2Fwp%2Fv2%2Fcomments&post=1677"}],"version-history":[{"count":8,"href":"https:\/\/schuleammorungenweg.de\/index.php?rest_route=\/wp\/v2\/pages\/1677\/revisions"}],"predecessor-version":[{"id":1712,"href":"https:\/\/schuleammorungenweg.de\/index.php?rest_route=\/wp\/v2\/pages\/1677\/revisions\/1712"}],"wp:attachment":[{"href":"https:\/\/schuleammorungenweg.de\/index.php?rest_route=%2Fwp%2Fv2%2Fmedia&parent=1677"}],"curies":[{"name":"wp","href":"https:\/\/api.w.org\/{rel}","templated":true}]}}