{"id":1573,"date":"2023-01-10T11:49:17","date_gmt":"2023-01-10T11:49:17","guid":{"rendered":"https:\/\/schuleammorungenweg.de\/?page_id=1573"},"modified":"2024-08-09T09:23:23","modified_gmt":"2024-08-09T09:23:23","slug":"adventsbasteln-2022","status":"publish","type":"page","link":"https:\/\/schuleammorungenweg.de\/?page_id=1573","title":{"rendered":"Adventsbasteln 2023"},"content":{"rendered":"<p style=\"text-align: justify;\">Bei unserem diesj\u00e4hriges Adventsbasteln haben die Kinder mit der Unterst\u00fctzung vieler Eltern in den einzelnen Klassen an einem breiten Bastelangebot teilgenommen. Dabei wurde in den einzelnen Jahrg\u00e4ngen von den Klassenlehrerinnen ein kreatives Angebot f\u00fcr den ganzen Jahrgang bereitgestellt, sodass\u00a0 mindestens vier verschiedene Kunstideen zur Verf\u00fcgung standen. In vielen Klassen wurde in der ersten und zweiten Stunde bei vorweihnachtlicher Musik gefr\u00fchst\u00fcckt oder Waffeln gebacken und in der dritten und vierten Stunde gebastelt. Den Kindern und Lehrkr\u00e4ften hat der Tag viel Freude bereitet und sie in eine vorweihnachtliche Stimmung versetzt.<\/p>\n<p style=\"text-align: justify;\"><img loading=\"lazy\" class=\"alignnone size-medium wp-image-1901\" src=\"https:\/\/schuleammorungenweg.de\/wp-content\/uploads\/2024\/08\/68db8033-d3f1-4a83-9e08-ca76afc83ff7-225x300.jpg\" alt=\"\" width=\"225\" height=\"300\" srcset=\"https:\/\/schuleammorungenweg.de\/wp-content\/uploads\/2024\/08\/68db8033-d3f1-4a83-9e08-ca76afc83ff7-225x300.jpg 225w, https:\/\/schuleammorungenweg.de\/wp-content\/uploads\/2024\/08\/68db8033-d3f1-4a83-9e08-ca76afc83ff7-768x1024.jpg 768w, https:\/\/schuleammorungenweg.de\/wp-content\/uploads\/2024\/08\/68db8033-d3f1-4a83-9e08-ca76afc83ff7-1152x1536.jpg 1152w, https:\/\/schuleammorungenweg.de\/wp-content\/uploads\/2024\/08\/68db8033-d3f1-4a83-9e08-ca76afc83ff7.jpg 1512w\" sizes=\"(max-width: 225px) 100vw, 225px\" \/><img loading=\"lazy\" class=\"alignnone size-medium wp-image-1902\" src=\"https:\/\/schuleammorungenweg.de\/wp-content\/uploads\/2024\/08\/14f68e90-8d11-41f7-9891-ba0c60067885-225x300.jpg\" alt=\"\" width=\"225\" height=\"300\" srcset=\"https:\/\/schuleammorungenweg.de\/wp-content\/uploads\/2024\/08\/14f68e90-8d11-41f7-9891-ba0c60067885-225x300.jpg 225w, https:\/\/schuleammorungenweg.de\/wp-content\/uploads\/2024\/08\/14f68e90-8d11-41f7-9891-ba0c60067885-768x1024.jpg 768w, https:\/\/schuleammorungenweg.de\/wp-content\/uploads\/2024\/08\/14f68e90-8d11-41f7-9891-ba0c60067885-1152x1536.jpg 1152w, https:\/\/schuleammorungenweg.de\/wp-content\/uploads\/2024\/08\/14f68e90-8d11-41f7-9891-ba0c60067885.jpg 1512w\" sizes=\"(max-width: 225px) 100vw, 225px\" \/><img loading=\"lazy\" class=\"alignnone size-medium wp-image-1903\" src=\"https:\/\/schuleammorungenweg.de\/wp-content\/uploads\/2024\/08\/d191e7d6-01e8-46ec-87d5-711af5bd66c3-225x300.jpg\" alt=\"\" width=\"225\" height=\"300\" srcset=\"https:\/\/schuleammorungenweg.de\/wp-content\/uploads\/2024\/08\/d191e7d6-01e8-46ec-87d5-711af5bd66c3-225x300.jpg 225w, https:\/\/schuleammorungenweg.de\/wp-content\/uploads\/2024\/08\/d191e7d6-01e8-46ec-87d5-711af5bd66c3-768x1024.jpg 768w, https:\/\/schuleammorungenweg.de\/wp-content\/uploads\/2024\/08\/d191e7d6-01e8-46ec-87d5-711af5bd66c3-1152x1536.jpg 1152w, https:\/\/schuleammorungenweg.de\/wp-content\/uploads\/2024\/08\/d191e7d6-01e8-46ec-87d5-711af5bd66c3.jpg 1512w\" sizes=\"(max-width: 225px) 100vw, 225px\" \/><img loading=\"lazy\" class=\"alignnone size-medium wp-image-1904\" src=\"https:\/\/schuleammorungenweg.de\/wp-content\/uploads\/2024\/08\/363cdb36-20ae-46d7-91c4-194b965cf509-225x300.jpg\" alt=\"\" width=\"225\" height=\"300\" srcset=\"https:\/\/schuleammorungenweg.de\/wp-content\/uploads\/2024\/08\/363cdb36-20ae-46d7-91c4-194b965cf509-225x300.jpg 225w, https:\/\/schuleammorungenweg.de\/wp-content\/uploads\/2024\/08\/363cdb36-20ae-46d7-91c4-194b965cf509-768x1024.jpg 768w, https:\/\/schuleammorungenweg.de\/wp-content\/uploads\/2024\/08\/363cdb36-20ae-46d7-91c4-194b965cf509-1152x1536.jpg 1152w, https:\/\/schuleammorungenweg.de\/wp-content\/uploads\/2024\/08\/363cdb36-20ae-46d7-91c4-194b965cf509.jpg 1512w\" sizes=\"(max-width: 225px) 100vw, 225px\" \/><img loading=\"lazy\" class=\"alignnone size-medium wp-image-1905\" src=\"https:\/\/schuleammorungenweg.de\/wp-content\/uploads\/2024\/08\/c0dd09b2-7b87-4c6b-84e7-3f77fb8cd59e-225x300.jpg\" alt=\"\" width=\"225\" height=\"300\" srcset=\"https:\/\/schuleammorungenweg.de\/wp-content\/uploads\/2024\/08\/c0dd09b2-7b87-4c6b-84e7-3f77fb8cd59e-225x300.jpg 225w, https:\/\/schuleammorungenweg.de\/wp-content\/uploads\/2024\/08\/c0dd09b2-7b87-4c6b-84e7-3f77fb8cd59e-768x1024.jpg 768w, https:\/\/schuleammorungenweg.de\/wp-content\/uploads\/2024\/08\/c0dd09b2-7b87-4c6b-84e7-3f77fb8cd59e-1152x1536.jpg 1152w, https:\/\/schuleammorungenweg.de\/wp-content\/uploads\/2024\/08\/c0dd09b2-7b87-4c6b-84e7-3f77fb8cd59e.jpg 1512w\" sizes=\"(max-width: 225px) 100vw, 225px\" \/><img loading=\"lazy\" class=\"alignnone size-medium wp-image-1906\" src=\"https:\/\/schuleammorungenweg.de\/wp-content\/uploads\/2024\/08\/b84c03a7-0698-4a52-ac3a-437a8c59e7b6-225x300.jpg\" alt=\"\" width=\"225\" height=\"300\" srcset=\"https:\/\/schuleammorungenweg.de\/wp-content\/uploads\/2024\/08\/b84c03a7-0698-4a52-ac3a-437a8c59e7b6-225x300.jpg 225w, https:\/\/schuleammorungenweg.de\/wp-content\/uploads\/2024\/08\/b84c03a7-0698-4a52-ac3a-437a8c59e7b6-768x1024.jpg 768w, https:\/\/schuleammorungenweg.de\/wp-content\/uploads\/2024\/08\/b84c03a7-0698-4a52-ac3a-437a8c59e7b6-1152x1536.jpg 1152w, https:\/\/schuleammorungenweg.de\/wp-content\/uploads\/2024\/08\/b84c03a7-0698-4a52-ac3a-437a8c59e7b6.jpg 1512w\" sizes=\"(max-width: 225px) 100vw, 225px\" \/> <img loading=\"lazy\" class=\"alignnone size-medium wp-image-1907\" src=\"https:\/\/schuleammorungenweg.de\/wp-content\/uploads\/2024\/08\/7dc9034f-6020-4da2-bec0-ce7223f73320-225x300.jpg\" alt=\"\" width=\"225\" height=\"300\" srcset=\"https:\/\/schuleammorungenweg.de\/wp-content\/uploads\/2024\/08\/7dc9034f-6020-4da2-bec0-ce7223f73320-225x300.jpg 225w, https:\/\/schuleammorungenweg.de\/wp-content\/uploads\/2024\/08\/7dc9034f-6020-4da2-bec0-ce7223f73320-768x1024.jpg 768w, https:\/\/schuleammorungenweg.de\/wp-content\/uploads\/2024\/08\/7dc9034f-6020-4da2-bec0-ce7223f73320-1152x1536.jpg 1152w, https:\/\/schuleammorungenweg.de\/wp-content\/uploads\/2024\/08\/7dc9034f-6020-4da2-bec0-ce7223f73320.jpg 1512w\" sizes=\"(max-width: 225px) 100vw, 225px\" \/><img loading=\"lazy\" class=\"alignnone size-medium wp-image-1908\" src=\"https:\/\/schuleammorungenweg.de\/wp-content\/uploads\/2024\/08\/d0903352-a8f6-48e7-9fec-991fb3c334fe-225x300.jpg\" alt=\"\" width=\"225\" height=\"300\" srcset=\"https:\/\/schuleammorungenweg.de\/wp-content\/uploads\/2024\/08\/d0903352-a8f6-48e7-9fec-991fb3c334fe-225x300.jpg 225w, https:\/\/schuleammorungenweg.de\/wp-content\/uploads\/2024\/08\/d0903352-a8f6-48e7-9fec-991fb3c334fe-768x1024.jpg 768w, https:\/\/schuleammorungenweg.de\/wp-content\/uploads\/2024\/08\/d0903352-a8f6-48e7-9fec-991fb3c334fe-1152x1536.jpg 1152w, https:\/\/schuleammorungenweg.de\/wp-content\/uploads\/2024\/08\/d0903352-a8f6-48e7-9fec-991fb3c334fe.jpg 1512w\" sizes=\"(max-width: 225px) 100vw, 225px\" \/><img loading=\"lazy\" class=\"alignnone size-medium wp-image-1909\" src=\"https:\/\/schuleammorungenweg.de\/wp-content\/uploads\/2024\/08\/fb288b0b-4668-4761-bc94-d05942ced2cd-225x300.jpg\" alt=\"\" width=\"225\" height=\"300\" srcset=\"https:\/\/schuleammorungenweg.de\/wp-content\/uploads\/2024\/08\/fb288b0b-4668-4761-bc94-d05942ced2cd-225x300.jpg 225w, https:\/\/schuleammorungenweg.de\/wp-content\/uploads\/2024\/08\/fb288b0b-4668-4761-bc94-d05942ced2cd-768x1024.jpg 768w, https:\/\/schuleammorungenweg.de\/wp-content\/uploads\/2024\/08\/fb288b0b-4668-4761-bc94-d05942ced2cd-1152x1536.jpg 1152w, https:\/\/schuleammorungenweg.de\/wp-content\/uploads\/2024\/08\/fb288b0b-4668-4761-bc94-d05942ced2cd.jpg 1512w\" sizes=\"(max-width: 225px) 100vw, 225px\" \/> <img loading=\"lazy\" class=\"alignnone size-medium wp-image-1910\" src=\"https:\/\/schuleammorungenweg.de\/wp-content\/uploads\/2024\/08\/66398de4-4051-4ded-a70d-805c99f78aed-225x300.jpg\" alt=\"\" width=\"225\" height=\"300\" srcset=\"https:\/\/schuleammorungenweg.de\/wp-content\/uploads\/2024\/08\/66398de4-4051-4ded-a70d-805c99f78aed-225x300.jpg 225w, https:\/\/schuleammorungenweg.de\/wp-content\/uploads\/2024\/08\/66398de4-4051-4ded-a70d-805c99f78aed-768x1024.jpg 768w, https:\/\/schuleammorungenweg.de\/wp-content\/uploads\/2024\/08\/66398de4-4051-4ded-a70d-805c99f78aed-1152x1536.jpg 1152w, https:\/\/schuleammorungenweg.de\/wp-content\/uploads\/2024\/08\/66398de4-4051-4ded-a70d-805c99f78aed.jpg 1512w\" sizes=\"(max-width: 225px) 100vw, 225px\" \/><img loading=\"lazy\" class=\"alignnone size-medium wp-image-1911\" src=\"https:\/\/schuleammorungenweg.de\/wp-content\/uploads\/2024\/08\/8881a50f-cd32-4d4f-ad80-8404915302cf-225x300.jpg\" alt=\"\" width=\"225\" height=\"300\" srcset=\"https:\/\/schuleammorungenweg.de\/wp-content\/uploads\/2024\/08\/8881a50f-cd32-4d4f-ad80-8404915302cf-225x300.jpg 225w, https:\/\/schuleammorungenweg.de\/wp-content\/uploads\/2024\/08\/8881a50f-cd32-4d4f-ad80-8404915302cf-768x1024.jpg 768w, https:\/\/schuleammorungenweg.de\/wp-content\/uploads\/2024\/08\/8881a50f-cd32-4d4f-ad80-8404915302cf-1152x1536.jpg 1152w, https:\/\/schuleammorungenweg.de\/wp-content\/uploads\/2024\/08\/8881a50f-cd32-4d4f-ad80-8404915302cf.jpg 1512w\" sizes=\"(max-width: 225px) 100vw, 225px\" \/><img loading=\"lazy\" class=\"alignnone size-medium wp-image-1912\" src=\"https:\/\/schuleammorungenweg.de\/wp-content\/uploads\/2024\/08\/94d2b4a8-5467-426a-9ad7-20ad7f30b338-225x300.jpg\" alt=\"\" width=\"225\" height=\"300\" srcset=\"https:\/\/schuleammorungenweg.de\/wp-content\/uploads\/2024\/08\/94d2b4a8-5467-426a-9ad7-20ad7f30b338-225x300.jpg 225w, https:\/\/schuleammorungenweg.de\/wp-content\/uploads\/2024\/08\/94d2b4a8-5467-426a-9ad7-20ad7f30b338-768x1024.jpg 768w, https:\/\/schuleammorungenweg.de\/wp-content\/uploads\/2024\/08\/94d2b4a8-5467-426a-9ad7-20ad7f30b338-1152x1536.jpg 1152w, https:\/\/schuleammorungenweg.de\/wp-content\/uploads\/2024\/08\/94d2b4a8-5467-426a-9ad7-20ad7f30b338.jpg 1512w\" sizes=\"(max-width: 225px) 100vw, 225px\" \/> <img loading=\"lazy\" class=\"alignnone size-medium wp-image-1913\" src=\"https:\/\/schuleammorungenweg.de\/wp-content\/uploads\/2024\/08\/IMG_97571-225x300.jpg\" alt=\"\" width=\"225\" height=\"300\" srcset=\"https:\/\/schuleammorungenweg.de\/wp-content\/uploads\/2024\/08\/IMG_97571-225x300.jpg 225w, https:\/\/schuleammorungenweg.de\/wp-content\/uploads\/2024\/08\/IMG_97571-768x1024.jpg 768w, https:\/\/schuleammorungenweg.de\/wp-content\/uploads\/2024\/08\/IMG_97571-1152x1536.jpg 1152w, https:\/\/schuleammorungenweg.de\/wp-content\/uploads\/2024\/08\/IMG_97571-1536x2048.jpg 1536w, https:\/\/schuleammorungenweg.de\/wp-content\/uploads\/2024\/08\/IMG_97571-scaled.jpg 1920w\" sizes=\"(max-width: 225px) 100vw, 225px\" \/><img loading=\"lazy\" class=\"alignnone size-medium wp-image-1914\" src=\"https:\/\/schuleammorungenweg.de\/wp-content\/uploads\/2024\/08\/IMG_97581-225x300.jpg\" alt=\"\" width=\"225\" height=\"300\" srcset=\"https:\/\/schuleammorungenweg.de\/wp-content\/uploads\/2024\/08\/IMG_97581-225x300.jpg 225w, https:\/\/schuleammorungenweg.de\/wp-content\/uploads\/2024\/08\/IMG_97581-768x1024.jpg 768w, https:\/\/schuleammorungenweg.de\/wp-content\/uploads\/2024\/08\/IMG_97581-1152x1536.jpg 1152w, https:\/\/schuleammorungenweg.de\/wp-content\/uploads\/2024\/08\/IMG_97581-1536x2048.jpg 1536w, https:\/\/schuleammorungenweg.de\/wp-content\/uploads\/2024\/08\/IMG_97581-scaled.jpg 1920w\" sizes=\"(max-width: 225px) 100vw, 225px\" \/><img loading=\"lazy\" class=\"alignnone size-medium wp-image-1916\" src=\"https:\/\/schuleammorungenweg.de\/wp-content\/uploads\/2024\/08\/db15d084-07ea-4dfd-83a8-ab30a9b5a6ce1-225x300.jpg\" alt=\"\" width=\"225\" height=\"300\" srcset=\"https:\/\/schuleammorungenweg.de\/wp-content\/uploads\/2024\/08\/db15d084-07ea-4dfd-83a8-ab30a9b5a6ce1-225x300.jpg 225w, https:\/\/schuleammorungenweg.de\/wp-content\/uploads\/2024\/08\/db15d084-07ea-4dfd-83a8-ab30a9b5a6ce1-767x1024.jpg 767w, https:\/\/schuleammorungenweg.de\/wp-content\/uploads\/2024\/08\/db15d084-07ea-4dfd-83a8-ab30a9b5a6ce1-768x1025.jpg 768w, https:\/\/schuleammorungenweg.de\/wp-content\/uploads\/2024\/08\/db15d084-07ea-4dfd-83a8-ab30a9b5a6ce1.jpg 810w\" sizes=\"(max-width: 225px) 100vw, 225px\" \/><\/p>\n<p>&nbsp;<\/p>\n","protected":false},"excerpt":{"rendered":"<p>Bei unserem diesj\u00e4hriges Adventsbasteln haben die Kinder mit der Unterst\u00fctzung vieler Eltern in den einzelnen Klassen an einem breiten Bastelangebot &hellip; <\/p>\n","protected":false},"author":1,"featured_media":0,"parent":0,"menu_order":0,"comment_status":"closed","ping_status":"closed","template":"","meta":{"_mc_calendar":[]},"aioseo_notices":[],"_links":{"self":[{"href":"https:\/\/schuleammorungenweg.de\/index.php?rest_route=\/wp\/v2\/pages\/1573"}],"collection":[{"href":"https:\/\/schuleammorungenweg.de\/index.php?rest_route=\/wp\/v2\/pages"}],"about":[{"href":"https:\/\/schuleammorungenweg.de\/index.php?rest_route=\/wp\/v2\/types\/page"}],"author":[{"embeddable":true,"href":"https:\/\/schuleammorungenweg.de\/index.php?rest_route=\/wp\/v2\/users\/1"}],"replies":[{"embeddable":true,"href":"https:\/\/schuleammorungenweg.de\/index.php?rest_route=%2Fwp%2Fv2%2Fcomments&post=1573"}],"version-history":[{"count":8,"href":"https:\/\/schuleammorungenweg.de\/index.php?rest_route=\/wp\/v2\/pages\/1573\/revisions"}],"predecessor-version":[{"id":1920,"href":"https:\/\/schuleammorungenweg.de\/index.php?rest_route=\/wp\/v2\/pages\/1573\/revisions\/1920"}],"wp:attachment":[{"href":"https:\/\/schuleammorungenweg.de\/index.php?rest_route=%2Fwp%2Fv2%2Fmedia&parent=1573"}],"curies":[{"name":"wp","href":"https:\/\/api.w.org\/{rel}","templated":true}]}}