{"id":1386,"date":"2022-02-13T09:38:55","date_gmt":"2022-02-13T09:38:55","guid":{"rendered":"http:\/\/schuleammorungenweg.de\/?page_id=1386"},"modified":"2026-01-09T13:04:53","modified_gmt":"2026-01-09T13:04:53","slug":"brotzeit","status":"publish","type":"page","link":"https:\/\/schuleammorungenweg.de\/?page_id=1386","title":{"rendered":"brotZeit"},"content":{"rendered":"<p style=\"text-align: justify;\">Seit nun zwei Jahren findet das Projekt <strong>brotZeit<\/strong> an der Schule am Morungenweg statt. Die R\u00fcckmeldungen von Seiten der Sch\u00fclerinnen und Sch\u00fcler sowie von Seiten der Lehrer sind durchweg positiv.\u00a0 Aber was versteckt sich eigentlich hinter dem Projekt?<\/p>\n<p style=\"text-align: justify;\">Uschi Glas rief brotZeit im Jahr 2009 ins Leben. Der Leitgedanke des Projekts lautet, dass jeder Sch\u00fcler und jede Sch\u00fclerin das Anrecht auf ein gemeinsames Fr\u00fchst\u00fcck am Morgen haben, um gest\u00e4rkt in den Tag zu starten. Studien zeigen, dass viele Kinder hungrig in die Schule kommen. Durch das gemeinsame Fr\u00fchst\u00fcck soll das Lernen f\u00fcr die Kinder durch eine erh\u00f6hte Konzentrationsf\u00e4higkeit erleichtert werden. \u00a0Zudem f\u00f6rdert das Projekt das soziale Miteinander und dient als guter Baustein f\u00fcr Inklusion.<\/p>\n<p style=\"text-align: justify;\">In den ersten Wochen fr\u00fchst\u00fccken die Kinder klassenweise, um das Projekt kennenzulernen. Danach gibt es f\u00fcr die Lernenden die M\u00f6glichkeit, <strong>jeden Morgen ab 7.15 Uhr<\/strong> vor der Schule im gro\u00dfen Essensraum zu fr\u00fchst\u00fccken. Ehrenamtliche Mitarbeiterinnen bereiten das Fr\u00fchst\u00fcck vor und verteilen es \u00fcber ein Buffet an die Kinder.<\/p>\n<p style=\"text-align: justify;\">Die Sch\u00fclerinnen und Sch\u00fcler\u00a0 sind begeistert von dem reichhaltigen Fr\u00fchst\u00fcck und der Herzlichkeit der Ehrenamtler*innen. An dieser Stelle m\u00f6chte das Kollegium einen gro\u00dfen Dank an alle involvierten Personen aussprechen. Wir sind sehr frof, Teil dieses gro\u00dfartigen Projekts zu sein.<\/p>\n<p><img loading=\"lazy\" class=\"alignnone size-medium wp-image-1388\" src=\"https:\/\/schuleammorungenweg.de\/wp-content\/uploads\/2022\/02\/20220127_084121-300x225.jpg\" alt=\"\" width=\"300\" height=\"225\" srcset=\"https:\/\/schuleammorungenweg.de\/wp-content\/uploads\/2022\/02\/20220127_084121-300x225.jpg 300w, https:\/\/schuleammorungenweg.de\/wp-content\/uploads\/2022\/02\/20220127_084121-1024x768.jpg 1024w, https:\/\/schuleammorungenweg.de\/wp-content\/uploads\/2022\/02\/20220127_084121-768x576.jpg 768w, https:\/\/schuleammorungenweg.de\/wp-content\/uploads\/2022\/02\/20220127_084121-1536x1152.jpg 1536w, https:\/\/schuleammorungenweg.de\/wp-content\/uploads\/2022\/02\/20220127_084121-2048x1536.jpg 2048w\" sizes=\"(max-width: 300px) 100vw, 300px\" \/> <img loading=\"lazy\" class=\"alignnone size-medium wp-image-1389\" src=\"https:\/\/schuleammorungenweg.de\/wp-content\/uploads\/2022\/02\/20220127_083412-300x225.jpg\" alt=\"\" width=\"300\" height=\"225\" srcset=\"https:\/\/schuleammorungenweg.de\/wp-content\/uploads\/2022\/02\/20220127_083412-300x225.jpg 300w, https:\/\/schuleammorungenweg.de\/wp-content\/uploads\/2022\/02\/20220127_083412-1024x768.jpg 1024w, https:\/\/schuleammorungenweg.de\/wp-content\/uploads\/2022\/02\/20220127_083412-768x576.jpg 768w, https:\/\/schuleammorungenweg.de\/wp-content\/uploads\/2022\/02\/20220127_083412-1536x1152.jpg 1536w, https:\/\/schuleammorungenweg.de\/wp-content\/uploads\/2022\/02\/20220127_083412-2048x1536.jpg 2048w\" sizes=\"(max-width: 300px) 100vw, 300px\" \/> <img loading=\"lazy\" class=\"size-medium wp-image-1390 alignnone\" src=\"https:\/\/schuleammorungenweg.de\/wp-content\/uploads\/2022\/02\/20220127_083359-300x225.jpg\" alt=\"\" width=\"300\" height=\"225\" srcset=\"https:\/\/schuleammorungenweg.de\/wp-content\/uploads\/2022\/02\/20220127_083359-300x225.jpg 300w, https:\/\/schuleammorungenweg.de\/wp-content\/uploads\/2022\/02\/20220127_083359-1024x768.jpg 1024w, https:\/\/schuleammorungenweg.de\/wp-content\/uploads\/2022\/02\/20220127_083359-768x576.jpg 768w, https:\/\/schuleammorungenweg.de\/wp-content\/uploads\/2022\/02\/20220127_083359-1536x1152.jpg 1536w, https:\/\/schuleammorungenweg.de\/wp-content\/uploads\/2022\/02\/20220127_083359-2048x1536.jpg 2048w\" sizes=\"(max-width: 300px) 100vw, 300px\" \/><\/p>\n","protected":false},"excerpt":{"rendered":"<p>Seit nun zwei Jahren findet das Projekt brotZeit an der Schule am Morungenweg statt. Die R\u00fcckmeldungen von Seiten der Sch\u00fclerinnen &hellip; <\/p>\n","protected":false},"author":1,"featured_media":0,"parent":52,"menu_order":0,"comment_status":"closed","ping_status":"closed","template":"","meta":{"_mc_calendar":[]},"aioseo_notices":[],"_links":{"self":[{"href":"https:\/\/schuleammorungenweg.de\/index.php?rest_route=\/wp\/v2\/pages\/1386"}],"collection":[{"href":"https:\/\/schuleammorungenweg.de\/index.php?rest_route=\/wp\/v2\/pages"}],"about":[{"href":"https:\/\/schuleammorungenweg.de\/index.php?rest_route=\/wp\/v2\/types\/page"}],"author":[{"embeddable":true,"href":"https:\/\/schuleammorungenweg.de\/index.php?rest_route=\/wp\/v2\/users\/1"}],"replies":[{"embeddable":true,"href":"https:\/\/schuleammorungenweg.de\/index.php?rest_route=%2Fwp%2Fv2%2Fcomments&post=1386"}],"version-history":[{"count":10,"href":"https:\/\/schuleammorungenweg.de\/index.php?rest_route=\/wp\/v2\/pages\/1386\/revisions"}],"predecessor-version":[{"id":2192,"href":"https:\/\/schuleammorungenweg.de\/index.php?rest_route=\/wp\/v2\/pages\/1386\/revisions\/2192"}],"up":[{"embeddable":true,"href":"https:\/\/schuleammorungenweg.de\/index.php?rest_route=\/wp\/v2\/pages\/52"}],"wp:attachment":[{"href":"https:\/\/schuleammorungenweg.de\/index.php?rest_route=%2Fwp%2Fv2%2Fmedia&parent=1386"}],"curies":[{"name":"wp","href":"https:\/\/api.w.org\/{rel}","templated":true}]}}